{"id":15234,"date":"2023-12-11T18:21:30","date_gmt":"2023-12-11T17:21:30","guid":{"rendered":"https:\/\/petiteprovence.cz\/?post_type=product&#038;p=15234"},"modified":"2023-12-11T18:23:24","modified_gmt":"2023-12-11T17:23:24","slug":"elektronicky-darkovy-poukaz-petiteprovence-cz-na-nakup-zbozi-v-hodnote-1000-kc","status":"publish","type":"product","link":"https:\/\/petiteprovence.cz\/en\/produkt\/elektronicky-darkovy-poukaz-petiteprovence-cz-na-nakup-zbozi-v-hodnote-1000-kc\/","title":{"rendered":"Elektronick\u00fd d\u00e1rkov\u00fd poukaz PetiteProvence.cz na n\u00e1kup zbo\u017e\u00ed v hodnot\u011b 1.000 K\u010d"},"content":{"rendered":"<div class=\"wpb-content-wrapper\"><p>[vc_row][vc_column][vc_column_text]Elektronick\u00fd d\u00e1rkov\u00fd poukaz PetiteProvence.cz na n\u00e1kup zbo\u017e\u00ed v hodnot\u011b 1.000 K\u010d.<\/p>\n<p>&nbsp;<\/p>\n<p>Tento d\u00e1rkov\u00fd poukaz m\u016f\u017ee b\u00fdt uplatn\u011bn na cel\u00fd sortiment internetov\u00e9ho obchodu <a href=\"https:\/\/petiteprovence.cz\">https:\/\/petiteprovence.cz<\/a>. Vydavatelem poukazu je Petite Provence s.r.o., I\u010c: 17167051, U n\u00e1kladov\u00e9ho n\u00e1dra\u017e\u00ed 3265\/10, 130 00 &#8211; Praha 3.<\/p>\n<p>&nbsp;<\/p>\n<p>Podm\u00ednky pro pou\u017eit\u00ed d\u00e1rkov\u00e9ho poukazu:<\/p>\n<ol>\n<li>Hodnota uveden\u00e1 na poukazu V\u00e1m bude ode\u010dtena z ceny n\u00e1kupu v internetov\u00e9m obchod\u011b na petiteprovence.cz.<\/li>\n<li>Poukaz nen\u00ed sm\u011bniteln\u00fd za pen\u00edze. Poukaz nelze rozm\u011bnit. Hodnotu poukazu je mo\u017en\u00e9 vy\u010derpat pouze jednor\u00e1zov\u00fdm n\u00e1kupem.<\/li>\n<li>U zbo\u017e\u00ed, na jeho\u017e n\u00e1kup byl uplatn\u011bn d\u00e1rkov\u00fd poukaz, V\u00e1m m\u016f\u017ee b\u00fdt (v p\u0159\u00edpad\u011b odstoupen\u00ed od kupn\u00ed smlouvy nebo v p\u0159\u00edpad\u011b opr\u00e1vn\u011bn\u00e9 reklamace) vr\u00e1cena \u010d\u00e1stka prost\u0159ednictv\u00edm n\u00e1hradn\u00edho d\u00e1rkov\u00e9ho poukazu nebo vytvo\u0159en\u00edm adekv\u00e1tn\u00edho kreditu pro n\u00e1kup jin\u00e9ho zbo\u017e\u00ed.<\/li>\n<li>Poukaz je platn\u00fd 1 rok od n\u00e1kupu, po uplynut\u00ed tohoto data se poukaz st\u00e1v\u00e1 neplatn\u00fdm.<\/li>\n<li>Poukazem lze uhradit pouze n\u00e1kup v internetov\u00e9m obchod\u011b na str\u00e1nk\u00e1ch petiteprovence.cz.<\/li>\n<li>Pro z\u00edsk\u00e1n\u00ed podrobn\u00fdch informac\u00ed, jak postupovat p\u0159i uplatn\u011bn\u00ed poukazu p\u0159i n\u00e1kupu p\u0159es e-shop, nav\u0161tivte na\u0161e internetov\u00e9 str\u00e1nky nebo volejte na infolinku 212\u00a0248 480.<\/li>\n<li>Sta\u017een\u00edm poukazu a zobrazen\u00edm k\u00f3du souhlas\u00edte s podm\u00ednkami pro pou\u017eit\u00ed poukazu.<\/li>\n<li>Po pou\u017eit\u00ed k\u00f3du k \u00fahrad\u011b n\u00e1kupu na petiteprovence.cz se poukaz st\u00e1v\u00e1 neplatn\u00fdm.<\/li>\n<li>N\u00e1kup zbo\u017e\u00ed se \u0159\u00edd\u00ed platn\u00fdmi Obchodn\u00edmi podm\u00ednkami a Reklama\u010dn\u00edm \u0159\u00e1dem spole\u010dnosti Petite Provence s.r.o.<\/li>\n<li>V p\u0159\u00edpad\u011b ztr\u00e1ty nem\u016f\u017ee b\u00fdt poukaz nijak nahrazen.<\/li>\n<li>Kupuj\u00edc\u00ed nen\u00ed opr\u00e1vn\u011bn poukaz d\u00e1le p\u0159eprod\u00e1vat t\u0159et\u00edm osob\u00e1m. V p\u0159\u00edpad\u011b, \u017ee tak i p\u0159es tento z\u00e1kaz u\u010din\u00ed, je pln\u011b odpov\u011bdn\u00fd za p\u0159\u00edpadn\u00e9 \u0161kody, kter\u00e9 t\u0159et\u00edm osob\u00e1m vzniknou.<\/li>\n<\/ol>\n<p>&nbsp;<\/p>\n<div class=\"vc_row wpb_row vc_row-fluid vc_custom_1589639028012 et_custom_uniqid_new_5ebff76de4dca\"><div class=\"wpb_column vc_column_container vc_col-sm-4 et_custom_uniqid_69f2ab3479c73\"><div class=\"vc_column-inner\"><div class=\"wpb_wrapper\">\n\t<div  class=\"wpb_single_image wpb_content_element vc_align_left wpb_content_element vc_custom_1589636212954\">\n\t\t\n\t\t<figure class=\"wpb_wrapper vc_figure\">\n\t\t\t<div class=\"vc_single_image-wrapper   vc_box_border_grey\"><img decoding=\"async\" class=\"vc_single_image-img \" src=\"https:\/\/petiteprovence.cz\/wp-content\/uploads\/handmade-80x80.png\" width=\"80\" height=\"80\" alt=\"handmade\" title=\"handmade\" loading=\"lazy\" \/><\/div>\n\t\t<\/figure>\n\t<\/div>\n\n\t<div class=\"wpb_text_column wpb_content_element vc_custom_1589640028701\" >\n\t\t<div class=\"wpb_wrapper\">\n\t\t\t<p style=\"color: #000000; font-size: 24px;\"><strong>Hand made<\/strong><\/p>\n\n\t\t<\/div>\n\t<\/div>\n\n\t<div class=\"wpb_text_column wpb_content_element\" >\n\t\t<div class=\"wpb_wrapper\">\n\t\t\t<p>All our products are created by hand in the workshop piece by piece, thus gaining a touch of individuality and exclusivity.<\/p>\n\n\t\t<\/div>\n\t<\/div>\n<\/div><\/div><\/div><div class=\"wpb_column vc_column_container vc_col-sm-4 et_custom_uniqid_69f2ab3479c73\"><div class=\"vc_column-inner\"><div class=\"wpb_wrapper\">\n\t<div  class=\"wpb_single_image wpb_content_element vc_align_left wpb_content_element vc_custom_1589636268278\">\n\t\t\n\t\t<figure class=\"wpb_wrapper vc_figure\">\n\t\t\t<div class=\"vc_single_image-wrapper   vc_box_border_grey\"><img decoding=\"async\" class=\"vc_single_image-img \" src=\"https:\/\/petiteprovence.cz\/wp-content\/uploads\/nature-80x80.png\" width=\"80\" height=\"80\" alt=\"nature\" title=\"nature\" loading=\"lazy\" \/><\/div>\n\t\t<\/figure>\n\t<\/div>\n\n\t<div class=\"wpb_text_column wpb_content_element vc_custom_1589640041900\" >\n\t\t<div class=\"wpb_wrapper\">\n\t\t\t<p style=\"color: #000000; font-size: 24px;\"><strong>Natural materials<\/strong><\/p>\n\n\t\t<\/div>\n\t<\/div>\n\n\t<div class=\"wpb_text_column wpb_content_element\" >\n\t\t<div class=\"wpb_wrapper\">\n\t\t\t<p>We work exclusively with natural materials, mainly with wood and plaster. Do not look for plastics with us!<\/p>\n\n\t\t<\/div>\n\t<\/div>\n<\/div><\/div><\/div><div class=\"wpb_column vc_column_container vc_col-sm-4 et_custom_uniqid_69f2ab3479c73\"><div class=\"vc_column-inner\"><div class=\"wpb_wrapper\">\n\t<div  class=\"wpb_single_image wpb_content_element vc_align_left wpb_content_element vc_custom_1589636332302\">\n\t\t\n\t\t<figure class=\"wpb_wrapper vc_figure\">\n\t\t\t<div class=\"vc_single_image-wrapper   vc_box_border_grey\"><img decoding=\"async\" class=\"vc_single_image-img \" src=\"https:\/\/petiteprovence.cz\/wp-content\/uploads\/delano-s-laskou-80x80.png\" width=\"80\" height=\"80\" alt=\"delano-s-laskou\" title=\"delano-s-laskou\" loading=\"lazy\" \/><\/div>\n\t\t<\/figure>\n\t<\/div>\n\n\t<div class=\"wpb_text_column wpb_content_element vc_custom_1589640061380\" >\n\t\t<div class=\"wpb_wrapper\">\n\t\t\t<p style=\"color: #000000; font-size: 24px;\"><strong>Made with love<\/strong><\/p>\n\n\t\t<\/div>\n\t<\/div>\n\n\t<div class=\"wpb_text_column wpb_content_element\" >\n\t\t<div class=\"wpb_wrapper\">\n\t\t\t<p>We love our work! We believe that this is the only way we can create beautiful and high-quality products that we can stand for!<\/p>\n\n\t\t<\/div>\n\t<\/div>\n<\/div><\/div><\/div><\/div><div class=\"vc_row wpb_row vc_row-fluid et_custom_uniqid_69f2ab3479c9c\"><div class=\"wpb_column vc_column_container vc_col-sm-12 et_custom_uniqid_69f2ab3479c73\"><div class=\"vc_column-inner\"><div class=\"wpb_wrapper\">\n\t<div class=\"wpb_text_column wpb_content_element\" >\n\t\t<div class=\"wpb_wrapper\">\n\t\t\t<p>The product is from the category of <strong>handmade<\/strong>, the dimensions may differ slightly from the description (+ - 5%), as well as the shade of color, but the main motif on the product is always preserved!<\/p>\n<p><strong>CAUTION, FLAMMABLE<\/strong>! Our products are made of <strong>natural materials<\/strong>, especially <strong>wood<\/strong>, so they are flammable! Never put an open flame into the lanterns, the lantern may start to burn!<\/p>\n\n\t\t<\/div>\n\t<\/div>\n<\/div><\/div><\/div><\/div>[\/vc_column_text][\/vc_column][\/vc_row]<\/p>\n<\/div>","protected":false},"excerpt":{"rendered":"Elektronick\u00fd d\u00e1rkov\u00fd poukaz PetiteProvence.cz na n\u00e1kup zbo\u017e\u00ed v hodnot\u011b 1.000 K\u010d. &nbsp; Tento d\u00e1rkov\u00fd poukaz m\u016f\u017ee b\u00fdt uplatn\u011bn na cel\u00fd sortiment internetov\u00e9ho obchodu https:\/\/petiteprovence.cz. Vydavatelem poukazu je Petite Provence s.r.o., I\u010c: 17167051, U n\u00e1kladov\u00e9ho n\u00e1dra\u017e\u00ed 3265\/10, 130 00 - Praha 3. &nbsp; Podm\u00ednky pro pou\u017eit\u00ed d\u00e1rkov\u00e9ho poukazu: Hodnota uveden\u00e1 na poukazu V\u00e1m bude ode\u010dtena z ceny n\u00e1kupu v internetov\u00e9m obchod\u011b na petiteprovence.cz. Poukaz nen\u00ed sm\u011bniteln\u00fd za pen\u00edze. Poukaz nelze rozm\u011bnit. Hodnotu poukazu je mo\u017en\u00e9 vy\u010derpat pouze jednor\u00e1zov\u00fdm n\u00e1kupem. U zbo\u017e\u00ed, na jeho\u017e n\u00e1kup byl uplatn\u011bn d\u00e1rkov\u00fd poukaz, V\u00e1m m\u016f\u017ee b\u00fdt (v p\u0159\u00edpad\u011b odstoupen\u00ed od kupn\u00ed smlouvy nebo v p\u0159\u00edpad\u011b opr\u00e1vn\u011bn\u00e9...","protected":false},"featured_media":15226,"template":"","meta":[],"etheme_brands":[{"term_id":50,"name":"PetiteProvence.cz","slug":"petiteprovence-cz-en","term_group":0,"term_taxonomy_id":50,"taxonomy":"brand","description":"[block id=6702]","parent":0,"count":410,"filter":"raw"}],"product_brand":[],"product_cat":[348],"product_tag":[],"class_list":{"0":"post-15234","1":"product","2":"type-product","3":"status-publish","4":"has-post-thumbnail","6":"brand-petiteprovence-cz-en","7":"product_cat-gift-coupons","9":"first","10":"instock","11":"virtual","12":"purchasable","13":"product-type-simple"},"yoast_head":"<!-- This site is optimized with the Yoast SEO Premium plugin v27.4 (Yoast SEO v27.5) - https:\/\/yoast.com\/product\/yoast-seo-premium-wordpress\/ -->\n<title>Elektronick\u00fd d\u00e1rkov\u00fd poukaz PetiteProvence.cz na n\u00e1kup zbo\u017e\u00ed v hodnot\u011b 1.000 K\u010d - PetiteProvence.cz<\/title>\n<meta name=\"robots\" content=\"index, follow, max-snippet:-1, max-image-preview:large, max-video-preview:-1\" \/>\n<link rel=\"canonical\" href=\"https:\/\/petiteprovence.cz\/en\/produkt\/elektronicky-darkovy-poukaz-petiteprovence-cz-na-nakup-zbozi-v-hodnote-1000-kc\/\" \/>\n<meta property=\"og:locale\" content=\"en_US\" \/>\n<meta property=\"og:type\" content=\"article\" \/>\n<meta property=\"og:title\" content=\"Elektronick\u00fd d\u00e1rkov\u00fd poukaz PetiteProvence.cz na n\u00e1kup zbo\u017e\u00ed v hodnot\u011b 1.000 K\u010d\" \/>\n<meta property=\"og:url\" content=\"https:\/\/petiteprovence.cz\/en\/produkt\/elektronicky-darkovy-poukaz-petiteprovence-cz-na-nakup-zbozi-v-hodnote-1000-kc\/\" \/>\n<meta property=\"og:site_name\" content=\"PetiteProvence.cz\" \/>\n<meta property=\"article:publisher\" content=\"https:\/\/www.facebook.com\/provencehandmade\" \/>\n<meta property=\"article:modified_time\" content=\"2023-12-11T17:23:24+00:00\" \/>\n<meta property=\"og:image\" content=\"https:\/\/petiteprovence.cz\/wp-content\/uploads\/2023\/12\/petiteprovence-darkovy-kupon-1000-kc-1.jpg\" \/>\n\t<meta property=\"og:image:width\" content=\"1200\" \/>\n\t<meta property=\"og:image:height\" content=\"1200\" \/>\n\t<meta property=\"og:image:type\" content=\"image\/jpeg\" \/>\n<meta name=\"twitter:card\" content=\"summary_large_image\" \/>\n<meta name=\"twitter:site\" content=\"@_PetiteProvence\" \/>\n<script type=\"application\/ld+json\" class=\"yoast-schema-graph\">{\"@context\":\"https:\\\/\\\/schema.org\",\"@graph\":[{\"@type\":[\"WebPage\",\"ItemPage\"],\"@id\":\"https:\\\/\\\/petiteprovence.cz\\\/en\\\/produkt\\\/elektronicky-darkovy-poukaz-petiteprovence-cz-na-nakup-zbozi-v-hodnote-1000-kc\\\/\",\"url\":\"https:\\\/\\\/petiteprovence.cz\\\/en\\\/produkt\\\/elektronicky-darkovy-poukaz-petiteprovence-cz-na-nakup-zbozi-v-hodnote-1000-kc\\\/\",\"name\":\"Elektronick\u00fd d\u00e1rkov\u00fd poukaz PetiteProvence.cz na n\u00e1kup zbo\u017e\u00ed v hodnot\u011b 1.000 K\u010d - PetiteProvence.cz\",\"isPartOf\":{\"@id\":\"https:\\\/\\\/petiteprovence.cz\\\/en\\\/#website\"},\"primaryImageOfPage\":{\"@id\":\"https:\\\/\\\/petiteprovence.cz\\\/en\\\/produkt\\\/elektronicky-darkovy-poukaz-petiteprovence-cz-na-nakup-zbozi-v-hodnote-1000-kc\\\/#primaryimage\"},\"image\":{\"@id\":\"https:\\\/\\\/petiteprovence.cz\\\/en\\\/produkt\\\/elektronicky-darkovy-poukaz-petiteprovence-cz-na-nakup-zbozi-v-hodnote-1000-kc\\\/#primaryimage\"},\"thumbnailUrl\":\"https:\\\/\\\/petiteprovence.cz\\\/wp-content\\\/uploads\\\/2023\\\/12\\\/petiteprovence-darkovy-kupon-1000-kc-1.jpg\",\"datePublished\":\"2023-12-11T17:21:30+00:00\",\"dateModified\":\"2023-12-11T17:23:24+00:00\",\"breadcrumb\":{\"@id\":\"https:\\\/\\\/petiteprovence.cz\\\/en\\\/produkt\\\/elektronicky-darkovy-poukaz-petiteprovence-cz-na-nakup-zbozi-v-hodnote-1000-kc\\\/#breadcrumb\"},\"inLanguage\":\"en-US\",\"potentialAction\":[{\"@type\":\"ReadAction\",\"target\":[\"https:\\\/\\\/petiteprovence.cz\\\/en\\\/produkt\\\/elektronicky-darkovy-poukaz-petiteprovence-cz-na-nakup-zbozi-v-hodnote-1000-kc\\\/\"]}]},{\"@type\":\"ImageObject\",\"inLanguage\":\"en-US\",\"@id\":\"https:\\\/\\\/petiteprovence.cz\\\/en\\\/produkt\\\/elektronicky-darkovy-poukaz-petiteprovence-cz-na-nakup-zbozi-v-hodnote-1000-kc\\\/#primaryimage\",\"url\":\"https:\\\/\\\/petiteprovence.cz\\\/wp-content\\\/uploads\\\/2023\\\/12\\\/petiteprovence-darkovy-kupon-1000-kc-1.jpg\",\"contentUrl\":\"https:\\\/\\\/petiteprovence.cz\\\/wp-content\\\/uploads\\\/2023\\\/12\\\/petiteprovence-darkovy-kupon-1000-kc-1.jpg\",\"width\":1200,\"height\":1200,\"caption\":\"Elektronick\u00fd d\u00e1rkov\u00fd poukaz PetiteProvence.cz na n\u00e1kup zbo\u017e\u00ed v hodnot\u011b 1000 K\u010d\"},{\"@type\":\"BreadcrumbList\",\"@id\":\"https:\\\/\\\/petiteprovence.cz\\\/en\\\/produkt\\\/elektronicky-darkovy-poukaz-petiteprovence-cz-na-nakup-zbozi-v-hodnote-1000-kc\\\/#breadcrumb\",\"itemListElement\":[{\"@type\":\"ListItem\",\"position\":1,\"name\":\"Home\",\"item\":\"https:\\\/\\\/petiteprovence.cz\\\/en\\\/\"},{\"@type\":\"ListItem\",\"position\":2,\"name\":\"Shop\",\"item\":\"https:\\\/\\\/petiteprovence.cz\\\/en\\\/shop\\\/\"},{\"@type\":\"ListItem\",\"position\":3,\"name\":\"Elektronick\u00fd d\u00e1rkov\u00fd poukaz PetiteProvence.cz na n\u00e1kup zbo\u017e\u00ed v hodnot\u011b 1.000 K\u010d\"}]},{\"@type\":\"WebSite\",\"@id\":\"https:\\\/\\\/petiteprovence.cz\\\/en\\\/#website\",\"url\":\"https:\\\/\\\/petiteprovence.cz\\\/en\\\/\",\"name\":\"PetiteProvence.cz\",\"description\":\"\",\"publisher\":{\"@id\":\"https:\\\/\\\/petiteprovence.cz\\\/en\\\/#organization\"},\"potentialAction\":[{\"@type\":\"SearchAction\",\"target\":{\"@type\":\"EntryPoint\",\"urlTemplate\":\"https:\\\/\\\/petiteprovence.cz\\\/en\\\/?s={search_term_string}\"},\"query-input\":{\"@type\":\"PropertyValueSpecification\",\"valueRequired\":true,\"valueName\":\"search_term_string\"}}],\"inLanguage\":\"en-US\"},{\"@type\":[\"Organization\",\"Place\",\"HomeGoodsStore\"],\"@id\":\"https:\\\/\\\/petiteprovence.cz\\\/en\\\/#organization\",\"name\":\"PetiteProvence.cz\",\"url\":\"https:\\\/\\\/petiteprovence.cz\\\/en\\\/\",\"logo\":{\"@id\":\"https:\\\/\\\/petiteprovence.cz\\\/en\\\/produkt\\\/elektronicky-darkovy-poukaz-petiteprovence-cz-na-nakup-zbozi-v-hodnote-1000-kc\\\/#local-main-organization-logo\"},\"image\":{\"@id\":\"https:\\\/\\\/petiteprovence.cz\\\/en\\\/produkt\\\/elektronicky-darkovy-poukaz-petiteprovence-cz-na-nakup-zbozi-v-hodnote-1000-kc\\\/#local-main-organization-logo\"},\"sameAs\":[\"https:\\\/\\\/www.facebook.com\\\/provencehandmade\",\"https:\\\/\\\/x.com\\\/_PetiteProvence\",\"https:\\\/\\\/www.instagram.com\\\/petite.provence\\\/\",\"https:\\\/\\\/cz.pinterest.com\\\/petiteprovence_cz\"],\"legalName\":\"Petite Provence s.r.o.\",\"foundingDate\":\"2022-05-23\",\"numberOfEmployees\":{\"@type\":\"QuantitativeValue\",\"minValue\":\"1\",\"maxValue\":\"10\"},\"address\":{\"@id\":\"https:\\\/\\\/petiteprovence.cz\\\/en\\\/produkt\\\/elektronicky-darkovy-poukaz-petiteprovence-cz-na-nakup-zbozi-v-hodnote-1000-kc\\\/#local-main-place-address\"},\"geo\":{\"@type\":\"GeoCoordinates\",\"latitude\":\"50.0756404\",\"longitude\":\"14.5077825\"},\"telephone\":[\"+420212248480\"],\"openingHoursSpecification\":{\"@type\":\"OpeningHoursSpecification\",\"dayOfWeek\":[\"Monday\",\"Tuesday\",\"Wednesday\",\"Thursday\",\"Friday\",\"Saturday\",\"Sunday\"],\"opens\":\"00:00\",\"closes\":\"23:59\"},\"email\":\"info@petiteprovence.cz\",\"areaServed\":\"Czech Republic, Slovak Republic, EU\",\"taxID\":\"17167051\",\"currenciesAccepted\":\"CZK, EUR\",\"paymentAccepted\":\"credit card, cash\"},{\"@type\":\"PostalAddress\",\"@id\":\"https:\\\/\\\/petiteprovence.cz\\\/en\\\/produkt\\\/elektronicky-darkovy-poukaz-petiteprovence-cz-na-nakup-zbozi-v-hodnote-1000-kc\\\/#local-main-place-address\",\"streetAddress\":\"T\u0159ebohostick\u00e1 3069\\\/14\",\"addressLocality\":\"Praha 10\",\"postalCode\":\"100 00\",\"addressRegion\":\"Praha\",\"addressCountry\":\"CZ\"},{\"@type\":\"ImageObject\",\"inLanguage\":\"en-US\",\"@id\":\"https:\\\/\\\/petiteprovence.cz\\\/en\\\/produkt\\\/elektronicky-darkovy-poukaz-petiteprovence-cz-na-nakup-zbozi-v-hodnote-1000-kc\\\/#local-main-organization-logo\",\"url\":\"https:\\\/\\\/petiteprovence.cz\\\/wp-content\\\/uploads\\\/PetiteProvence.cz-logo-800x800-1.jpg\",\"contentUrl\":\"https:\\\/\\\/petiteprovence.cz\\\/wp-content\\\/uploads\\\/PetiteProvence.cz-logo-800x800-1.jpg\",\"width\":800,\"height\":800,\"caption\":\"PetiteProvence.cz\"}]}<\/script>\n<meta property=\"product:brand\" content=\"PetiteProvence.cz\" \/>\n<meta property=\"product:price:amount\" content=\"1000.00\" \/>\n<meta property=\"product:price:currency\" content=\"CZK\" \/>\n<meta property=\"og:availability\" content=\"instock\" \/>\n<meta property=\"product:availability\" content=\"instock\" \/>\n<meta property=\"product:retailer_item_id\" content=\"darkovy-poukaz-petiteprovence-1000-kc\" \/>\n<meta property=\"product:condition\" content=\"new\" \/>\n<meta name=\"geo.placename\" content=\"Praha 10\" \/>\n<meta name=\"geo.position\" content=\"50.0756404;14.5077825\" \/>\n<meta name=\"geo.region\" content=\"Czech Republic\" \/>\n<!-- \/ Yoast SEO Premium plugin. -->","yoast_head_json":{"title":"Elektronick\u00fd d\u00e1rkov\u00fd poukaz PetiteProvence.cz na n\u00e1kup zbo\u017e\u00ed v hodnot\u011b 1.000 K\u010d - PetiteProvence.cz","robots":{"index":"index","follow":"follow","max-snippet":"max-snippet:-1","max-image-preview":"max-image-preview:large","max-video-preview":"max-video-preview:-1"},"canonical":"https:\/\/petiteprovence.cz\/en\/produkt\/elektronicky-darkovy-poukaz-petiteprovence-cz-na-nakup-zbozi-v-hodnote-1000-kc\/","og_locale":"en_US","og_type":"article","og_title":"Elektronick\u00fd d\u00e1rkov\u00fd poukaz PetiteProvence.cz na n\u00e1kup zbo\u017e\u00ed v hodnot\u011b 1.000 K\u010d","og_url":"https:\/\/petiteprovence.cz\/en\/produkt\/elektronicky-darkovy-poukaz-petiteprovence-cz-na-nakup-zbozi-v-hodnote-1000-kc\/","og_site_name":"PetiteProvence.cz","article_publisher":"https:\/\/www.facebook.com\/provencehandmade","article_modified_time":"2023-12-11T17:23:24+00:00","og_image":[{"width":1200,"height":1200,"url":"https:\/\/petiteprovence.cz\/wp-content\/uploads\/2023\/12\/petiteprovence-darkovy-kupon-1000-kc-1.jpg","type":"image\/jpeg"}],"twitter_card":"summary_large_image","twitter_site":"@_PetiteProvence","schema":{"@context":"https:\/\/schema.org","@graph":[{"@type":["WebPage","ItemPage"],"@id":"https:\/\/petiteprovence.cz\/en\/produkt\/elektronicky-darkovy-poukaz-petiteprovence-cz-na-nakup-zbozi-v-hodnote-1000-kc\/","url":"https:\/\/petiteprovence.cz\/en\/produkt\/elektronicky-darkovy-poukaz-petiteprovence-cz-na-nakup-zbozi-v-hodnote-1000-kc\/","name":"Elektronick\u00fd d\u00e1rkov\u00fd poukaz PetiteProvence.cz na n\u00e1kup zbo\u017e\u00ed v hodnot\u011b 1.000 K\u010d - PetiteProvence.cz","isPartOf":{"@id":"https:\/\/petiteprovence.cz\/en\/#website"},"primaryImageOfPage":{"@id":"https:\/\/petiteprovence.cz\/en\/produkt\/elektronicky-darkovy-poukaz-petiteprovence-cz-na-nakup-zbozi-v-hodnote-1000-kc\/#primaryimage"},"image":{"@id":"https:\/\/petiteprovence.cz\/en\/produkt\/elektronicky-darkovy-poukaz-petiteprovence-cz-na-nakup-zbozi-v-hodnote-1000-kc\/#primaryimage"},"thumbnailUrl":"https:\/\/petiteprovence.cz\/wp-content\/uploads\/2023\/12\/petiteprovence-darkovy-kupon-1000-kc-1.jpg","datePublished":"2023-12-11T17:21:30+00:00","dateModified":"2023-12-11T17:23:24+00:00","breadcrumb":{"@id":"https:\/\/petiteprovence.cz\/en\/produkt\/elektronicky-darkovy-poukaz-petiteprovence-cz-na-nakup-zbozi-v-hodnote-1000-kc\/#breadcrumb"},"inLanguage":"en-US","potentialAction":[{"@type":"ReadAction","target":["https:\/\/petiteprovence.cz\/en\/produkt\/elektronicky-darkovy-poukaz-petiteprovence-cz-na-nakup-zbozi-v-hodnote-1000-kc\/"]}]},{"@type":"ImageObject","inLanguage":"en-US","@id":"https:\/\/petiteprovence.cz\/en\/produkt\/elektronicky-darkovy-poukaz-petiteprovence-cz-na-nakup-zbozi-v-hodnote-1000-kc\/#primaryimage","url":"https:\/\/petiteprovence.cz\/wp-content\/uploads\/2023\/12\/petiteprovence-darkovy-kupon-1000-kc-1.jpg","contentUrl":"https:\/\/petiteprovence.cz\/wp-content\/uploads\/2023\/12\/petiteprovence-darkovy-kupon-1000-kc-1.jpg","width":1200,"height":1200,"caption":"Elektronick\u00fd d\u00e1rkov\u00fd poukaz PetiteProvence.cz na n\u00e1kup zbo\u017e\u00ed v hodnot\u011b 1000 K\u010d"},{"@type":"BreadcrumbList","@id":"https:\/\/petiteprovence.cz\/en\/produkt\/elektronicky-darkovy-poukaz-petiteprovence-cz-na-nakup-zbozi-v-hodnote-1000-kc\/#breadcrumb","itemListElement":[{"@type":"ListItem","position":1,"name":"Home","item":"https:\/\/petiteprovence.cz\/en\/"},{"@type":"ListItem","position":2,"name":"Shop","item":"https:\/\/petiteprovence.cz\/en\/shop\/"},{"@type":"ListItem","position":3,"name":"Elektronick\u00fd d\u00e1rkov\u00fd poukaz PetiteProvence.cz na n\u00e1kup zbo\u017e\u00ed v hodnot\u011b 1.000 K\u010d"}]},{"@type":"WebSite","@id":"https:\/\/petiteprovence.cz\/en\/#website","url":"https:\/\/petiteprovence.cz\/en\/","name":"PetiteProvence.cz","description":"","publisher":{"@id":"https:\/\/petiteprovence.cz\/en\/#organization"},"potentialAction":[{"@type":"SearchAction","target":{"@type":"EntryPoint","urlTemplate":"https:\/\/petiteprovence.cz\/en\/?s={search_term_string}"},"query-input":{"@type":"PropertyValueSpecification","valueRequired":true,"valueName":"search_term_string"}}],"inLanguage":"en-US"},{"@type":["Organization","Place","HomeGoodsStore"],"@id":"https:\/\/petiteprovence.cz\/en\/#organization","name":"PetiteProvence.cz","url":"https:\/\/petiteprovence.cz\/en\/","logo":{"@id":"https:\/\/petiteprovence.cz\/en\/produkt\/elektronicky-darkovy-poukaz-petiteprovence-cz-na-nakup-zbozi-v-hodnote-1000-kc\/#local-main-organization-logo"},"image":{"@id":"https:\/\/petiteprovence.cz\/en\/produkt\/elektronicky-darkovy-poukaz-petiteprovence-cz-na-nakup-zbozi-v-hodnote-1000-kc\/#local-main-organization-logo"},"sameAs":["https:\/\/www.facebook.com\/provencehandmade","https:\/\/x.com\/_PetiteProvence","https:\/\/www.instagram.com\/petite.provence\/","https:\/\/cz.pinterest.com\/petiteprovence_cz"],"legalName":"Petite Provence s.r.o.","foundingDate":"2022-05-23","numberOfEmployees":{"@type":"QuantitativeValue","minValue":"1","maxValue":"10"},"address":{"@id":"https:\/\/petiteprovence.cz\/en\/produkt\/elektronicky-darkovy-poukaz-petiteprovence-cz-na-nakup-zbozi-v-hodnote-1000-kc\/#local-main-place-address"},"geo":{"@type":"GeoCoordinates","latitude":"50.0756404","longitude":"14.5077825"},"telephone":["+420212248480"],"openingHoursSpecification":{"@type":"OpeningHoursSpecification","dayOfWeek":["Monday","Tuesday","Wednesday","Thursday","Friday","Saturday","Sunday"],"opens":"00:00","closes":"23:59"},"email":"info@petiteprovence.cz","areaServed":"Czech Republic, Slovak Republic, EU","taxID":"17167051","currenciesAccepted":"CZK, EUR","paymentAccepted":"credit card, cash"},{"@type":"PostalAddress","@id":"https:\/\/petiteprovence.cz\/en\/produkt\/elektronicky-darkovy-poukaz-petiteprovence-cz-na-nakup-zbozi-v-hodnote-1000-kc\/#local-main-place-address","streetAddress":"T\u0159ebohostick\u00e1 3069\/14","addressLocality":"Praha 10","postalCode":"100 00","addressRegion":"Praha","addressCountry":"CZ"},{"@type":"ImageObject","inLanguage":"en-US","@id":"https:\/\/petiteprovence.cz\/en\/produkt\/elektronicky-darkovy-poukaz-petiteprovence-cz-na-nakup-zbozi-v-hodnote-1000-kc\/#local-main-organization-logo","url":"https:\/\/petiteprovence.cz\/wp-content\/uploads\/PetiteProvence.cz-logo-800x800-1.jpg","contentUrl":"https:\/\/petiteprovence.cz\/wp-content\/uploads\/PetiteProvence.cz-logo-800x800-1.jpg","width":800,"height":800,"caption":"PetiteProvence.cz"}]},"product_brand":"PetiteProvence.cz","product_price_amount":"1000.00","product_price_currency":"CZK","og_availability":"instock","product_availability":"instock","product_retailer_item_id":"darkovy-poukaz-petiteprovence-1000-kc","product_condition":"new","geo.placename":"Praha 10","geo.position":{"lat":"50.0756404","long":"14.5077825"},"geo.region":"Czech Republic"},"_links":{"self":[{"href":"https:\/\/petiteprovence.cz\/en\/wp-json\/wp\/v2\/product\/15234","targetHints":{"allow":["GET"]}}],"collection":[{"href":"https:\/\/petiteprovence.cz\/en\/wp-json\/wp\/v2\/product"}],"about":[{"href":"https:\/\/petiteprovence.cz\/en\/wp-json\/wp\/v2\/types\/product"}],"wp:featuredmedia":[{"embeddable":true,"href":"https:\/\/petiteprovence.cz\/en\/wp-json\/wp\/v2\/media\/15226"}],"wp:attachment":[{"href":"https:\/\/petiteprovence.cz\/en\/wp-json\/wp\/v2\/media?parent=15234"}],"wp:term":[{"taxonomy":"brand","embeddable":true,"href":"https:\/\/petiteprovence.cz\/en\/wp-json\/wp\/v2\/etheme_brands?post=15234"},{"taxonomy":"product_brand","embeddable":true,"href":"https:\/\/petiteprovence.cz\/en\/wp-json\/wp\/v2\/product_brand?post=15234"},{"taxonomy":"product_cat","embeddable":true,"href":"https:\/\/petiteprovence.cz\/en\/wp-json\/wp\/v2\/product_cat?post=15234"},{"taxonomy":"product_tag","embeddable":true,"href":"https:\/\/petiteprovence.cz\/en\/wp-json\/wp\/v2\/product_tag?post=15234"}],"curies":[{"name":"wp","href":"https:\/\/api.w.org\/{rel}","templated":true}]}}