{"id":16553,"date":"2025-04-21T12:36:37","date_gmt":"2025-04-21T10:36:37","guid":{"rendered":"https:\/\/petiteprovence.cz\/?post_type=product&#038;p=16553"},"modified":"2026-05-02T08:34:38","modified_gmt":"2026-05-02T06:34:38","slug":"hneda-cedulka-vitejte","status":"publish","type":"product","link":"https:\/\/petiteprovence.cz\/en\/produkt\/hneda-cedulka-vitejte\/","title":{"rendered":"Hn\u011bd\u00e1 cedulka V\u00edtejte"},"content":{"rendered":"<p>Hn\u011bd\u00e1 d\u0159even\u00e1 cedulka s b\u00edl\u00fdm plastick\u00fdm n\u00e1pisem &#8220;v\u00edtejte &#8221; a s d\u00edrkou , vhodn\u00e1 do v\u011bnc\u016f a dekorac\u00ed .<\/p>\n<table class=\"woocommerce-product-attributes shop_attributes\" aria-label=\"Product Details\">\n<tbody>\n<tr class=\"woocommerce-product-attributes-item woocommerce-product-attributes-item--dimensions\">\n<th class=\"woocommerce-product-attributes-item__label\" scope=\"row\">Rozm\u011bry<\/th>\n<td class=\"woocommerce-product-attributes-item__value\">0,4 \u00d7 5 \u00d7 9,5 cm<\/td>\n<\/tr>\n<\/tbody>\n<\/table>\n","protected":false},"excerpt":{"rendered":"<p>Hn\u011bd\u00e1 d\u0159even\u00e1 cedulka s b\u00edl\u00fdm plastick\u00fdm n\u00e1pisem &#8220;v\u00edtejte &#8221; a s d\u00edrkou , vhodn\u00e1 do v\u011bnc\u016f a dekorac\u00ed . Rozm\u011bry 0,4 \u00d7 5 \u00d7 9,5 cm<\/p>\n","protected":false},"featured_media":16555,"template":"","meta":[],"etheme_brands":[],"product_brand":[],"product_cat":[],"product_tag":[],"class_list":{"0":"post-16553","1":"product","2":"type-product","3":"status-publish","4":"has-post-thumbnail","7":"first","8":"instock","9":"shipping-taxable","10":"purchasable","11":"product-type-simple"},"yoast_head":"<!-- This site is optimized with the Yoast SEO Premium plugin v27.6 (Yoast SEO v27.6) - https:\/\/yoast.com\/product\/yoast-seo-premium-wordpress\/ -->\n<title>Hn\u011bd\u00e1 cedulka V\u00edtejte - PetiteProvence.cz<\/title>\n<meta name=\"robots\" content=\"index, follow, max-snippet:-1, max-image-preview:large, max-video-preview:-1\" \/>\n<link rel=\"canonical\" href=\"https:\/\/petiteprovence.cz\/en\/produkt\/hneda-cedulka-vitejte\/\" \/>\n<meta property=\"og:locale\" content=\"en_US\" \/>\n<meta property=\"og:type\" content=\"article\" \/>\n<meta property=\"og:title\" content=\"Hn\u011bd\u00e1 cedulka V\u00edtejte\" \/>\n<meta property=\"og:description\" content=\"Hn\u011bd\u00e1 d\u0159even\u00e1 cedulka s b\u00edl\u00fdm plastick\u00fdm n\u00e1pisem &#8220;v\u00edtejte &#8221; a s d\u00edrkou , vhodn\u00e1 do v\u011bnc\u016f a dekorac\u00ed . Rozm\u011bry 0,4 \u00d7 5 \u00d7 9,5 cm\" \/>\n<meta property=\"og:url\" content=\"https:\/\/petiteprovence.cz\/en\/produkt\/hneda-cedulka-vitejte\/\" \/>\n<meta property=\"og:site_name\" content=\"PetiteProvence.cz\" \/>\n<meta property=\"article:publisher\" content=\"https:\/\/www.facebook.com\/provencehandmade\" \/>\n<meta property=\"article:modified_time\" content=\"2026-05-02T06:34:38+00:00\" \/>\n<meta property=\"og:image\" content=\"https:\/\/petiteprovence.cz\/wp-content\/uploads\/2025\/04\/1842118ac438037fc8d3455229d95e9e.jpeg\" \/>\n\t<meta property=\"og:image:width\" content=\"1856\" \/>\n\t<meta property=\"og:image:height\" content=\"1856\" \/>\n\t<meta property=\"og:image:type\" content=\"image\/jpeg\" \/>\n<meta name=\"twitter:card\" content=\"summary_large_image\" \/>\n<meta name=\"twitter:site\" content=\"@_PetiteProvence\" \/>\n<script type=\"application\/ld+json\" class=\"yoast-schema-graph\">{\"@context\":\"https:\\\/\\\/schema.org\",\"@graph\":[{\"@type\":[\"WebPage\",\"ItemPage\"],\"@id\":\"https:\\\/\\\/petiteprovence.cz\\\/en\\\/produkt\\\/hneda-cedulka-vitejte\\\/\",\"url\":\"https:\\\/\\\/petiteprovence.cz\\\/en\\\/produkt\\\/hneda-cedulka-vitejte\\\/\",\"name\":\"Hn\u011bd\u00e1 cedulka V\u00edtejte - PetiteProvence.cz\",\"isPartOf\":{\"@id\":\"https:\\\/\\\/petiteprovence.cz\\\/en\\\/#website\"},\"primaryImageOfPage\":{\"@id\":\"https:\\\/\\\/petiteprovence.cz\\\/en\\\/produkt\\\/hneda-cedulka-vitejte\\\/#primaryimage\"},\"image\":{\"@id\":\"https:\\\/\\\/petiteprovence.cz\\\/en\\\/produkt\\\/hneda-cedulka-vitejte\\\/#primaryimage\"},\"thumbnailUrl\":\"https:\\\/\\\/petiteprovence.cz\\\/wp-content\\\/uploads\\\/2025\\\/04\\\/1842118ac438037fc8d3455229d95e9e.jpeg\",\"datePublished\":\"2025-04-21T10:36:37+00:00\",\"dateModified\":\"2026-05-02T06:34:38+00:00\",\"breadcrumb\":{\"@id\":\"https:\\\/\\\/petiteprovence.cz\\\/en\\\/produkt\\\/hneda-cedulka-vitejte\\\/#breadcrumb\"},\"inLanguage\":\"en-US\",\"potentialAction\":[{\"@type\":\"ReadAction\",\"target\":[\"https:\\\/\\\/petiteprovence.cz\\\/en\\\/produkt\\\/hneda-cedulka-vitejte\\\/\"]}]},{\"@type\":\"ImageObject\",\"inLanguage\":\"en-US\",\"@id\":\"https:\\\/\\\/petiteprovence.cz\\\/en\\\/produkt\\\/hneda-cedulka-vitejte\\\/#primaryimage\",\"url\":\"https:\\\/\\\/petiteprovence.cz\\\/wp-content\\\/uploads\\\/2025\\\/04\\\/1842118ac438037fc8d3455229d95e9e.jpeg\",\"contentUrl\":\"https:\\\/\\\/petiteprovence.cz\\\/wp-content\\\/uploads\\\/2025\\\/04\\\/1842118ac438037fc8d3455229d95e9e.jpeg\",\"width\":1856,\"height\":1856},{\"@type\":\"BreadcrumbList\",\"@id\":\"https:\\\/\\\/petiteprovence.cz\\\/en\\\/produkt\\\/hneda-cedulka-vitejte\\\/#breadcrumb\",\"itemListElement\":[{\"@type\":\"ListItem\",\"position\":1,\"name\":\"Home\",\"item\":\"https:\\\/\\\/petiteprovence.cz\\\/en\\\/\"},{\"@type\":\"ListItem\",\"position\":2,\"name\":\"Shop\",\"item\":\"https:\\\/\\\/petiteprovence.cz\\\/en\\\/shop\\\/\"},{\"@type\":\"ListItem\",\"position\":3,\"name\":\"Hn\u011bd\u00e1 cedulka V\u00edtejte\"}]},{\"@type\":\"WebSite\",\"@id\":\"https:\\\/\\\/petiteprovence.cz\\\/en\\\/#website\",\"url\":\"https:\\\/\\\/petiteprovence.cz\\\/en\\\/\",\"name\":\"PetiteProvence.cz\",\"description\":\"\",\"publisher\":{\"@id\":\"https:\\\/\\\/petiteprovence.cz\\\/en\\\/#organization\"},\"potentialAction\":[{\"@type\":\"SearchAction\",\"target\":{\"@type\":\"EntryPoint\",\"urlTemplate\":\"https:\\\/\\\/petiteprovence.cz\\\/en\\\/?s={search_term_string}\"},\"query-input\":{\"@type\":\"PropertyValueSpecification\",\"valueRequired\":true,\"valueName\":\"search_term_string\"}}],\"inLanguage\":\"en-US\"},{\"@type\":[\"Organization\",\"Place\",\"HomeGoodsStore\"],\"@id\":\"https:\\\/\\\/petiteprovence.cz\\\/en\\\/#organization\",\"name\":\"PetiteProvence.cz\",\"url\":\"https:\\\/\\\/petiteprovence.cz\\\/en\\\/\",\"logo\":{\"@id\":\"https:\\\/\\\/petiteprovence.cz\\\/en\\\/produkt\\\/hneda-cedulka-vitejte\\\/#local-main-organization-logo\"},\"image\":{\"@id\":\"https:\\\/\\\/petiteprovence.cz\\\/en\\\/produkt\\\/hneda-cedulka-vitejte\\\/#local-main-organization-logo\"},\"sameAs\":[\"https:\\\/\\\/www.facebook.com\\\/provencehandmade\",\"https:\\\/\\\/x.com\\\/_PetiteProvence\",\"https:\\\/\\\/www.instagram.com\\\/petite.provence\\\/\",\"https:\\\/\\\/cz.pinterest.com\\\/petiteprovence_cz\"],\"legalName\":\"Petite Provence s.r.o.\",\"foundingDate\":\"2022-05-23\",\"numberOfEmployees\":{\"@type\":\"QuantitativeValue\",\"minValue\":\"1\",\"maxValue\":\"10\"},\"address\":{\"@id\":\"https:\\\/\\\/petiteprovence.cz\\\/en\\\/produkt\\\/hneda-cedulka-vitejte\\\/#local-main-place-address\"},\"geo\":{\"@type\":\"GeoCoordinates\",\"latitude\":\"50.0756404\",\"longitude\":\"14.5077825\"},\"telephone\":[\"+420212248480\"],\"openingHoursSpecification\":{\"@type\":\"OpeningHoursSpecification\",\"dayOfWeek\":[\"Monday\",\"Tuesday\",\"Wednesday\",\"Thursday\",\"Friday\",\"Saturday\",\"Sunday\"],\"opens\":\"00:00\",\"closes\":\"23:59\"},\"email\":\"info@petiteprovence.cz\",\"areaServed\":\"Czech Republic, Slovak Republic, EU\",\"taxID\":\"17167051\",\"currenciesAccepted\":\"CZK, EUR\",\"paymentAccepted\":\"credit card, cash\"},{\"@type\":\"PostalAddress\",\"@id\":\"https:\\\/\\\/petiteprovence.cz\\\/en\\\/produkt\\\/hneda-cedulka-vitejte\\\/#local-main-place-address\",\"streetAddress\":\"T\u0159ebohostick\u00e1 3069\\\/14\",\"addressLocality\":\"Praha 10\",\"postalCode\":\"100 00\",\"addressRegion\":\"Praha\",\"addressCountry\":\"CZ\"},{\"@type\":\"ImageObject\",\"inLanguage\":\"en-US\",\"@id\":\"https:\\\/\\\/petiteprovence.cz\\\/en\\\/produkt\\\/hneda-cedulka-vitejte\\\/#local-main-organization-logo\",\"url\":\"https:\\\/\\\/petiteprovence.cz\\\/wp-content\\\/uploads\\\/PetiteProvence.cz-logo-800x800-1.jpg\",\"contentUrl\":\"https:\\\/\\\/petiteprovence.cz\\\/wp-content\\\/uploads\\\/PetiteProvence.cz-logo-800x800-1.jpg\",\"width\":800,\"height\":800,\"caption\":\"PetiteProvence.cz\"}]}<\/script>\n<meta property=\"product:price:amount\" content=\"38.00\" \/>\n<meta property=\"product:price:currency\" content=\"CZK\" \/>\n<meta property=\"og:availability\" content=\"instock\" \/>\n<meta property=\"product:availability\" content=\"instock\" \/>\n<meta property=\"product:condition\" content=\"new\" \/>\n<meta name=\"geo.placename\" content=\"Praha 10\" \/>\n<meta name=\"geo.position\" content=\"50.0756404;14.5077825\" \/>\n<meta name=\"geo.region\" content=\"Czech Republic\" \/>\n<!-- \/ Yoast SEO Premium plugin. -->","yoast_head_json":{"title":"Hn\u011bd\u00e1 cedulka V\u00edtejte - PetiteProvence.cz","robots":{"index":"index","follow":"follow","max-snippet":"max-snippet:-1","max-image-preview":"max-image-preview:large","max-video-preview":"max-video-preview:-1"},"canonical":"https:\/\/petiteprovence.cz\/en\/produkt\/hneda-cedulka-vitejte\/","og_locale":"en_US","og_type":"article","og_title":"Hn\u011bd\u00e1 cedulka V\u00edtejte","og_description":"Hn\u011bd\u00e1 d\u0159even\u00e1 cedulka s b\u00edl\u00fdm plastick\u00fdm n\u00e1pisem &#8220;v\u00edtejte &#8221; a s d\u00edrkou , vhodn\u00e1 do v\u011bnc\u016f a dekorac\u00ed . Rozm\u011bry 0,4 \u00d7 5 \u00d7 9,5 cm","og_url":"https:\/\/petiteprovence.cz\/en\/produkt\/hneda-cedulka-vitejte\/","og_site_name":"PetiteProvence.cz","article_publisher":"https:\/\/www.facebook.com\/provencehandmade","article_modified_time":"2026-05-02T06:34:38+00:00","og_image":[{"width":1856,"height":1856,"url":"https:\/\/petiteprovence.cz\/wp-content\/uploads\/2025\/04\/1842118ac438037fc8d3455229d95e9e.jpeg","type":"image\/jpeg"}],"twitter_card":"summary_large_image","twitter_site":"@_PetiteProvence","schema":{"@context":"https:\/\/schema.org","@graph":[{"@type":["WebPage","ItemPage"],"@id":"https:\/\/petiteprovence.cz\/en\/produkt\/hneda-cedulka-vitejte\/","url":"https:\/\/petiteprovence.cz\/en\/produkt\/hneda-cedulka-vitejte\/","name":"Hn\u011bd\u00e1 cedulka V\u00edtejte - PetiteProvence.cz","isPartOf":{"@id":"https:\/\/petiteprovence.cz\/en\/#website"},"primaryImageOfPage":{"@id":"https:\/\/petiteprovence.cz\/en\/produkt\/hneda-cedulka-vitejte\/#primaryimage"},"image":{"@id":"https:\/\/petiteprovence.cz\/en\/produkt\/hneda-cedulka-vitejte\/#primaryimage"},"thumbnailUrl":"https:\/\/petiteprovence.cz\/wp-content\/uploads\/2025\/04\/1842118ac438037fc8d3455229d95e9e.jpeg","datePublished":"2025-04-21T10:36:37+00:00","dateModified":"2026-05-02T06:34:38+00:00","breadcrumb":{"@id":"https:\/\/petiteprovence.cz\/en\/produkt\/hneda-cedulka-vitejte\/#breadcrumb"},"inLanguage":"en-US","potentialAction":[{"@type":"ReadAction","target":["https:\/\/petiteprovence.cz\/en\/produkt\/hneda-cedulka-vitejte\/"]}]},{"@type":"ImageObject","inLanguage":"en-US","@id":"https:\/\/petiteprovence.cz\/en\/produkt\/hneda-cedulka-vitejte\/#primaryimage","url":"https:\/\/petiteprovence.cz\/wp-content\/uploads\/2025\/04\/1842118ac438037fc8d3455229d95e9e.jpeg","contentUrl":"https:\/\/petiteprovence.cz\/wp-content\/uploads\/2025\/04\/1842118ac438037fc8d3455229d95e9e.jpeg","width":1856,"height":1856},{"@type":"BreadcrumbList","@id":"https:\/\/petiteprovence.cz\/en\/produkt\/hneda-cedulka-vitejte\/#breadcrumb","itemListElement":[{"@type":"ListItem","position":1,"name":"Home","item":"https:\/\/petiteprovence.cz\/en\/"},{"@type":"ListItem","position":2,"name":"Shop","item":"https:\/\/petiteprovence.cz\/en\/shop\/"},{"@type":"ListItem","position":3,"name":"Hn\u011bd\u00e1 cedulka V\u00edtejte"}]},{"@type":"WebSite","@id":"https:\/\/petiteprovence.cz\/en\/#website","url":"https:\/\/petiteprovence.cz\/en\/","name":"PetiteProvence.cz","description":"","publisher":{"@id":"https:\/\/petiteprovence.cz\/en\/#organization"},"potentialAction":[{"@type":"SearchAction","target":{"@type":"EntryPoint","urlTemplate":"https:\/\/petiteprovence.cz\/en\/?s={search_term_string}"},"query-input":{"@type":"PropertyValueSpecification","valueRequired":true,"valueName":"search_term_string"}}],"inLanguage":"en-US"},{"@type":["Organization","Place","HomeGoodsStore"],"@id":"https:\/\/petiteprovence.cz\/en\/#organization","name":"PetiteProvence.cz","url":"https:\/\/petiteprovence.cz\/en\/","logo":{"@id":"https:\/\/petiteprovence.cz\/en\/produkt\/hneda-cedulka-vitejte\/#local-main-organization-logo"},"image":{"@id":"https:\/\/petiteprovence.cz\/en\/produkt\/hneda-cedulka-vitejte\/#local-main-organization-logo"},"sameAs":["https:\/\/www.facebook.com\/provencehandmade","https:\/\/x.com\/_PetiteProvence","https:\/\/www.instagram.com\/petite.provence\/","https:\/\/cz.pinterest.com\/petiteprovence_cz"],"legalName":"Petite Provence s.r.o.","foundingDate":"2022-05-23","numberOfEmployees":{"@type":"QuantitativeValue","minValue":"1","maxValue":"10"},"address":{"@id":"https:\/\/petiteprovence.cz\/en\/produkt\/hneda-cedulka-vitejte\/#local-main-place-address"},"geo":{"@type":"GeoCoordinates","latitude":"50.0756404","longitude":"14.5077825"},"telephone":["+420212248480"],"openingHoursSpecification":{"@type":"OpeningHoursSpecification","dayOfWeek":["Monday","Tuesday","Wednesday","Thursday","Friday","Saturday","Sunday"],"opens":"00:00","closes":"23:59"},"email":"info@petiteprovence.cz","areaServed":"Czech Republic, Slovak Republic, EU","taxID":"17167051","currenciesAccepted":"CZK, EUR","paymentAccepted":"credit card, cash"},{"@type":"PostalAddress","@id":"https:\/\/petiteprovence.cz\/en\/produkt\/hneda-cedulka-vitejte\/#local-main-place-address","streetAddress":"T\u0159ebohostick\u00e1 3069\/14","addressLocality":"Praha 10","postalCode":"100 00","addressRegion":"Praha","addressCountry":"CZ"},{"@type":"ImageObject","inLanguage":"en-US","@id":"https:\/\/petiteprovence.cz\/en\/produkt\/hneda-cedulka-vitejte\/#local-main-organization-logo","url":"https:\/\/petiteprovence.cz\/wp-content\/uploads\/PetiteProvence.cz-logo-800x800-1.jpg","contentUrl":"https:\/\/petiteprovence.cz\/wp-content\/uploads\/PetiteProvence.cz-logo-800x800-1.jpg","width":800,"height":800,"caption":"PetiteProvence.cz"}]},"product_price_amount":"38.00","product_price_currency":"CZK","og_availability":"instock","product_availability":"instock","product_condition":"new","geo.placename":"Praha 10","geo.position":{"lat":"50.0756404","long":"14.5077825"},"geo.region":"Czech Republic"},"_links":{"self":[{"href":"https:\/\/petiteprovence.cz\/en\/wp-json\/wp\/v2\/product\/16553","targetHints":{"allow":["GET"]}}],"collection":[{"href":"https:\/\/petiteprovence.cz\/en\/wp-json\/wp\/v2\/product"}],"about":[{"href":"https:\/\/petiteprovence.cz\/en\/wp-json\/wp\/v2\/types\/product"}],"wp:featuredmedia":[{"embeddable":true,"href":"https:\/\/petiteprovence.cz\/en\/wp-json\/wp\/v2\/media\/16555"}],"wp:attachment":[{"href":"https:\/\/petiteprovence.cz\/en\/wp-json\/wp\/v2\/media?parent=16553"}],"wp:term":[{"taxonomy":"brand","embeddable":true,"href":"https:\/\/petiteprovence.cz\/en\/wp-json\/wp\/v2\/etheme_brands?post=16553"},{"taxonomy":"product_brand","embeddable":true,"href":"https:\/\/petiteprovence.cz\/en\/wp-json\/wp\/v2\/product_brand?post=16553"},{"taxonomy":"product_cat","embeddable":true,"href":"https:\/\/petiteprovence.cz\/en\/wp-json\/wp\/v2\/product_cat?post=16553"},{"taxonomy":"product_tag","embeddable":true,"href":"https:\/\/petiteprovence.cz\/en\/wp-json\/wp\/v2\/product_tag?post=16553"}],"curies":[{"name":"wp","href":"https:\/\/api.w.org\/{rel}","templated":true}]}}