{"id":16726,"date":"2025-06-23T13:56:30","date_gmt":"2025-06-23T11:56:30","guid":{"rendered":"https:\/\/petiteprovence.cz\/?post_type=product&#038;p=16726"},"modified":"2026-02-15T13:54:50","modified_gmt":"2026-02-15T12:54:50","slug":"zimni-vesnicka-svitici-domecky","status":"publish","type":"product","link":"https:\/\/petiteprovence.cz\/en\/produkt\/zimni-vesnicka-svitici-domecky\/","title":{"rendered":"Zimn\u00ed vesni\u010dka &#8211; sv\u00edt\u00edc\u00ed dome\u010dky"},"content":{"rendered":"<p>Nechte se okouzlit ru\u010dn\u011b vyr\u00e1b\u011bnou zimn\u00ed dekorac\u00ed, kter\u00e1 p\u0159ipom\u00edn\u00e1 zasn\u011b\u017eenou poh\u00e1dku. Miniaturn\u00ed d\u0159ev\u011bn\u00e9 dome\u010dky inspirovan\u00e9 pern\u00edkov\u00fdmi chaloupkami dopl\u0148uj\u00ed zasn\u011b\u017een\u00e9 strome\u010dky, mal\u00fd sn\u011bhul\u00e1k a drobn\u00e9 detaily, kter\u00e9 vytv\u00e1\u0159ej\u00ed kouzelnou atmosf\u00e9ru. Tepl\u00e9 sv\u011btlo v ok\u00fdnk\u00e1ch navozuje dojem \u00fatulnosti a klidu. Ide\u00e1ln\u00ed jako v\u00e1no\u010dn\u00ed dekorace na st\u016fl, komodu nebo v\u00fdlohu.<\/p>\n<p>Ka\u017ed\u00fd kousek je origin\u00e1l, s l\u00e1skou malovan\u00fd i zdoben\u00fd ru\u010dn\u011b.<\/p>\n<p>Vyrobeno ru\u010dn\u011b | Kouzlo zimn\u00ed nostalgie | P\u0159\u00edrodn\u00ed materi\u00e1ly<br \/>\nrozm\u011br : pr\u016fm\u011br podstavce : 27,5 cm , v\u00fd\u0161ka dekorace : 21 cm<\/p>\n<p>sv\u011bt\u00fdlka jsou na 2 kulat\u00e9 ploch\u00e9 baterie CR 2032<\/p>\n","protected":false},"excerpt":{"rendered":"<p>Nechte se okouzlit ru\u010dn\u011b vyr\u00e1b\u011bnou zimn\u00ed dekorac\u00ed, kter\u00e1 p\u0159ipom\u00edn\u00e1 zasn\u011b\u017eenou poh\u00e1dku. Miniaturn\u00ed d\u0159ev\u011bn\u00e9 dome\u010dky inspirovan\u00e9 pern\u00edkov\u00fdmi chaloupkami dopl\u0148uj\u00ed zasn\u011b\u017een\u00e9 strome\u010dky, mal\u00fd sn\u011bhul\u00e1k a drobn\u00e9 detaily, kter\u00e9 vytv\u00e1\u0159ej\u00ed kouzelnou atmosf\u00e9ru. Tepl\u00e9 sv\u011btlo v ok\u00fdnk\u00e1ch navozuje dojem \u00fatulnosti a klidu. Ide\u00e1ln\u00ed jako v\u00e1no\u010dn\u00ed dekorace na st\u016fl, komodu nebo v\u00fdlohu. Ka\u017ed\u00fd kousek je origin\u00e1l, s l\u00e1skou malovan\u00fd i zdoben\u00fd ru\u010dn\u011b. Vyrobeno ru\u010dn\u011b | Kouzlo zimn\u00ed nostalgie | P\u0159\u00edrodn\u00ed materi\u00e1ly rozm\u011br : pr\u016fm\u011br podstavce : 27,5 cm , v\u00fd\u0161ka dekorace : 21 cm sv\u011bt\u00fdlka jsou na 2 kulat\u00e9 ploch\u00e9 baterie CR 2032<\/p>\n","protected":false},"featured_media":16727,"template":"","meta":[],"etheme_brands":[{"term_id":50,"name":"PetiteProvence.cz","slug":"petiteprovence-cz-en","term_group":0,"term_taxonomy_id":50,"taxonomy":"brand","description":"[block id=6702]","parent":0,"count":410,"filter":"raw"}],"product_brand":[],"product_cat":[345,336],"product_tag":[],"class_list":{"0":"post-16726","1":"product","2":"type-product","3":"status-publish","4":"has-post-thumbnail","6":"brand-petiteprovence-cz","7":"product_cat-domecky-se-svetylky","8":"product_cat-vanocni-dekorace","10":"first","11":"instock","12":"shipping-taxable","13":"purchasable","14":"product-type-simple"},"yoast_head":"<!-- This site is optimized with the Yoast SEO Premium plugin v27.4 (Yoast SEO v27.4) - https:\/\/yoast.com\/product\/yoast-seo-premium-wordpress\/ -->\n<title>Zimn\u00ed vesni\u010dka - sv\u00edt\u00edc\u00ed dome\u010dky - PetiteProvence.cz<\/title>\n<meta name=\"robots\" content=\"index, follow, max-snippet:-1, max-image-preview:large, max-video-preview:-1\" \/>\n<link rel=\"canonical\" href=\"https:\/\/petiteprovence.cz\/en\/produkt\/zimni-vesnicka-svitici-domecky\/\" \/>\n<meta property=\"og:locale\" content=\"en_US\" \/>\n<meta property=\"og:type\" content=\"article\" \/>\n<meta property=\"og:title\" content=\"Zimn\u00ed vesni\u010dka - sv\u00edt\u00edc\u00ed dome\u010dky\" \/>\n<meta property=\"og:description\" content=\"Nechte se okouzlit ru\u010dn\u011b vyr\u00e1b\u011bnou zimn\u00ed dekorac\u00ed, kter\u00e1 p\u0159ipom\u00edn\u00e1 zasn\u011b\u017eenou poh\u00e1dku. Miniaturn\u00ed d\u0159ev\u011bn\u00e9 dome\u010dky inspirovan\u00e9 pern\u00edkov\u00fdmi chaloupkami dopl\u0148uj\u00ed zasn\u011b\u017een\u00e9 strome\u010dky, mal\u00fd sn\u011bhul\u00e1k a drobn\u00e9 detaily, kter\u00e9 vytv\u00e1\u0159ej\u00ed kouzelnou atmosf\u00e9ru. Tepl\u00e9 sv\u011btlo v ok\u00fdnk\u00e1ch navozuje dojem \u00fatulnosti a klidu. Ide\u00e1ln\u00ed jako v\u00e1no\u010dn\u00ed dekorace na st\u016fl, komodu nebo v\u00fdlohu. Ka\u017ed\u00fd kousek je origin\u00e1l, s l\u00e1skou malovan\u00fd i zdoben\u00fd ru\u010dn\u011b. Vyrobeno ru\u010dn\u011b | Kouzlo zimn\u00ed nostalgie | P\u0159\u00edrodn\u00ed materi\u00e1ly rozm\u011br : pr\u016fm\u011br podstavce : 27,5 cm , v\u00fd\u0161ka dekorace : 21 cm sv\u011bt\u00fdlka jsou na 2 kulat\u00e9 ploch\u00e9 baterie CR 2032\" \/>\n<meta property=\"og:url\" content=\"https:\/\/petiteprovence.cz\/en\/produkt\/zimni-vesnicka-svitici-domecky\/\" \/>\n<meta property=\"og:site_name\" content=\"PetiteProvence.cz\" \/>\n<meta property=\"article:publisher\" content=\"https:\/\/www.facebook.com\/provencehandmade\" \/>\n<meta property=\"article:modified_time\" content=\"2026-02-15T12:54:50+00:00\" \/>\n<meta property=\"og:image\" content=\"https:\/\/petiteprovence.cz\/wp-content\/uploads\/2025\/06\/att.Zqsajb696u6hhw8Mr-Eh1JYf2iB4SagRkQMqEzot0Ow.jpeg\" \/>\n\t<meta property=\"og:image:width\" content=\"1051\" \/>\n\t<meta property=\"og:image:height\" content=\"1051\" \/>\n\t<meta property=\"og:image:type\" content=\"image\/jpeg\" \/>\n<meta name=\"twitter:card\" content=\"summary_large_image\" \/>\n<meta name=\"twitter:site\" content=\"@_PetiteProvence\" \/>\n<script type=\"application\/ld+json\" class=\"yoast-schema-graph\">{\"@context\":\"https:\\\/\\\/schema.org\",\"@graph\":[{\"@type\":[\"WebPage\",\"ItemPage\"],\"@id\":\"https:\\\/\\\/petiteprovence.cz\\\/en\\\/produkt\\\/zimni-vesnicka-svitici-domecky\\\/\",\"url\":\"https:\\\/\\\/petiteprovence.cz\\\/en\\\/produkt\\\/zimni-vesnicka-svitici-domecky\\\/\",\"name\":\"Zimn\u00ed vesni\u010dka - sv\u00edt\u00edc\u00ed dome\u010dky - PetiteProvence.cz\",\"isPartOf\":{\"@id\":\"https:\\\/\\\/petiteprovence.cz\\\/en\\\/#website\"},\"primaryImageOfPage\":{\"@id\":\"https:\\\/\\\/petiteprovence.cz\\\/en\\\/produkt\\\/zimni-vesnicka-svitici-domecky\\\/#primaryimage\"},\"image\":{\"@id\":\"https:\\\/\\\/petiteprovence.cz\\\/en\\\/produkt\\\/zimni-vesnicka-svitici-domecky\\\/#primaryimage\"},\"thumbnailUrl\":\"https:\\\/\\\/petiteprovence.cz\\\/wp-content\\\/uploads\\\/2025\\\/06\\\/att.Zqsajb696u6hhw8Mr-Eh1JYf2iB4SagRkQMqEzot0Ow.jpeg\",\"datePublished\":\"2025-06-23T11:56:30+00:00\",\"dateModified\":\"2026-02-15T12:54:50+00:00\",\"breadcrumb\":{\"@id\":\"https:\\\/\\\/petiteprovence.cz\\\/en\\\/produkt\\\/zimni-vesnicka-svitici-domecky\\\/#breadcrumb\"},\"inLanguage\":\"en-US\",\"potentialAction\":[{\"@type\":\"ReadAction\",\"target\":[\"https:\\\/\\\/petiteprovence.cz\\\/en\\\/produkt\\\/zimni-vesnicka-svitici-domecky\\\/\"]}]},{\"@type\":\"ImageObject\",\"inLanguage\":\"en-US\",\"@id\":\"https:\\\/\\\/petiteprovence.cz\\\/en\\\/produkt\\\/zimni-vesnicka-svitici-domecky\\\/#primaryimage\",\"url\":\"https:\\\/\\\/petiteprovence.cz\\\/wp-content\\\/uploads\\\/2025\\\/06\\\/att.Zqsajb696u6hhw8Mr-Eh1JYf2iB4SagRkQMqEzot0Ow.jpeg\",\"contentUrl\":\"https:\\\/\\\/petiteprovence.cz\\\/wp-content\\\/uploads\\\/2025\\\/06\\\/att.Zqsajb696u6hhw8Mr-Eh1JYf2iB4SagRkQMqEzot0Ow.jpeg\",\"width\":1051,\"height\":1051},{\"@type\":\"BreadcrumbList\",\"@id\":\"https:\\\/\\\/petiteprovence.cz\\\/en\\\/produkt\\\/zimni-vesnicka-svitici-domecky\\\/#breadcrumb\",\"itemListElement\":[{\"@type\":\"ListItem\",\"position\":1,\"name\":\"Home\",\"item\":\"https:\\\/\\\/petiteprovence.cz\\\/en\\\/\"},{\"@type\":\"ListItem\",\"position\":2,\"name\":\"Shop\",\"item\":\"https:\\\/\\\/petiteprovence.cz\\\/en\\\/shop\\\/\"},{\"@type\":\"ListItem\",\"position\":3,\"name\":\"Zimn\u00ed vesni\u010dka &#8211; sv\u00edt\u00edc\u00ed dome\u010dky\"}]},{\"@type\":\"WebSite\",\"@id\":\"https:\\\/\\\/petiteprovence.cz\\\/en\\\/#website\",\"url\":\"https:\\\/\\\/petiteprovence.cz\\\/en\\\/\",\"name\":\"PetiteProvence.cz\",\"description\":\"\",\"publisher\":{\"@id\":\"https:\\\/\\\/petiteprovence.cz\\\/en\\\/#organization\"},\"potentialAction\":[{\"@type\":\"SearchAction\",\"target\":{\"@type\":\"EntryPoint\",\"urlTemplate\":\"https:\\\/\\\/petiteprovence.cz\\\/en\\\/?s={search_term_string}\"},\"query-input\":{\"@type\":\"PropertyValueSpecification\",\"valueRequired\":true,\"valueName\":\"search_term_string\"}}],\"inLanguage\":\"en-US\"},{\"@type\":[\"Organization\",\"Place\",\"HomeGoodsStore\"],\"@id\":\"https:\\\/\\\/petiteprovence.cz\\\/en\\\/#organization\",\"name\":\"PetiteProvence.cz\",\"url\":\"https:\\\/\\\/petiteprovence.cz\\\/en\\\/\",\"logo\":{\"@id\":\"https:\\\/\\\/petiteprovence.cz\\\/en\\\/produkt\\\/zimni-vesnicka-svitici-domecky\\\/#local-main-organization-logo\"},\"image\":{\"@id\":\"https:\\\/\\\/petiteprovence.cz\\\/en\\\/produkt\\\/zimni-vesnicka-svitici-domecky\\\/#local-main-organization-logo\"},\"sameAs\":[\"https:\\\/\\\/www.facebook.com\\\/provencehandmade\",\"https:\\\/\\\/x.com\\\/_PetiteProvence\",\"https:\\\/\\\/www.instagram.com\\\/petite.provence\\\/\",\"https:\\\/\\\/cz.pinterest.com\\\/petiteprovence_cz\"],\"legalName\":\"Petite Provence s.r.o.\",\"foundingDate\":\"2022-05-23\",\"numberOfEmployees\":{\"@type\":\"QuantitativeValue\",\"minValue\":\"1\",\"maxValue\":\"10\"},\"address\":{\"@id\":\"https:\\\/\\\/petiteprovence.cz\\\/en\\\/produkt\\\/zimni-vesnicka-svitici-domecky\\\/#local-main-place-address\"},\"geo\":{\"@type\":\"GeoCoordinates\",\"latitude\":\"50.0756404\",\"longitude\":\"14.5077825\"},\"telephone\":[\"+420212248480\"],\"openingHoursSpecification\":{\"@type\":\"OpeningHoursSpecification\",\"dayOfWeek\":[\"Monday\",\"Tuesday\",\"Wednesday\",\"Thursday\",\"Friday\",\"Saturday\",\"Sunday\"],\"opens\":\"00:00\",\"closes\":\"23:59\"},\"email\":\"info@petiteprovence.cz\",\"areaServed\":\"Czech Republic, Slovak Republic, EU\",\"taxID\":\"17167051\",\"currenciesAccepted\":\"CZK, EUR\",\"paymentAccepted\":\"credit card, cash\"},{\"@type\":\"PostalAddress\",\"@id\":\"https:\\\/\\\/petiteprovence.cz\\\/en\\\/produkt\\\/zimni-vesnicka-svitici-domecky\\\/#local-main-place-address\",\"streetAddress\":\"T\u0159ebohostick\u00e1 3069\\\/14\",\"addressLocality\":\"Praha 10\",\"postalCode\":\"100 00\",\"addressRegion\":\"Praha\",\"addressCountry\":\"CZ\"},{\"@type\":\"ImageObject\",\"inLanguage\":\"en-US\",\"@id\":\"https:\\\/\\\/petiteprovence.cz\\\/en\\\/produkt\\\/zimni-vesnicka-svitici-domecky\\\/#local-main-organization-logo\",\"url\":\"https:\\\/\\\/petiteprovence.cz\\\/wp-content\\\/uploads\\\/PetiteProvence.cz-logo-800x800-1.jpg\",\"contentUrl\":\"https:\\\/\\\/petiteprovence.cz\\\/wp-content\\\/uploads\\\/PetiteProvence.cz-logo-800x800-1.jpg\",\"width\":800,\"height\":800,\"caption\":\"PetiteProvence.cz\"}]}<\/script>\n<meta property=\"product:brand\" content=\"PetiteProvence.cz\" \/>\n<meta property=\"product:price:amount\" content=\"790.00\" \/>\n<meta property=\"product:price:currency\" content=\"CZK\" \/>\n<meta property=\"og:availability\" content=\"instock\" \/>\n<meta property=\"product:availability\" content=\"instock\" \/>\n<meta property=\"product:condition\" content=\"new\" \/>\n<meta name=\"geo.placename\" content=\"Praha 10\" \/>\n<meta name=\"geo.position\" content=\"50.0756404;14.5077825\" \/>\n<meta name=\"geo.region\" content=\"Czech Republic\" \/>\n<!-- \/ Yoast SEO Premium plugin. -->","yoast_head_json":{"title":"Zimn\u00ed vesni\u010dka - sv\u00edt\u00edc\u00ed dome\u010dky - PetiteProvence.cz","robots":{"index":"index","follow":"follow","max-snippet":"max-snippet:-1","max-image-preview":"max-image-preview:large","max-video-preview":"max-video-preview:-1"},"canonical":"https:\/\/petiteprovence.cz\/en\/produkt\/zimni-vesnicka-svitici-domecky\/","og_locale":"en_US","og_type":"article","og_title":"Zimn\u00ed vesni\u010dka - sv\u00edt\u00edc\u00ed dome\u010dky","og_description":"Nechte se okouzlit ru\u010dn\u011b vyr\u00e1b\u011bnou zimn\u00ed dekorac\u00ed, kter\u00e1 p\u0159ipom\u00edn\u00e1 zasn\u011b\u017eenou poh\u00e1dku. Miniaturn\u00ed d\u0159ev\u011bn\u00e9 dome\u010dky inspirovan\u00e9 pern\u00edkov\u00fdmi chaloupkami dopl\u0148uj\u00ed zasn\u011b\u017een\u00e9 strome\u010dky, mal\u00fd sn\u011bhul\u00e1k a drobn\u00e9 detaily, kter\u00e9 vytv\u00e1\u0159ej\u00ed kouzelnou atmosf\u00e9ru. Tepl\u00e9 sv\u011btlo v ok\u00fdnk\u00e1ch navozuje dojem \u00fatulnosti a klidu. Ide\u00e1ln\u00ed jako v\u00e1no\u010dn\u00ed dekorace na st\u016fl, komodu nebo v\u00fdlohu. Ka\u017ed\u00fd kousek je origin\u00e1l, s l\u00e1skou malovan\u00fd i zdoben\u00fd ru\u010dn\u011b. Vyrobeno ru\u010dn\u011b | Kouzlo zimn\u00ed nostalgie | P\u0159\u00edrodn\u00ed materi\u00e1ly rozm\u011br : pr\u016fm\u011br podstavce : 27,5 cm , v\u00fd\u0161ka dekorace : 21 cm sv\u011bt\u00fdlka jsou na 2 kulat\u00e9 ploch\u00e9 baterie CR 2032","og_url":"https:\/\/petiteprovence.cz\/en\/produkt\/zimni-vesnicka-svitici-domecky\/","og_site_name":"PetiteProvence.cz","article_publisher":"https:\/\/www.facebook.com\/provencehandmade","article_modified_time":"2026-02-15T12:54:50+00:00","og_image":[{"width":1051,"height":1051,"url":"https:\/\/petiteprovence.cz\/wp-content\/uploads\/2025\/06\/att.Zqsajb696u6hhw8Mr-Eh1JYf2iB4SagRkQMqEzot0Ow.jpeg","type":"image\/jpeg"}],"twitter_card":"summary_large_image","twitter_site":"@_PetiteProvence","schema":{"@context":"https:\/\/schema.org","@graph":[{"@type":["WebPage","ItemPage"],"@id":"https:\/\/petiteprovence.cz\/en\/produkt\/zimni-vesnicka-svitici-domecky\/","url":"https:\/\/petiteprovence.cz\/en\/produkt\/zimni-vesnicka-svitici-domecky\/","name":"Zimn\u00ed vesni\u010dka - sv\u00edt\u00edc\u00ed dome\u010dky - PetiteProvence.cz","isPartOf":{"@id":"https:\/\/petiteprovence.cz\/en\/#website"},"primaryImageOfPage":{"@id":"https:\/\/petiteprovence.cz\/en\/produkt\/zimni-vesnicka-svitici-domecky\/#primaryimage"},"image":{"@id":"https:\/\/petiteprovence.cz\/en\/produkt\/zimni-vesnicka-svitici-domecky\/#primaryimage"},"thumbnailUrl":"https:\/\/petiteprovence.cz\/wp-content\/uploads\/2025\/06\/att.Zqsajb696u6hhw8Mr-Eh1JYf2iB4SagRkQMqEzot0Ow.jpeg","datePublished":"2025-06-23T11:56:30+00:00","dateModified":"2026-02-15T12:54:50+00:00","breadcrumb":{"@id":"https:\/\/petiteprovence.cz\/en\/produkt\/zimni-vesnicka-svitici-domecky\/#breadcrumb"},"inLanguage":"en-US","potentialAction":[{"@type":"ReadAction","target":["https:\/\/petiteprovence.cz\/en\/produkt\/zimni-vesnicka-svitici-domecky\/"]}]},{"@type":"ImageObject","inLanguage":"en-US","@id":"https:\/\/petiteprovence.cz\/en\/produkt\/zimni-vesnicka-svitici-domecky\/#primaryimage","url":"https:\/\/petiteprovence.cz\/wp-content\/uploads\/2025\/06\/att.Zqsajb696u6hhw8Mr-Eh1JYf2iB4SagRkQMqEzot0Ow.jpeg","contentUrl":"https:\/\/petiteprovence.cz\/wp-content\/uploads\/2025\/06\/att.Zqsajb696u6hhw8Mr-Eh1JYf2iB4SagRkQMqEzot0Ow.jpeg","width":1051,"height":1051},{"@type":"BreadcrumbList","@id":"https:\/\/petiteprovence.cz\/en\/produkt\/zimni-vesnicka-svitici-domecky\/#breadcrumb","itemListElement":[{"@type":"ListItem","position":1,"name":"Home","item":"https:\/\/petiteprovence.cz\/en\/"},{"@type":"ListItem","position":2,"name":"Shop","item":"https:\/\/petiteprovence.cz\/en\/shop\/"},{"@type":"ListItem","position":3,"name":"Zimn\u00ed vesni\u010dka &#8211; sv\u00edt\u00edc\u00ed dome\u010dky"}]},{"@type":"WebSite","@id":"https:\/\/petiteprovence.cz\/en\/#website","url":"https:\/\/petiteprovence.cz\/en\/","name":"PetiteProvence.cz","description":"","publisher":{"@id":"https:\/\/petiteprovence.cz\/en\/#organization"},"potentialAction":[{"@type":"SearchAction","target":{"@type":"EntryPoint","urlTemplate":"https:\/\/petiteprovence.cz\/en\/?s={search_term_string}"},"query-input":{"@type":"PropertyValueSpecification","valueRequired":true,"valueName":"search_term_string"}}],"inLanguage":"en-US"},{"@type":["Organization","Place","HomeGoodsStore"],"@id":"https:\/\/petiteprovence.cz\/en\/#organization","name":"PetiteProvence.cz","url":"https:\/\/petiteprovence.cz\/en\/","logo":{"@id":"https:\/\/petiteprovence.cz\/en\/produkt\/zimni-vesnicka-svitici-domecky\/#local-main-organization-logo"},"image":{"@id":"https:\/\/petiteprovence.cz\/en\/produkt\/zimni-vesnicka-svitici-domecky\/#local-main-organization-logo"},"sameAs":["https:\/\/www.facebook.com\/provencehandmade","https:\/\/x.com\/_PetiteProvence","https:\/\/www.instagram.com\/petite.provence\/","https:\/\/cz.pinterest.com\/petiteprovence_cz"],"legalName":"Petite Provence s.r.o.","foundingDate":"2022-05-23","numberOfEmployees":{"@type":"QuantitativeValue","minValue":"1","maxValue":"10"},"address":{"@id":"https:\/\/petiteprovence.cz\/en\/produkt\/zimni-vesnicka-svitici-domecky\/#local-main-place-address"},"geo":{"@type":"GeoCoordinates","latitude":"50.0756404","longitude":"14.5077825"},"telephone":["+420212248480"],"openingHoursSpecification":{"@type":"OpeningHoursSpecification","dayOfWeek":["Monday","Tuesday","Wednesday","Thursday","Friday","Saturday","Sunday"],"opens":"00:00","closes":"23:59"},"email":"info@petiteprovence.cz","areaServed":"Czech Republic, Slovak Republic, EU","taxID":"17167051","currenciesAccepted":"CZK, EUR","paymentAccepted":"credit card, cash"},{"@type":"PostalAddress","@id":"https:\/\/petiteprovence.cz\/en\/produkt\/zimni-vesnicka-svitici-domecky\/#local-main-place-address","streetAddress":"T\u0159ebohostick\u00e1 3069\/14","addressLocality":"Praha 10","postalCode":"100 00","addressRegion":"Praha","addressCountry":"CZ"},{"@type":"ImageObject","inLanguage":"en-US","@id":"https:\/\/petiteprovence.cz\/en\/produkt\/zimni-vesnicka-svitici-domecky\/#local-main-organization-logo","url":"https:\/\/petiteprovence.cz\/wp-content\/uploads\/PetiteProvence.cz-logo-800x800-1.jpg","contentUrl":"https:\/\/petiteprovence.cz\/wp-content\/uploads\/PetiteProvence.cz-logo-800x800-1.jpg","width":800,"height":800,"caption":"PetiteProvence.cz"}]},"product_brand":"PetiteProvence.cz","product_price_amount":"790.00","product_price_currency":"CZK","og_availability":"instock","product_availability":"instock","product_condition":"new","geo.placename":"Praha 10","geo.position":{"lat":"50.0756404","long":"14.5077825"},"geo.region":"Czech Republic"},"_links":{"self":[{"href":"https:\/\/petiteprovence.cz\/en\/wp-json\/wp\/v2\/product\/16726","targetHints":{"allow":["GET"]}}],"collection":[{"href":"https:\/\/petiteprovence.cz\/en\/wp-json\/wp\/v2\/product"}],"about":[{"href":"https:\/\/petiteprovence.cz\/en\/wp-json\/wp\/v2\/types\/product"}],"wp:featuredmedia":[{"embeddable":true,"href":"https:\/\/petiteprovence.cz\/en\/wp-json\/wp\/v2\/media\/16727"}],"wp:attachment":[{"href":"https:\/\/petiteprovence.cz\/en\/wp-json\/wp\/v2\/media?parent=16726"}],"wp:term":[{"taxonomy":"brand","embeddable":true,"href":"https:\/\/petiteprovence.cz\/en\/wp-json\/wp\/v2\/etheme_brands?post=16726"},{"taxonomy":"product_brand","embeddable":true,"href":"https:\/\/petiteprovence.cz\/en\/wp-json\/wp\/v2\/product_brand?post=16726"},{"taxonomy":"product_cat","embeddable":true,"href":"https:\/\/petiteprovence.cz\/en\/wp-json\/wp\/v2\/product_cat?post=16726"},{"taxonomy":"product_tag","embeddable":true,"href":"https:\/\/petiteprovence.cz\/en\/wp-json\/wp\/v2\/product_tag?post=16726"}],"curies":[{"name":"wp","href":"https:\/\/api.w.org\/{rel}","templated":true}]}}