{"id":16766,"date":"2025-07-22T16:21:21","date_gmt":"2025-07-22T14:21:21","guid":{"rendered":"https:\/\/petiteprovence.cz\/?post_type=product&#038;p=16766"},"modified":"2026-01-27T20:18:41","modified_gmt":"2026-01-27T19:18:41","slug":"cedulka-vesele-vanoce-plasticky-3d-napis","status":"publish","type":"product","link":"https:\/\/petiteprovence.cz\/en\/produkt\/cedulka-vesele-vanoce-plasticky-3d-napis\/","title":{"rendered":"Cedulka &#8220;Vesel\u00e9 V\u00e1noce&#8221; plastick\u00fd 3D n\u00e1pis"},"content":{"rendered":"<p>Origin\u00e1ln\u00ed ru\u010dn\u011b vyroben\u00e1 cedulka s n\u00e1pisem \u201eVesel\u00e9 V\u00e1noce\u201c v rustik\u00e1ln\u00edm stylu kr\u00e1sn\u011b dolad\u00ed tvou v\u00e1no\u010dn\u00ed v\u00fdzdobu. D\u0159ev\u011bn\u00fd podklad s patinou a plastick\u00fd 3D n\u00e1pis ve sv\u011btl\u00e9m t\u00f3nu dod\u00e1vaj\u00ed cedulce jedine\u010dn\u00fd vintage vzhled.<\/p>\n<ul>\n<li>Materi\u00e1l: p\u0159\u00edrodn\u00ed d\u0159evo<\/li>\n<li>Rozm\u011bry: cca 7 x 4 cm<\/li>\n<li>Styl: vintage \/ provence \/ rustik\u00e1ln\u00ed<\/li>\n<li>Ru\u010dn\u00ed v\u00fdroba \u2013 ka\u017ed\u00fd kus je origin\u00e1l<\/li>\n<\/ul>\n<p>\u2728 Skv\u011bl\u00e9 jako dekorace na st\u016fl, v\u011bnec, d\u00e1rkov\u00fd bal\u00ed\u010dek nebo v\u00e1no\u010dn\u00ed aran\u017em\u00e1.<\/p>\n","protected":false},"excerpt":{"rendered":"<p>Origin\u00e1ln\u00ed ru\u010dn\u011b vyroben\u00e1 cedulka s n\u00e1pisem \u201eVesel\u00e9 V\u00e1noce\u201c v rustik\u00e1ln\u00edm stylu kr\u00e1sn\u011b dolad\u00ed tvou v\u00e1no\u010dn\u00ed v\u00fdzdobu. D\u0159ev\u011bn\u00fd podklad s patinou a plastick\u00fd 3D n\u00e1pis ve sv\u011btl\u00e9m t\u00f3nu dod\u00e1vaj\u00ed cedulce jedine\u010dn\u00fd vintage vzhled. Materi\u00e1l: p\u0159\u00edrodn\u00ed d\u0159evo Rozm\u011bry: cca 7 x 4 cm Styl: vintage \/ provence \/ rustik\u00e1ln\u00ed Ru\u010dn\u00ed v\u00fdroba \u2013 ka\u017ed\u00fd kus je origin\u00e1l \u2728 Skv\u011bl\u00e9 jako dekorace na st\u016fl, v\u011bnec, d\u00e1rkov\u00fd bal\u00ed\u010dek nebo v\u00e1no\u010dn\u00ed aran\u017em\u00e1.<\/p>\n","protected":false},"featured_media":16767,"template":"","meta":[],"etheme_brands":[{"term_id":49,"name":"PetiteProvence.cz","slug":"petiteprovence-cz","term_group":0,"term_taxonomy_id":49,"taxonomy":"brand","description":"[block id=\"6702\"]","parent":0,"count":474,"filter":"raw"}],"product_brand":[],"product_cat":[38,336],"product_tag":[],"class_list":{"0":"post-16766","1":"product","2":"type-product","3":"status-publish","4":"has-post-thumbnail","6":"brand-petiteprovence-cz","7":"product_cat-prizdoby-do-vencu-a-dekoraci","8":"product_cat-vanocni-dekorace","10":"first","11":"instock","12":"shipping-taxable","13":"purchasable","14":"product-type-simple"},"yoast_head":"<!-- This site is optimized with the Yoast SEO Premium plugin v27.4 (Yoast SEO v27.5) - https:\/\/yoast.com\/product\/yoast-seo-premium-wordpress\/ -->\n<title>Cedulka &quot;Vesel\u00e9 V\u00e1noce&quot; plastick\u00fd 3D n\u00e1pis - PetiteProvence.cz<\/title>\n<meta name=\"robots\" content=\"index, follow, max-snippet:-1, max-image-preview:large, max-video-preview:-1\" \/>\n<link rel=\"canonical\" href=\"https:\/\/petiteprovence.cz\/en\/produkt\/cedulka-vesele-vanoce-plasticky-3d-napis\/\" \/>\n<meta property=\"og:locale\" content=\"en_US\" \/>\n<meta property=\"og:type\" content=\"article\" \/>\n<meta property=\"og:title\" content=\"Cedulka &quot;Vesel\u00e9 V\u00e1noce&quot; plastick\u00fd 3D n\u00e1pis\" \/>\n<meta property=\"og:description\" content=\"Origin\u00e1ln\u00ed ru\u010dn\u011b vyroben\u00e1 cedulka s n\u00e1pisem \u201eVesel\u00e9 V\u00e1noce\u201c v rustik\u00e1ln\u00edm stylu kr\u00e1sn\u011b dolad\u00ed tvou v\u00e1no\u010dn\u00ed v\u00fdzdobu. D\u0159ev\u011bn\u00fd podklad s patinou a plastick\u00fd 3D n\u00e1pis ve sv\u011btl\u00e9m t\u00f3nu dod\u00e1vaj\u00ed cedulce jedine\u010dn\u00fd vintage vzhled. Materi\u00e1l: p\u0159\u00edrodn\u00ed d\u0159evo Rozm\u011bry: cca 7 x 4 cm Styl: vintage \/ provence \/ rustik\u00e1ln\u00ed Ru\u010dn\u00ed v\u00fdroba \u2013 ka\u017ed\u00fd kus je origin\u00e1l \u2728 Skv\u011bl\u00e9 jako dekorace na st\u016fl, v\u011bnec, d\u00e1rkov\u00fd bal\u00ed\u010dek nebo v\u00e1no\u010dn\u00ed aran\u017em\u00e1.\" \/>\n<meta property=\"og:url\" content=\"https:\/\/petiteprovence.cz\/en\/produkt\/cedulka-vesele-vanoce-plasticky-3d-napis\/\" \/>\n<meta property=\"og:site_name\" content=\"PetiteProvence.cz\" \/>\n<meta property=\"article:publisher\" content=\"https:\/\/www.facebook.com\/provencehandmade\" \/>\n<meta property=\"article:modified_time\" content=\"2026-01-27T19:18:41+00:00\" \/>\n<meta property=\"og:image\" content=\"https:\/\/petiteprovence.cz\/wp-content\/uploads\/2025\/07\/att.71cje-qTdUtEPTmHWFJbO4Te0xPuZZRD9KhLT_CdoBs.jpeg\" \/>\n\t<meta property=\"og:image:width\" content=\"736\" \/>\n\t<meta property=\"og:image:height\" content=\"736\" \/>\n\t<meta property=\"og:image:type\" content=\"image\/jpeg\" \/>\n<meta name=\"twitter:card\" content=\"summary_large_image\" \/>\n<meta name=\"twitter:site\" content=\"@_PetiteProvence\" \/>\n<script type=\"application\/ld+json\" class=\"yoast-schema-graph\">{\"@context\":\"https:\\\/\\\/schema.org\",\"@graph\":[{\"@type\":[\"WebPage\",\"ItemPage\"],\"@id\":\"https:\\\/\\\/petiteprovence.cz\\\/en\\\/produkt\\\/cedulka-vesele-vanoce-plasticky-3d-napis\\\/\",\"url\":\"https:\\\/\\\/petiteprovence.cz\\\/en\\\/produkt\\\/cedulka-vesele-vanoce-plasticky-3d-napis\\\/\",\"name\":\"Cedulka \\\"Vesel\u00e9 V\u00e1noce\\\" plastick\u00fd 3D n\u00e1pis - PetiteProvence.cz\",\"isPartOf\":{\"@id\":\"https:\\\/\\\/petiteprovence.cz\\\/en\\\/#website\"},\"primaryImageOfPage\":{\"@id\":\"https:\\\/\\\/petiteprovence.cz\\\/en\\\/produkt\\\/cedulka-vesele-vanoce-plasticky-3d-napis\\\/#primaryimage\"},\"image\":{\"@id\":\"https:\\\/\\\/petiteprovence.cz\\\/en\\\/produkt\\\/cedulka-vesele-vanoce-plasticky-3d-napis\\\/#primaryimage\"},\"thumbnailUrl\":\"https:\\\/\\\/petiteprovence.cz\\\/wp-content\\\/uploads\\\/2025\\\/07\\\/att.71cje-qTdUtEPTmHWFJbO4Te0xPuZZRD9KhLT_CdoBs.jpeg\",\"datePublished\":\"2025-07-22T14:21:21+00:00\",\"dateModified\":\"2026-01-27T19:18:41+00:00\",\"breadcrumb\":{\"@id\":\"https:\\\/\\\/petiteprovence.cz\\\/en\\\/produkt\\\/cedulka-vesele-vanoce-plasticky-3d-napis\\\/#breadcrumb\"},\"inLanguage\":\"en-US\",\"potentialAction\":[{\"@type\":\"ReadAction\",\"target\":[\"https:\\\/\\\/petiteprovence.cz\\\/en\\\/produkt\\\/cedulka-vesele-vanoce-plasticky-3d-napis\\\/\"]}]},{\"@type\":\"ImageObject\",\"inLanguage\":\"en-US\",\"@id\":\"https:\\\/\\\/petiteprovence.cz\\\/en\\\/produkt\\\/cedulka-vesele-vanoce-plasticky-3d-napis\\\/#primaryimage\",\"url\":\"https:\\\/\\\/petiteprovence.cz\\\/wp-content\\\/uploads\\\/2025\\\/07\\\/att.71cje-qTdUtEPTmHWFJbO4Te0xPuZZRD9KhLT_CdoBs.jpeg\",\"contentUrl\":\"https:\\\/\\\/petiteprovence.cz\\\/wp-content\\\/uploads\\\/2025\\\/07\\\/att.71cje-qTdUtEPTmHWFJbO4Te0xPuZZRD9KhLT_CdoBs.jpeg\",\"width\":736,\"height\":736},{\"@type\":\"BreadcrumbList\",\"@id\":\"https:\\\/\\\/petiteprovence.cz\\\/en\\\/produkt\\\/cedulka-vesele-vanoce-plasticky-3d-napis\\\/#breadcrumb\",\"itemListElement\":[{\"@type\":\"ListItem\",\"position\":1,\"name\":\"Home\",\"item\":\"https:\\\/\\\/petiteprovence.cz\\\/en\\\/\"},{\"@type\":\"ListItem\",\"position\":2,\"name\":\"Shop\",\"item\":\"https:\\\/\\\/petiteprovence.cz\\\/en\\\/shop\\\/\"},{\"@type\":\"ListItem\",\"position\":3,\"name\":\"Cedulka &#8220;Vesel\u00e9 V\u00e1noce&#8221; plastick\u00fd 3D n\u00e1pis\"}]},{\"@type\":\"WebSite\",\"@id\":\"https:\\\/\\\/petiteprovence.cz\\\/en\\\/#website\",\"url\":\"https:\\\/\\\/petiteprovence.cz\\\/en\\\/\",\"name\":\"PetiteProvence.cz\",\"description\":\"\",\"publisher\":{\"@id\":\"https:\\\/\\\/petiteprovence.cz\\\/en\\\/#organization\"},\"potentialAction\":[{\"@type\":\"SearchAction\",\"target\":{\"@type\":\"EntryPoint\",\"urlTemplate\":\"https:\\\/\\\/petiteprovence.cz\\\/en\\\/?s={search_term_string}\"},\"query-input\":{\"@type\":\"PropertyValueSpecification\",\"valueRequired\":true,\"valueName\":\"search_term_string\"}}],\"inLanguage\":\"en-US\"},{\"@type\":[\"Organization\",\"Place\",\"HomeGoodsStore\"],\"@id\":\"https:\\\/\\\/petiteprovence.cz\\\/en\\\/#organization\",\"name\":\"PetiteProvence.cz\",\"url\":\"https:\\\/\\\/petiteprovence.cz\\\/en\\\/\",\"logo\":{\"@id\":\"https:\\\/\\\/petiteprovence.cz\\\/en\\\/produkt\\\/cedulka-vesele-vanoce-plasticky-3d-napis\\\/#local-main-organization-logo\"},\"image\":{\"@id\":\"https:\\\/\\\/petiteprovence.cz\\\/en\\\/produkt\\\/cedulka-vesele-vanoce-plasticky-3d-napis\\\/#local-main-organization-logo\"},\"sameAs\":[\"https:\\\/\\\/www.facebook.com\\\/provencehandmade\",\"https:\\\/\\\/x.com\\\/_PetiteProvence\",\"https:\\\/\\\/www.instagram.com\\\/petite.provence\\\/\",\"https:\\\/\\\/cz.pinterest.com\\\/petiteprovence_cz\"],\"legalName\":\"Petite Provence s.r.o.\",\"foundingDate\":\"2022-05-23\",\"numberOfEmployees\":{\"@type\":\"QuantitativeValue\",\"minValue\":\"1\",\"maxValue\":\"10\"},\"address\":{\"@id\":\"https:\\\/\\\/petiteprovence.cz\\\/en\\\/produkt\\\/cedulka-vesele-vanoce-plasticky-3d-napis\\\/#local-main-place-address\"},\"geo\":{\"@type\":\"GeoCoordinates\",\"latitude\":\"50.0756404\",\"longitude\":\"14.5077825\"},\"telephone\":[\"+420212248480\"],\"openingHoursSpecification\":{\"@type\":\"OpeningHoursSpecification\",\"dayOfWeek\":[\"Monday\",\"Tuesday\",\"Wednesday\",\"Thursday\",\"Friday\",\"Saturday\",\"Sunday\"],\"opens\":\"00:00\",\"closes\":\"23:59\"},\"email\":\"info@petiteprovence.cz\",\"areaServed\":\"Czech Republic, Slovak Republic, EU\",\"taxID\":\"17167051\",\"currenciesAccepted\":\"CZK, EUR\",\"paymentAccepted\":\"credit card, cash\"},{\"@type\":\"PostalAddress\",\"@id\":\"https:\\\/\\\/petiteprovence.cz\\\/en\\\/produkt\\\/cedulka-vesele-vanoce-plasticky-3d-napis\\\/#local-main-place-address\",\"streetAddress\":\"T\u0159ebohostick\u00e1 3069\\\/14\",\"addressLocality\":\"Praha 10\",\"postalCode\":\"100 00\",\"addressRegion\":\"Praha\",\"addressCountry\":\"CZ\"},{\"@type\":\"ImageObject\",\"inLanguage\":\"en-US\",\"@id\":\"https:\\\/\\\/petiteprovence.cz\\\/en\\\/produkt\\\/cedulka-vesele-vanoce-plasticky-3d-napis\\\/#local-main-organization-logo\",\"url\":\"https:\\\/\\\/petiteprovence.cz\\\/wp-content\\\/uploads\\\/PetiteProvence.cz-logo-800x800-1.jpg\",\"contentUrl\":\"https:\\\/\\\/petiteprovence.cz\\\/wp-content\\\/uploads\\\/PetiteProvence.cz-logo-800x800-1.jpg\",\"width\":800,\"height\":800,\"caption\":\"PetiteProvence.cz\"}]}<\/script>\n<meta property=\"product:brand\" content=\"PetiteProvence.cz\" \/>\n<meta property=\"product:price:amount\" content=\"35.00\" \/>\n<meta property=\"product:price:currency\" content=\"CZK\" \/>\n<meta property=\"og:availability\" content=\"instock\" \/>\n<meta property=\"product:availability\" content=\"instock\" \/>\n<meta property=\"product:condition\" content=\"new\" \/>\n<meta name=\"geo.placename\" content=\"Praha 10\" \/>\n<meta name=\"geo.position\" content=\"50.0756404;14.5077825\" \/>\n<meta name=\"geo.region\" content=\"Czech Republic\" \/>\n<!-- \/ Yoast SEO Premium plugin. -->","yoast_head_json":{"title":"Cedulka \"Vesel\u00e9 V\u00e1noce\" plastick\u00fd 3D n\u00e1pis - PetiteProvence.cz","robots":{"index":"index","follow":"follow","max-snippet":"max-snippet:-1","max-image-preview":"max-image-preview:large","max-video-preview":"max-video-preview:-1"},"canonical":"https:\/\/petiteprovence.cz\/en\/produkt\/cedulka-vesele-vanoce-plasticky-3d-napis\/","og_locale":"en_US","og_type":"article","og_title":"Cedulka \"Vesel\u00e9 V\u00e1noce\" plastick\u00fd 3D n\u00e1pis","og_description":"Origin\u00e1ln\u00ed ru\u010dn\u011b vyroben\u00e1 cedulka s n\u00e1pisem \u201eVesel\u00e9 V\u00e1noce\u201c v rustik\u00e1ln\u00edm stylu kr\u00e1sn\u011b dolad\u00ed tvou v\u00e1no\u010dn\u00ed v\u00fdzdobu. D\u0159ev\u011bn\u00fd podklad s patinou a plastick\u00fd 3D n\u00e1pis ve sv\u011btl\u00e9m t\u00f3nu dod\u00e1vaj\u00ed cedulce jedine\u010dn\u00fd vintage vzhled. Materi\u00e1l: p\u0159\u00edrodn\u00ed d\u0159evo Rozm\u011bry: cca 7 x 4 cm Styl: vintage \/ provence \/ rustik\u00e1ln\u00ed Ru\u010dn\u00ed v\u00fdroba \u2013 ka\u017ed\u00fd kus je origin\u00e1l \u2728 Skv\u011bl\u00e9 jako dekorace na st\u016fl, v\u011bnec, d\u00e1rkov\u00fd bal\u00ed\u010dek nebo v\u00e1no\u010dn\u00ed aran\u017em\u00e1.","og_url":"https:\/\/petiteprovence.cz\/en\/produkt\/cedulka-vesele-vanoce-plasticky-3d-napis\/","og_site_name":"PetiteProvence.cz","article_publisher":"https:\/\/www.facebook.com\/provencehandmade","article_modified_time":"2026-01-27T19:18:41+00:00","og_image":[{"width":736,"height":736,"url":"https:\/\/petiteprovence.cz\/wp-content\/uploads\/2025\/07\/att.71cje-qTdUtEPTmHWFJbO4Te0xPuZZRD9KhLT_CdoBs.jpeg","type":"image\/jpeg"}],"twitter_card":"summary_large_image","twitter_site":"@_PetiteProvence","schema":{"@context":"https:\/\/schema.org","@graph":[{"@type":["WebPage","ItemPage"],"@id":"https:\/\/petiteprovence.cz\/en\/produkt\/cedulka-vesele-vanoce-plasticky-3d-napis\/","url":"https:\/\/petiteprovence.cz\/en\/produkt\/cedulka-vesele-vanoce-plasticky-3d-napis\/","name":"Cedulka \"Vesel\u00e9 V\u00e1noce\" plastick\u00fd 3D n\u00e1pis - PetiteProvence.cz","isPartOf":{"@id":"https:\/\/petiteprovence.cz\/en\/#website"},"primaryImageOfPage":{"@id":"https:\/\/petiteprovence.cz\/en\/produkt\/cedulka-vesele-vanoce-plasticky-3d-napis\/#primaryimage"},"image":{"@id":"https:\/\/petiteprovence.cz\/en\/produkt\/cedulka-vesele-vanoce-plasticky-3d-napis\/#primaryimage"},"thumbnailUrl":"https:\/\/petiteprovence.cz\/wp-content\/uploads\/2025\/07\/att.71cje-qTdUtEPTmHWFJbO4Te0xPuZZRD9KhLT_CdoBs.jpeg","datePublished":"2025-07-22T14:21:21+00:00","dateModified":"2026-01-27T19:18:41+00:00","breadcrumb":{"@id":"https:\/\/petiteprovence.cz\/en\/produkt\/cedulka-vesele-vanoce-plasticky-3d-napis\/#breadcrumb"},"inLanguage":"en-US","potentialAction":[{"@type":"ReadAction","target":["https:\/\/petiteprovence.cz\/en\/produkt\/cedulka-vesele-vanoce-plasticky-3d-napis\/"]}]},{"@type":"ImageObject","inLanguage":"en-US","@id":"https:\/\/petiteprovence.cz\/en\/produkt\/cedulka-vesele-vanoce-plasticky-3d-napis\/#primaryimage","url":"https:\/\/petiteprovence.cz\/wp-content\/uploads\/2025\/07\/att.71cje-qTdUtEPTmHWFJbO4Te0xPuZZRD9KhLT_CdoBs.jpeg","contentUrl":"https:\/\/petiteprovence.cz\/wp-content\/uploads\/2025\/07\/att.71cje-qTdUtEPTmHWFJbO4Te0xPuZZRD9KhLT_CdoBs.jpeg","width":736,"height":736},{"@type":"BreadcrumbList","@id":"https:\/\/petiteprovence.cz\/en\/produkt\/cedulka-vesele-vanoce-plasticky-3d-napis\/#breadcrumb","itemListElement":[{"@type":"ListItem","position":1,"name":"Home","item":"https:\/\/petiteprovence.cz\/en\/"},{"@type":"ListItem","position":2,"name":"Shop","item":"https:\/\/petiteprovence.cz\/en\/shop\/"},{"@type":"ListItem","position":3,"name":"Cedulka &#8220;Vesel\u00e9 V\u00e1noce&#8221; plastick\u00fd 3D n\u00e1pis"}]},{"@type":"WebSite","@id":"https:\/\/petiteprovence.cz\/en\/#website","url":"https:\/\/petiteprovence.cz\/en\/","name":"PetiteProvence.cz","description":"","publisher":{"@id":"https:\/\/petiteprovence.cz\/en\/#organization"},"potentialAction":[{"@type":"SearchAction","target":{"@type":"EntryPoint","urlTemplate":"https:\/\/petiteprovence.cz\/en\/?s={search_term_string}"},"query-input":{"@type":"PropertyValueSpecification","valueRequired":true,"valueName":"search_term_string"}}],"inLanguage":"en-US"},{"@type":["Organization","Place","HomeGoodsStore"],"@id":"https:\/\/petiteprovence.cz\/en\/#organization","name":"PetiteProvence.cz","url":"https:\/\/petiteprovence.cz\/en\/","logo":{"@id":"https:\/\/petiteprovence.cz\/en\/produkt\/cedulka-vesele-vanoce-plasticky-3d-napis\/#local-main-organization-logo"},"image":{"@id":"https:\/\/petiteprovence.cz\/en\/produkt\/cedulka-vesele-vanoce-plasticky-3d-napis\/#local-main-organization-logo"},"sameAs":["https:\/\/www.facebook.com\/provencehandmade","https:\/\/x.com\/_PetiteProvence","https:\/\/www.instagram.com\/petite.provence\/","https:\/\/cz.pinterest.com\/petiteprovence_cz"],"legalName":"Petite Provence s.r.o.","foundingDate":"2022-05-23","numberOfEmployees":{"@type":"QuantitativeValue","minValue":"1","maxValue":"10"},"address":{"@id":"https:\/\/petiteprovence.cz\/en\/produkt\/cedulka-vesele-vanoce-plasticky-3d-napis\/#local-main-place-address"},"geo":{"@type":"GeoCoordinates","latitude":"50.0756404","longitude":"14.5077825"},"telephone":["+420212248480"],"openingHoursSpecification":{"@type":"OpeningHoursSpecification","dayOfWeek":["Monday","Tuesday","Wednesday","Thursday","Friday","Saturday","Sunday"],"opens":"00:00","closes":"23:59"},"email":"info@petiteprovence.cz","areaServed":"Czech Republic, Slovak Republic, EU","taxID":"17167051","currenciesAccepted":"CZK, EUR","paymentAccepted":"credit card, cash"},{"@type":"PostalAddress","@id":"https:\/\/petiteprovence.cz\/en\/produkt\/cedulka-vesele-vanoce-plasticky-3d-napis\/#local-main-place-address","streetAddress":"T\u0159ebohostick\u00e1 3069\/14","addressLocality":"Praha 10","postalCode":"100 00","addressRegion":"Praha","addressCountry":"CZ"},{"@type":"ImageObject","inLanguage":"en-US","@id":"https:\/\/petiteprovence.cz\/en\/produkt\/cedulka-vesele-vanoce-plasticky-3d-napis\/#local-main-organization-logo","url":"https:\/\/petiteprovence.cz\/wp-content\/uploads\/PetiteProvence.cz-logo-800x800-1.jpg","contentUrl":"https:\/\/petiteprovence.cz\/wp-content\/uploads\/PetiteProvence.cz-logo-800x800-1.jpg","width":800,"height":800,"caption":"PetiteProvence.cz"}]},"product_brand":"PetiteProvence.cz","product_price_amount":"35.00","product_price_currency":"CZK","og_availability":"instock","product_availability":"instock","product_condition":"new","geo.placename":"Praha 10","geo.position":{"lat":"50.0756404","long":"14.5077825"},"geo.region":"Czech Republic"},"_links":{"self":[{"href":"https:\/\/petiteprovence.cz\/en\/wp-json\/wp\/v2\/product\/16766","targetHints":{"allow":["GET"]}}],"collection":[{"href":"https:\/\/petiteprovence.cz\/en\/wp-json\/wp\/v2\/product"}],"about":[{"href":"https:\/\/petiteprovence.cz\/en\/wp-json\/wp\/v2\/types\/product"}],"wp:featuredmedia":[{"embeddable":true,"href":"https:\/\/petiteprovence.cz\/en\/wp-json\/wp\/v2\/media\/16767"}],"wp:attachment":[{"href":"https:\/\/petiteprovence.cz\/en\/wp-json\/wp\/v2\/media?parent=16766"}],"wp:term":[{"taxonomy":"brand","embeddable":true,"href":"https:\/\/petiteprovence.cz\/en\/wp-json\/wp\/v2\/etheme_brands?post=16766"},{"taxonomy":"product_brand","embeddable":true,"href":"https:\/\/petiteprovence.cz\/en\/wp-json\/wp\/v2\/product_brand?post=16766"},{"taxonomy":"product_cat","embeddable":true,"href":"https:\/\/petiteprovence.cz\/en\/wp-json\/wp\/v2\/product_cat?post=16766"},{"taxonomy":"product_tag","embeddable":true,"href":"https:\/\/petiteprovence.cz\/en\/wp-json\/wp\/v2\/product_tag?post=16766"}],"curies":[{"name":"wp","href":"https:\/\/api.w.org\/{rel}","templated":true}]}}