{"id":16873,"date":"2025-09-04T12:45:50","date_gmt":"2025-09-04T10:45:50","guid":{"rendered":"https:\/\/petiteprovence.cz\/?post_type=product&#038;p=16873"},"modified":"2025-11-15T11:26:15","modified_gmt":"2025-11-15T10:26:15","slug":"domecek-vesele-vanoce-2-kusy","status":"publish","type":"product","link":"https:\/\/petiteprovence.cz\/en\/produkt\/domecek-vesele-vanoce-2-kusy\/","title":{"rendered":"Dome\u010dek &#8220;vesel\u00e9 v\u00e1noce &#8221; 2 kusy"},"content":{"rendered":"","protected":false},"excerpt":{"rendered":"<p>2 kusy dome\u010dk\u016f z masivn\u00edho d\u0159eva ur\u010den\u00e9 do zimn\u00edch a v\u00e1no\u010dn\u00edch dekorac\u00ed a v\u011bnc\u016f .<br \/>\nrozm\u011br dome\u010dku : 4 x 7,5 cm<\/p>\n<p>&nbsp;<\/p>\n","protected":false},"featured_media":16874,"template":"","meta":[],"etheme_brands":[{"term_id":49,"name":"PetiteProvence.cz","slug":"petiteprovence-cz","term_group":0,"term_taxonomy_id":49,"taxonomy":"brand","description":"[block id=\"6702\"]","parent":0,"count":472,"filter":"raw"}],"product_brand":[],"product_cat":[38,336],"product_tag":[],"class_list":{"0":"post-16873","1":"product","2":"type-product","3":"status-publish","4":"has-post-thumbnail","6":"brand-petiteprovence-cz","7":"product_cat-prizdoby-do-vencu-a-dekoraci","8":"product_cat-vanocni-dekorace","10":"first","11":"instock","12":"shipping-taxable","13":"purchasable","14":"product-type-simple"},"yoast_head":"<!-- This site is optimized with the Yoast SEO Premium plugin v27.4 (Yoast SEO v27.4) - https:\/\/yoast.com\/product\/yoast-seo-premium-wordpress\/ -->\n<title>Dome\u010dek &quot;vesel\u00e9 v\u00e1noce &quot; 2 kusy - PetiteProvence.cz<\/title>\n<meta name=\"robots\" content=\"index, follow, max-snippet:-1, max-image-preview:large, max-video-preview:-1\" \/>\n<link rel=\"canonical\" href=\"https:\/\/petiteprovence.cz\/en\/produkt\/domecek-vesele-vanoce-2-kusy\/\" \/>\n<meta property=\"og:locale\" content=\"en_US\" \/>\n<meta property=\"og:type\" content=\"article\" \/>\n<meta property=\"og:title\" content=\"Dome\u010dek &quot;vesel\u00e9 v\u00e1noce &quot; 2 kusy\" \/>\n<meta property=\"og:description\" content=\"2 kusy dome\u010dk\u016f z masivn\u00edho d\u0159eva ur\u010den\u00e9 do zimn\u00edch a v\u00e1no\u010dn\u00edch dekorac\u00ed a v\u011bnc\u016f . rozm\u011br dome\u010dku : 4 x 7,5 cm  &nbsp;\" \/>\n<meta property=\"og:url\" content=\"https:\/\/petiteprovence.cz\/en\/produkt\/domecek-vesele-vanoce-2-kusy\/\" \/>\n<meta property=\"og:site_name\" content=\"PetiteProvence.cz\" \/>\n<meta property=\"article:publisher\" content=\"https:\/\/www.facebook.com\/provencehandmade\" \/>\n<meta property=\"article:modified_time\" content=\"2025-11-15T10:26:15+00:00\" \/>\n<meta property=\"og:image\" content=\"https:\/\/petiteprovence.cz\/wp-content\/uploads\/2025\/09\/att.Wg34OOgIBnmExOZKfGmDjxlEqcmYLSQ1b0WV3VOwNkM.jpeg\" \/>\n\t<meta property=\"og:image:width\" content=\"1365\" \/>\n\t<meta property=\"og:image:height\" content=\"1365\" \/>\n\t<meta property=\"og:image:type\" content=\"image\/jpeg\" \/>\n<meta name=\"twitter:card\" content=\"summary_large_image\" \/>\n<meta name=\"twitter:site\" content=\"@_PetiteProvence\" \/>\n<script type=\"application\/ld+json\" class=\"yoast-schema-graph\">{\"@context\":\"https:\\\/\\\/schema.org\",\"@graph\":[{\"@type\":[\"WebPage\",\"ItemPage\"],\"@id\":\"https:\\\/\\\/petiteprovence.cz\\\/en\\\/produkt\\\/domecek-vesele-vanoce-2-kusy\\\/\",\"url\":\"https:\\\/\\\/petiteprovence.cz\\\/en\\\/produkt\\\/domecek-vesele-vanoce-2-kusy\\\/\",\"name\":\"Dome\u010dek \\\"vesel\u00e9 v\u00e1noce \\\" 2 kusy - PetiteProvence.cz\",\"isPartOf\":{\"@id\":\"https:\\\/\\\/petiteprovence.cz\\\/en\\\/#website\"},\"primaryImageOfPage\":{\"@id\":\"https:\\\/\\\/petiteprovence.cz\\\/en\\\/produkt\\\/domecek-vesele-vanoce-2-kusy\\\/#primaryimage\"},\"image\":{\"@id\":\"https:\\\/\\\/petiteprovence.cz\\\/en\\\/produkt\\\/domecek-vesele-vanoce-2-kusy\\\/#primaryimage\"},\"thumbnailUrl\":\"https:\\\/\\\/petiteprovence.cz\\\/wp-content\\\/uploads\\\/2025\\\/09\\\/att.Wg34OOgIBnmExOZKfGmDjxlEqcmYLSQ1b0WV3VOwNkM.jpeg\",\"datePublished\":\"2025-09-04T10:45:50+00:00\",\"dateModified\":\"2025-11-15T10:26:15+00:00\",\"breadcrumb\":{\"@id\":\"https:\\\/\\\/petiteprovence.cz\\\/en\\\/produkt\\\/domecek-vesele-vanoce-2-kusy\\\/#breadcrumb\"},\"inLanguage\":\"en-US\",\"potentialAction\":[{\"@type\":\"ReadAction\",\"target\":[\"https:\\\/\\\/petiteprovence.cz\\\/en\\\/produkt\\\/domecek-vesele-vanoce-2-kusy\\\/\"]}]},{\"@type\":\"ImageObject\",\"inLanguage\":\"en-US\",\"@id\":\"https:\\\/\\\/petiteprovence.cz\\\/en\\\/produkt\\\/domecek-vesele-vanoce-2-kusy\\\/#primaryimage\",\"url\":\"https:\\\/\\\/petiteprovence.cz\\\/wp-content\\\/uploads\\\/2025\\\/09\\\/att.Wg34OOgIBnmExOZKfGmDjxlEqcmYLSQ1b0WV3VOwNkM.jpeg\",\"contentUrl\":\"https:\\\/\\\/petiteprovence.cz\\\/wp-content\\\/uploads\\\/2025\\\/09\\\/att.Wg34OOgIBnmExOZKfGmDjxlEqcmYLSQ1b0WV3VOwNkM.jpeg\",\"width\":1365,\"height\":1365},{\"@type\":\"BreadcrumbList\",\"@id\":\"https:\\\/\\\/petiteprovence.cz\\\/en\\\/produkt\\\/domecek-vesele-vanoce-2-kusy\\\/#breadcrumb\",\"itemListElement\":[{\"@type\":\"ListItem\",\"position\":1,\"name\":\"Home\",\"item\":\"https:\\\/\\\/petiteprovence.cz\\\/en\\\/\"},{\"@type\":\"ListItem\",\"position\":2,\"name\":\"Shop\",\"item\":\"https:\\\/\\\/petiteprovence.cz\\\/en\\\/shop\\\/\"},{\"@type\":\"ListItem\",\"position\":3,\"name\":\"Dome\u010dek &#8220;vesel\u00e9 v\u00e1noce &#8221; 2 kusy\"}]},{\"@type\":\"WebSite\",\"@id\":\"https:\\\/\\\/petiteprovence.cz\\\/en\\\/#website\",\"url\":\"https:\\\/\\\/petiteprovence.cz\\\/en\\\/\",\"name\":\"PetiteProvence.cz\",\"description\":\"\",\"publisher\":{\"@id\":\"https:\\\/\\\/petiteprovence.cz\\\/en\\\/#organization\"},\"potentialAction\":[{\"@type\":\"SearchAction\",\"target\":{\"@type\":\"EntryPoint\",\"urlTemplate\":\"https:\\\/\\\/petiteprovence.cz\\\/en\\\/?s={search_term_string}\"},\"query-input\":{\"@type\":\"PropertyValueSpecification\",\"valueRequired\":true,\"valueName\":\"search_term_string\"}}],\"inLanguage\":\"en-US\"},{\"@type\":[\"Organization\",\"Place\",\"HomeGoodsStore\"],\"@id\":\"https:\\\/\\\/petiteprovence.cz\\\/en\\\/#organization\",\"name\":\"PetiteProvence.cz\",\"url\":\"https:\\\/\\\/petiteprovence.cz\\\/en\\\/\",\"logo\":{\"@id\":\"https:\\\/\\\/petiteprovence.cz\\\/en\\\/produkt\\\/domecek-vesele-vanoce-2-kusy\\\/#local-main-organization-logo\"},\"image\":{\"@id\":\"https:\\\/\\\/petiteprovence.cz\\\/en\\\/produkt\\\/domecek-vesele-vanoce-2-kusy\\\/#local-main-organization-logo\"},\"sameAs\":[\"https:\\\/\\\/www.facebook.com\\\/provencehandmade\",\"https:\\\/\\\/x.com\\\/_PetiteProvence\",\"https:\\\/\\\/www.instagram.com\\\/petite.provence\\\/\",\"https:\\\/\\\/cz.pinterest.com\\\/petiteprovence_cz\"],\"legalName\":\"Petite Provence s.r.o.\",\"foundingDate\":\"2022-05-23\",\"numberOfEmployees\":{\"@type\":\"QuantitativeValue\",\"minValue\":\"1\",\"maxValue\":\"10\"},\"address\":{\"@id\":\"https:\\\/\\\/petiteprovence.cz\\\/en\\\/produkt\\\/domecek-vesele-vanoce-2-kusy\\\/#local-main-place-address\"},\"geo\":{\"@type\":\"GeoCoordinates\",\"latitude\":\"50.0756404\",\"longitude\":\"14.5077825\"},\"telephone\":[\"+420212248480\"],\"openingHoursSpecification\":{\"@type\":\"OpeningHoursSpecification\",\"dayOfWeek\":[\"Monday\",\"Tuesday\",\"Wednesday\",\"Thursday\",\"Friday\",\"Saturday\",\"Sunday\"],\"opens\":\"00:00\",\"closes\":\"23:59\"},\"email\":\"info@petiteprovence.cz\",\"areaServed\":\"Czech Republic, Slovak Republic, EU\",\"taxID\":\"17167051\",\"currenciesAccepted\":\"CZK, EUR\",\"paymentAccepted\":\"credit card, cash\"},{\"@type\":\"PostalAddress\",\"@id\":\"https:\\\/\\\/petiteprovence.cz\\\/en\\\/produkt\\\/domecek-vesele-vanoce-2-kusy\\\/#local-main-place-address\",\"streetAddress\":\"T\u0159ebohostick\u00e1 3069\\\/14\",\"addressLocality\":\"Praha 10\",\"postalCode\":\"100 00\",\"addressRegion\":\"Praha\",\"addressCountry\":\"CZ\"},{\"@type\":\"ImageObject\",\"inLanguage\":\"en-US\",\"@id\":\"https:\\\/\\\/petiteprovence.cz\\\/en\\\/produkt\\\/domecek-vesele-vanoce-2-kusy\\\/#local-main-organization-logo\",\"url\":\"https:\\\/\\\/petiteprovence.cz\\\/wp-content\\\/uploads\\\/PetiteProvence.cz-logo-800x800-1.jpg\",\"contentUrl\":\"https:\\\/\\\/petiteprovence.cz\\\/wp-content\\\/uploads\\\/PetiteProvence.cz-logo-800x800-1.jpg\",\"width\":800,\"height\":800,\"caption\":\"PetiteProvence.cz\"}]}<\/script>\n<meta property=\"product:brand\" content=\"PetiteProvence.cz\" \/>\n<meta property=\"product:price:amount\" content=\"78.00\" \/>\n<meta property=\"product:price:currency\" content=\"CZK\" \/>\n<meta property=\"og:availability\" content=\"instock\" \/>\n<meta property=\"product:availability\" content=\"instock\" \/>\n<meta property=\"product:condition\" content=\"new\" \/>\n<meta name=\"geo.placename\" content=\"Praha 10\" \/>\n<meta name=\"geo.position\" content=\"50.0756404;14.5077825\" \/>\n<meta name=\"geo.region\" content=\"Czech Republic\" \/>\n<!-- \/ Yoast SEO Premium plugin. -->","yoast_head_json":{"title":"Dome\u010dek \"vesel\u00e9 v\u00e1noce \" 2 kusy - PetiteProvence.cz","robots":{"index":"index","follow":"follow","max-snippet":"max-snippet:-1","max-image-preview":"max-image-preview:large","max-video-preview":"max-video-preview:-1"},"canonical":"https:\/\/petiteprovence.cz\/en\/produkt\/domecek-vesele-vanoce-2-kusy\/","og_locale":"en_US","og_type":"article","og_title":"Dome\u010dek \"vesel\u00e9 v\u00e1noce \" 2 kusy","og_description":"2 kusy dome\u010dk\u016f z masivn\u00edho d\u0159eva ur\u010den\u00e9 do zimn\u00edch a v\u00e1no\u010dn\u00edch dekorac\u00ed a v\u011bnc\u016f . rozm\u011br dome\u010dku : 4 x 7,5 cm  &nbsp;","og_url":"https:\/\/petiteprovence.cz\/en\/produkt\/domecek-vesele-vanoce-2-kusy\/","og_site_name":"PetiteProvence.cz","article_publisher":"https:\/\/www.facebook.com\/provencehandmade","article_modified_time":"2025-11-15T10:26:15+00:00","og_image":[{"width":1365,"height":1365,"url":"https:\/\/petiteprovence.cz\/wp-content\/uploads\/2025\/09\/att.Wg34OOgIBnmExOZKfGmDjxlEqcmYLSQ1b0WV3VOwNkM.jpeg","type":"image\/jpeg"}],"twitter_card":"summary_large_image","twitter_site":"@_PetiteProvence","schema":{"@context":"https:\/\/schema.org","@graph":[{"@type":["WebPage","ItemPage"],"@id":"https:\/\/petiteprovence.cz\/en\/produkt\/domecek-vesele-vanoce-2-kusy\/","url":"https:\/\/petiteprovence.cz\/en\/produkt\/domecek-vesele-vanoce-2-kusy\/","name":"Dome\u010dek \"vesel\u00e9 v\u00e1noce \" 2 kusy - PetiteProvence.cz","isPartOf":{"@id":"https:\/\/petiteprovence.cz\/en\/#website"},"primaryImageOfPage":{"@id":"https:\/\/petiteprovence.cz\/en\/produkt\/domecek-vesele-vanoce-2-kusy\/#primaryimage"},"image":{"@id":"https:\/\/petiteprovence.cz\/en\/produkt\/domecek-vesele-vanoce-2-kusy\/#primaryimage"},"thumbnailUrl":"https:\/\/petiteprovence.cz\/wp-content\/uploads\/2025\/09\/att.Wg34OOgIBnmExOZKfGmDjxlEqcmYLSQ1b0WV3VOwNkM.jpeg","datePublished":"2025-09-04T10:45:50+00:00","dateModified":"2025-11-15T10:26:15+00:00","breadcrumb":{"@id":"https:\/\/petiteprovence.cz\/en\/produkt\/domecek-vesele-vanoce-2-kusy\/#breadcrumb"},"inLanguage":"en-US","potentialAction":[{"@type":"ReadAction","target":["https:\/\/petiteprovence.cz\/en\/produkt\/domecek-vesele-vanoce-2-kusy\/"]}]},{"@type":"ImageObject","inLanguage":"en-US","@id":"https:\/\/petiteprovence.cz\/en\/produkt\/domecek-vesele-vanoce-2-kusy\/#primaryimage","url":"https:\/\/petiteprovence.cz\/wp-content\/uploads\/2025\/09\/att.Wg34OOgIBnmExOZKfGmDjxlEqcmYLSQ1b0WV3VOwNkM.jpeg","contentUrl":"https:\/\/petiteprovence.cz\/wp-content\/uploads\/2025\/09\/att.Wg34OOgIBnmExOZKfGmDjxlEqcmYLSQ1b0WV3VOwNkM.jpeg","width":1365,"height":1365},{"@type":"BreadcrumbList","@id":"https:\/\/petiteprovence.cz\/en\/produkt\/domecek-vesele-vanoce-2-kusy\/#breadcrumb","itemListElement":[{"@type":"ListItem","position":1,"name":"Home","item":"https:\/\/petiteprovence.cz\/en\/"},{"@type":"ListItem","position":2,"name":"Shop","item":"https:\/\/petiteprovence.cz\/en\/shop\/"},{"@type":"ListItem","position":3,"name":"Dome\u010dek &#8220;vesel\u00e9 v\u00e1noce &#8221; 2 kusy"}]},{"@type":"WebSite","@id":"https:\/\/petiteprovence.cz\/en\/#website","url":"https:\/\/petiteprovence.cz\/en\/","name":"PetiteProvence.cz","description":"","publisher":{"@id":"https:\/\/petiteprovence.cz\/en\/#organization"},"potentialAction":[{"@type":"SearchAction","target":{"@type":"EntryPoint","urlTemplate":"https:\/\/petiteprovence.cz\/en\/?s={search_term_string}"},"query-input":{"@type":"PropertyValueSpecification","valueRequired":true,"valueName":"search_term_string"}}],"inLanguage":"en-US"},{"@type":["Organization","Place","HomeGoodsStore"],"@id":"https:\/\/petiteprovence.cz\/en\/#organization","name":"PetiteProvence.cz","url":"https:\/\/petiteprovence.cz\/en\/","logo":{"@id":"https:\/\/petiteprovence.cz\/en\/produkt\/domecek-vesele-vanoce-2-kusy\/#local-main-organization-logo"},"image":{"@id":"https:\/\/petiteprovence.cz\/en\/produkt\/domecek-vesele-vanoce-2-kusy\/#local-main-organization-logo"},"sameAs":["https:\/\/www.facebook.com\/provencehandmade","https:\/\/x.com\/_PetiteProvence","https:\/\/www.instagram.com\/petite.provence\/","https:\/\/cz.pinterest.com\/petiteprovence_cz"],"legalName":"Petite Provence s.r.o.","foundingDate":"2022-05-23","numberOfEmployees":{"@type":"QuantitativeValue","minValue":"1","maxValue":"10"},"address":{"@id":"https:\/\/petiteprovence.cz\/en\/produkt\/domecek-vesele-vanoce-2-kusy\/#local-main-place-address"},"geo":{"@type":"GeoCoordinates","latitude":"50.0756404","longitude":"14.5077825"},"telephone":["+420212248480"],"openingHoursSpecification":{"@type":"OpeningHoursSpecification","dayOfWeek":["Monday","Tuesday","Wednesday","Thursday","Friday","Saturday","Sunday"],"opens":"00:00","closes":"23:59"},"email":"info@petiteprovence.cz","areaServed":"Czech Republic, Slovak Republic, EU","taxID":"17167051","currenciesAccepted":"CZK, EUR","paymentAccepted":"credit card, cash"},{"@type":"PostalAddress","@id":"https:\/\/petiteprovence.cz\/en\/produkt\/domecek-vesele-vanoce-2-kusy\/#local-main-place-address","streetAddress":"T\u0159ebohostick\u00e1 3069\/14","addressLocality":"Praha 10","postalCode":"100 00","addressRegion":"Praha","addressCountry":"CZ"},{"@type":"ImageObject","inLanguage":"en-US","@id":"https:\/\/petiteprovence.cz\/en\/produkt\/domecek-vesele-vanoce-2-kusy\/#local-main-organization-logo","url":"https:\/\/petiteprovence.cz\/wp-content\/uploads\/PetiteProvence.cz-logo-800x800-1.jpg","contentUrl":"https:\/\/petiteprovence.cz\/wp-content\/uploads\/PetiteProvence.cz-logo-800x800-1.jpg","width":800,"height":800,"caption":"PetiteProvence.cz"}]},"product_brand":"PetiteProvence.cz","product_price_amount":"78.00","product_price_currency":"CZK","og_availability":"instock","product_availability":"instock","product_condition":"new","geo.placename":"Praha 10","geo.position":{"lat":"50.0756404","long":"14.5077825"},"geo.region":"Czech Republic"},"_links":{"self":[{"href":"https:\/\/petiteprovence.cz\/en\/wp-json\/wp\/v2\/product\/16873","targetHints":{"allow":["GET"]}}],"collection":[{"href":"https:\/\/petiteprovence.cz\/en\/wp-json\/wp\/v2\/product"}],"about":[{"href":"https:\/\/petiteprovence.cz\/en\/wp-json\/wp\/v2\/types\/product"}],"wp:featuredmedia":[{"embeddable":true,"href":"https:\/\/petiteprovence.cz\/en\/wp-json\/wp\/v2\/media\/16874"}],"wp:attachment":[{"href":"https:\/\/petiteprovence.cz\/en\/wp-json\/wp\/v2\/media?parent=16873"}],"wp:term":[{"taxonomy":"brand","embeddable":true,"href":"https:\/\/petiteprovence.cz\/en\/wp-json\/wp\/v2\/etheme_brands?post=16873"},{"taxonomy":"product_brand","embeddable":true,"href":"https:\/\/petiteprovence.cz\/en\/wp-json\/wp\/v2\/product_brand?post=16873"},{"taxonomy":"product_cat","embeddable":true,"href":"https:\/\/petiteprovence.cz\/en\/wp-json\/wp\/v2\/product_cat?post=16873"},{"taxonomy":"product_tag","embeddable":true,"href":"https:\/\/petiteprovence.cz\/en\/wp-json\/wp\/v2\/product_tag?post=16873"}],"curies":[{"name":"wp","href":"https:\/\/api.w.org\/{rel}","templated":true}]}}