{"id":16884,"date":"2025-09-04T13:28:05","date_gmt":"2025-09-04T11:28:05","guid":{"rendered":"https:\/\/petiteprovence.cz\/?post_type=product&#038;p=16884"},"modified":"2025-09-13T13:28:03","modified_gmt":"2025-09-13T11:28:03","slug":"zimni-vesnicka-cervena-s-puntiky","status":"publish","type":"product","link":"https:\/\/petiteprovence.cz\/en\/produkt\/zimni-vesnicka-cervena-s-puntiky\/","title":{"rendered":"Zimn\u00ed vesni\u010dka \u010derven\u00e1 s punt\u00edky"},"content":{"rendered":"","protected":false},"excerpt":{"rendered":"<p>D\u0159ev\u011bn\u00e1 zimn\u00ed vesni\u010dka \u2013 v\u00e1no\u010dn\u00ed dekorace.<\/p>\n<p>Kouzeln\u00e1 zimn\u00ed dekorace, kter\u00e1 vnese do va\u0161eho domova pohodu a v\u00e1no\u010dn\u00ed atmosf\u00e9ru.<\/p>\n<p>Vesni\u010dka je ru\u010dn\u011b vyroben\u00e1 ze d\u0159eva, jemn\u011b patinovan\u00e1 a dopln\u011bn\u00e1 o drobn\u00e9 detaily \u2013 zdoben\u00e9 vchodov\u00e9 dve\u0159e, sn\u011bhem posypan\u00e9 st\u0159echy, drobn\u00e9 v\u00e1no\u010dn\u00ed v\u011bne\u010dky a zasn\u011b\u017een\u00e9 stromky.<\/p>\n<p>Detaily produktu:<\/p>\n<ul>\n<li>materi\u00e1l: d\u0159evo<\/li>\n<li>barvy: b\u00edl\u00e1, pastelov\u011b r\u016f\u017eov\u00e1, sv\u011btle modr\u00e1, \u010derven\u00e1 se vzorem punt\u00edk\u016f<\/li>\n<li>dopl\u0148ky: miniaturn\u00ed stromky, d\u0159ev\u011bn\u00e1 z\u00e1kladna s patinou, mal\u00e9 dekora\u010dn\u00ed \u201esn\u011bhov\u00e9\u201c kuli\u010dky<\/li>\n<li>styl: v\u00e1no\u010dn\u00ed, romantick\u00fd, seversk\u00fd \/ shabby chic<\/li>\n<li>S vlo\u017een\u00fdm sv\u011bteln\u00fdm \u0159et\u011bzem na 2 tu\u017ekov\u00e9 baterie .<\/li>\n<li>rozm\u011bry: cca 30 x 10 cm , v\u00fd\u0161ka : 14 cm<\/li>\n<li>Ide\u00e1ln\u00ed jako dekorace na st\u016fl, poli\u010dku nebo pod v\u00e1no\u010dn\u00ed strome\u010dek. Skv\u011ble se hod\u00ed i jako origin\u00e1ln\u00ed d\u00e1rek pro milovn\u00edky V\u00e1noc a zimn\u00ed atmosf\u00e9ry.<\/li>\n<\/ul>\n","protected":false},"featured_media":16885,"template":"","meta":[],"etheme_brands":[{"term_id":49,"name":"PetiteProvence.cz","slug":"petiteprovence-cz","term_group":0,"term_taxonomy_id":49,"taxonomy":"brand","description":"[block id=\"6702\"]","parent":0,"count":472,"filter":"raw"}],"product_brand":[],"product_cat":[67,345,336],"product_tag":[],"class_list":{"0":"post-16884","1":"product","2":"type-product","3":"status-publish","4":"has-post-thumbnail","6":"brand-petiteprovence-cz","7":"product_cat-domecky","8":"product_cat-domecky-se-svetylky","9":"product_cat-vanocni-dekorace","11":"first","12":"outofstock","13":"shipping-taxable","14":"purchasable","15":"product-type-simple"},"yoast_head":"<!-- This site is optimized with the Yoast SEO Premium plugin v27.4 (Yoast SEO v27.4) - https:\/\/yoast.com\/product\/yoast-seo-premium-wordpress\/ -->\n<title>Zimn\u00ed vesni\u010dka \u010derven\u00e1 s punt\u00edky - PetiteProvence.cz<\/title>\n<meta name=\"robots\" content=\"index, follow, max-snippet:-1, max-image-preview:large, max-video-preview:-1\" \/>\n<link rel=\"canonical\" href=\"https:\/\/petiteprovence.cz\/en\/produkt\/zimni-vesnicka-cervena-s-puntiky\/\" \/>\n<meta property=\"og:locale\" content=\"en_US\" \/>\n<meta property=\"og:type\" content=\"article\" \/>\n<meta property=\"og:title\" content=\"Zimn\u00ed vesni\u010dka \u010derven\u00e1 s punt\u00edky\" \/>\n<meta property=\"og:description\" content=\"D\u0159ev\u011bn\u00e1 zimn\u00ed vesni\u010dka \u2013 v\u00e1no\u010dn\u00ed dekorace.  Kouzeln\u00e1 zimn\u00ed dekorace, kter\u00e1 vnese do va\u0161eho domova pohodu a v\u00e1no\u010dn\u00ed atmosf\u00e9ru.  Vesni\u010dka je ru\u010dn\u011b vyroben\u00e1 ze d\u0159eva, jemn\u011b patinovan\u00e1 a dopln\u011bn\u00e1 o drobn\u00e9 detaily \u2013 zdoben\u00e9 vchodov\u00e9 dve\u0159e, sn\u011bhem posypan\u00e9 st\u0159echy, drobn\u00e9 v\u00e1no\u010dn\u00ed v\u011bne\u010dky a zasn\u011b\u017een\u00e9 stromky.  Detaily produktu:   materi\u00e1l: d\u0159evo  barvy: b\u00edl\u00e1, pastelov\u011b r\u016f\u017eov\u00e1, sv\u011btle modr\u00e1, \u010derven\u00e1 se vzorem punt\u00edk\u016f  dopl\u0148ky: miniaturn\u00ed stromky, d\u0159ev\u011bn\u00e1 z\u00e1kladna s patinou, mal\u00e9 dekora\u010dn\u00ed \u201esn\u011bhov\u00e9\u201c kuli\u010dky  styl: v\u00e1no\u010dn\u00ed, romantick\u00fd, seversk\u00fd \/ shabby chic  S vlo\u017een\u00fdm sv\u011bteln\u00fdm \u0159et\u011bzem na 2 tu\u017ekov\u00e9 baterie .  rozm\u011bry: cca 30 x 10 cm , v\u00fd\u0161ka : 14 cm  Ide\u00e1ln\u00ed jako dekorace na st\u016fl, poli\u010dku nebo pod v\u00e1no\u010dn\u00ed strome\u010dek. Skv\u011ble se hod\u00ed i jako origin\u00e1ln\u00ed d\u00e1rek pro milovn\u00edky V\u00e1noc a zimn\u00ed atmosf\u00e9ry.\" \/>\n<meta property=\"og:url\" content=\"https:\/\/petiteprovence.cz\/en\/produkt\/zimni-vesnicka-cervena-s-puntiky\/\" \/>\n<meta property=\"og:site_name\" content=\"PetiteProvence.cz\" \/>\n<meta property=\"article:publisher\" content=\"https:\/\/www.facebook.com\/provencehandmade\" \/>\n<meta property=\"article:modified_time\" content=\"2025-09-13T11:28:03+00:00\" \/>\n<meta property=\"og:image\" content=\"https:\/\/petiteprovence.cz\/wp-content\/uploads\/2025\/09\/att.MrvyPB0K4TlH92WD9p5jgc52poqNALzPP6mT3PJeGCA.jpeg\" \/>\n\t<meta property=\"og:image:width\" content=\"1322\" \/>\n\t<meta property=\"og:image:height\" content=\"1322\" \/>\n\t<meta property=\"og:image:type\" content=\"image\/jpeg\" \/>\n<meta name=\"twitter:card\" content=\"summary_large_image\" \/>\n<meta name=\"twitter:site\" content=\"@_PetiteProvence\" \/>\n<script type=\"application\/ld+json\" class=\"yoast-schema-graph\">{\"@context\":\"https:\\\/\\\/schema.org\",\"@graph\":[{\"@type\":[\"WebPage\",\"ItemPage\"],\"@id\":\"https:\\\/\\\/petiteprovence.cz\\\/en\\\/produkt\\\/zimni-vesnicka-cervena-s-puntiky\\\/\",\"url\":\"https:\\\/\\\/petiteprovence.cz\\\/en\\\/produkt\\\/zimni-vesnicka-cervena-s-puntiky\\\/\",\"name\":\"Zimn\u00ed vesni\u010dka \u010derven\u00e1 s punt\u00edky - PetiteProvence.cz\",\"isPartOf\":{\"@id\":\"https:\\\/\\\/petiteprovence.cz\\\/en\\\/#website\"},\"primaryImageOfPage\":{\"@id\":\"https:\\\/\\\/petiteprovence.cz\\\/en\\\/produkt\\\/zimni-vesnicka-cervena-s-puntiky\\\/#primaryimage\"},\"image\":{\"@id\":\"https:\\\/\\\/petiteprovence.cz\\\/en\\\/produkt\\\/zimni-vesnicka-cervena-s-puntiky\\\/#primaryimage\"},\"thumbnailUrl\":\"https:\\\/\\\/petiteprovence.cz\\\/wp-content\\\/uploads\\\/2025\\\/09\\\/att.MrvyPB0K4TlH92WD9p5jgc52poqNALzPP6mT3PJeGCA.jpeg\",\"datePublished\":\"2025-09-04T11:28:05+00:00\",\"dateModified\":\"2025-09-13T11:28:03+00:00\",\"breadcrumb\":{\"@id\":\"https:\\\/\\\/petiteprovence.cz\\\/en\\\/produkt\\\/zimni-vesnicka-cervena-s-puntiky\\\/#breadcrumb\"},\"inLanguage\":\"en-US\",\"potentialAction\":[{\"@type\":\"ReadAction\",\"target\":[\"https:\\\/\\\/petiteprovence.cz\\\/en\\\/produkt\\\/zimni-vesnicka-cervena-s-puntiky\\\/\"]}]},{\"@type\":\"ImageObject\",\"inLanguage\":\"en-US\",\"@id\":\"https:\\\/\\\/petiteprovence.cz\\\/en\\\/produkt\\\/zimni-vesnicka-cervena-s-puntiky\\\/#primaryimage\",\"url\":\"https:\\\/\\\/petiteprovence.cz\\\/wp-content\\\/uploads\\\/2025\\\/09\\\/att.MrvyPB0K4TlH92WD9p5jgc52poqNALzPP6mT3PJeGCA.jpeg\",\"contentUrl\":\"https:\\\/\\\/petiteprovence.cz\\\/wp-content\\\/uploads\\\/2025\\\/09\\\/att.MrvyPB0K4TlH92WD9p5jgc52poqNALzPP6mT3PJeGCA.jpeg\",\"width\":1322,\"height\":1322},{\"@type\":\"BreadcrumbList\",\"@id\":\"https:\\\/\\\/petiteprovence.cz\\\/en\\\/produkt\\\/zimni-vesnicka-cervena-s-puntiky\\\/#breadcrumb\",\"itemListElement\":[{\"@type\":\"ListItem\",\"position\":1,\"name\":\"Home\",\"item\":\"https:\\\/\\\/petiteprovence.cz\\\/en\\\/\"},{\"@type\":\"ListItem\",\"position\":2,\"name\":\"Shop\",\"item\":\"https:\\\/\\\/petiteprovence.cz\\\/en\\\/shop\\\/\"},{\"@type\":\"ListItem\",\"position\":3,\"name\":\"Zimn\u00ed vesni\u010dka \u010derven\u00e1 s punt\u00edky\"}]},{\"@type\":\"WebSite\",\"@id\":\"https:\\\/\\\/petiteprovence.cz\\\/en\\\/#website\",\"url\":\"https:\\\/\\\/petiteprovence.cz\\\/en\\\/\",\"name\":\"PetiteProvence.cz\",\"description\":\"\",\"publisher\":{\"@id\":\"https:\\\/\\\/petiteprovence.cz\\\/en\\\/#organization\"},\"potentialAction\":[{\"@type\":\"SearchAction\",\"target\":{\"@type\":\"EntryPoint\",\"urlTemplate\":\"https:\\\/\\\/petiteprovence.cz\\\/en\\\/?s={search_term_string}\"},\"query-input\":{\"@type\":\"PropertyValueSpecification\",\"valueRequired\":true,\"valueName\":\"search_term_string\"}}],\"inLanguage\":\"en-US\"},{\"@type\":[\"Organization\",\"Place\",\"HomeGoodsStore\"],\"@id\":\"https:\\\/\\\/petiteprovence.cz\\\/en\\\/#organization\",\"name\":\"PetiteProvence.cz\",\"url\":\"https:\\\/\\\/petiteprovence.cz\\\/en\\\/\",\"logo\":{\"@id\":\"https:\\\/\\\/petiteprovence.cz\\\/en\\\/produkt\\\/zimni-vesnicka-cervena-s-puntiky\\\/#local-main-organization-logo\"},\"image\":{\"@id\":\"https:\\\/\\\/petiteprovence.cz\\\/en\\\/produkt\\\/zimni-vesnicka-cervena-s-puntiky\\\/#local-main-organization-logo\"},\"sameAs\":[\"https:\\\/\\\/www.facebook.com\\\/provencehandmade\",\"https:\\\/\\\/x.com\\\/_PetiteProvence\",\"https:\\\/\\\/www.instagram.com\\\/petite.provence\\\/\",\"https:\\\/\\\/cz.pinterest.com\\\/petiteprovence_cz\"],\"legalName\":\"Petite Provence s.r.o.\",\"foundingDate\":\"2022-05-23\",\"numberOfEmployees\":{\"@type\":\"QuantitativeValue\",\"minValue\":\"1\",\"maxValue\":\"10\"},\"address\":{\"@id\":\"https:\\\/\\\/petiteprovence.cz\\\/en\\\/produkt\\\/zimni-vesnicka-cervena-s-puntiky\\\/#local-main-place-address\"},\"geo\":{\"@type\":\"GeoCoordinates\",\"latitude\":\"50.0756404\",\"longitude\":\"14.5077825\"},\"telephone\":[\"+420212248480\"],\"openingHoursSpecification\":{\"@type\":\"OpeningHoursSpecification\",\"dayOfWeek\":[\"Monday\",\"Tuesday\",\"Wednesday\",\"Thursday\",\"Friday\",\"Saturday\",\"Sunday\"],\"opens\":\"00:00\",\"closes\":\"23:59\"},\"email\":\"info@petiteprovence.cz\",\"areaServed\":\"Czech Republic, Slovak Republic, EU\",\"taxID\":\"17167051\",\"currenciesAccepted\":\"CZK, EUR\",\"paymentAccepted\":\"credit card, cash\"},{\"@type\":\"PostalAddress\",\"@id\":\"https:\\\/\\\/petiteprovence.cz\\\/en\\\/produkt\\\/zimni-vesnicka-cervena-s-puntiky\\\/#local-main-place-address\",\"streetAddress\":\"T\u0159ebohostick\u00e1 3069\\\/14\",\"addressLocality\":\"Praha 10\",\"postalCode\":\"100 00\",\"addressRegion\":\"Praha\",\"addressCountry\":\"CZ\"},{\"@type\":\"ImageObject\",\"inLanguage\":\"en-US\",\"@id\":\"https:\\\/\\\/petiteprovence.cz\\\/en\\\/produkt\\\/zimni-vesnicka-cervena-s-puntiky\\\/#local-main-organization-logo\",\"url\":\"https:\\\/\\\/petiteprovence.cz\\\/wp-content\\\/uploads\\\/PetiteProvence.cz-logo-800x800-1.jpg\",\"contentUrl\":\"https:\\\/\\\/petiteprovence.cz\\\/wp-content\\\/uploads\\\/PetiteProvence.cz-logo-800x800-1.jpg\",\"width\":800,\"height\":800,\"caption\":\"PetiteProvence.cz\"}]}<\/script>\n<meta property=\"product:brand\" content=\"PetiteProvence.cz\" \/>\n<meta property=\"product:price:amount\" content=\"780.00\" \/>\n<meta property=\"product:price:currency\" content=\"CZK\" \/>\n<meta property=\"og:availability\" content=\"out of stock\" \/>\n<meta property=\"product:availability\" content=\"out of stock\" \/>\n<meta property=\"product:condition\" content=\"new\" \/>\n<meta name=\"geo.placename\" content=\"Praha 10\" \/>\n<meta name=\"geo.position\" content=\"50.0756404;14.5077825\" \/>\n<meta name=\"geo.region\" content=\"Czech Republic\" \/>\n<!-- \/ Yoast SEO Premium plugin. -->","yoast_head_json":{"title":"Zimn\u00ed vesni\u010dka \u010derven\u00e1 s punt\u00edky - PetiteProvence.cz","robots":{"index":"index","follow":"follow","max-snippet":"max-snippet:-1","max-image-preview":"max-image-preview:large","max-video-preview":"max-video-preview:-1"},"canonical":"https:\/\/petiteprovence.cz\/en\/produkt\/zimni-vesnicka-cervena-s-puntiky\/","og_locale":"en_US","og_type":"article","og_title":"Zimn\u00ed vesni\u010dka \u010derven\u00e1 s punt\u00edky","og_description":"D\u0159ev\u011bn\u00e1 zimn\u00ed vesni\u010dka \u2013 v\u00e1no\u010dn\u00ed dekorace.  Kouzeln\u00e1 zimn\u00ed dekorace, kter\u00e1 vnese do va\u0161eho domova pohodu a v\u00e1no\u010dn\u00ed atmosf\u00e9ru.  Vesni\u010dka je ru\u010dn\u011b vyroben\u00e1 ze d\u0159eva, jemn\u011b patinovan\u00e1 a dopln\u011bn\u00e1 o drobn\u00e9 detaily \u2013 zdoben\u00e9 vchodov\u00e9 dve\u0159e, sn\u011bhem posypan\u00e9 st\u0159echy, drobn\u00e9 v\u00e1no\u010dn\u00ed v\u011bne\u010dky a zasn\u011b\u017een\u00e9 stromky.  Detaily produktu:   materi\u00e1l: d\u0159evo  barvy: b\u00edl\u00e1, pastelov\u011b r\u016f\u017eov\u00e1, sv\u011btle modr\u00e1, \u010derven\u00e1 se vzorem punt\u00edk\u016f  dopl\u0148ky: miniaturn\u00ed stromky, d\u0159ev\u011bn\u00e1 z\u00e1kladna s patinou, mal\u00e9 dekora\u010dn\u00ed \u201esn\u011bhov\u00e9\u201c kuli\u010dky  styl: v\u00e1no\u010dn\u00ed, romantick\u00fd, seversk\u00fd \/ shabby chic  S vlo\u017een\u00fdm sv\u011bteln\u00fdm \u0159et\u011bzem na 2 tu\u017ekov\u00e9 baterie .  rozm\u011bry: cca 30 x 10 cm , v\u00fd\u0161ka : 14 cm  Ide\u00e1ln\u00ed jako dekorace na st\u016fl, poli\u010dku nebo pod v\u00e1no\u010dn\u00ed strome\u010dek. Skv\u011ble se hod\u00ed i jako origin\u00e1ln\u00ed d\u00e1rek pro milovn\u00edky V\u00e1noc a zimn\u00ed atmosf\u00e9ry.","og_url":"https:\/\/petiteprovence.cz\/en\/produkt\/zimni-vesnicka-cervena-s-puntiky\/","og_site_name":"PetiteProvence.cz","article_publisher":"https:\/\/www.facebook.com\/provencehandmade","article_modified_time":"2025-09-13T11:28:03+00:00","og_image":[{"width":1322,"height":1322,"url":"https:\/\/petiteprovence.cz\/wp-content\/uploads\/2025\/09\/att.MrvyPB0K4TlH92WD9p5jgc52poqNALzPP6mT3PJeGCA.jpeg","type":"image\/jpeg"}],"twitter_card":"summary_large_image","twitter_site":"@_PetiteProvence","schema":{"@context":"https:\/\/schema.org","@graph":[{"@type":["WebPage","ItemPage"],"@id":"https:\/\/petiteprovence.cz\/en\/produkt\/zimni-vesnicka-cervena-s-puntiky\/","url":"https:\/\/petiteprovence.cz\/en\/produkt\/zimni-vesnicka-cervena-s-puntiky\/","name":"Zimn\u00ed vesni\u010dka \u010derven\u00e1 s punt\u00edky - PetiteProvence.cz","isPartOf":{"@id":"https:\/\/petiteprovence.cz\/en\/#website"},"primaryImageOfPage":{"@id":"https:\/\/petiteprovence.cz\/en\/produkt\/zimni-vesnicka-cervena-s-puntiky\/#primaryimage"},"image":{"@id":"https:\/\/petiteprovence.cz\/en\/produkt\/zimni-vesnicka-cervena-s-puntiky\/#primaryimage"},"thumbnailUrl":"https:\/\/petiteprovence.cz\/wp-content\/uploads\/2025\/09\/att.MrvyPB0K4TlH92WD9p5jgc52poqNALzPP6mT3PJeGCA.jpeg","datePublished":"2025-09-04T11:28:05+00:00","dateModified":"2025-09-13T11:28:03+00:00","breadcrumb":{"@id":"https:\/\/petiteprovence.cz\/en\/produkt\/zimni-vesnicka-cervena-s-puntiky\/#breadcrumb"},"inLanguage":"en-US","potentialAction":[{"@type":"ReadAction","target":["https:\/\/petiteprovence.cz\/en\/produkt\/zimni-vesnicka-cervena-s-puntiky\/"]}]},{"@type":"ImageObject","inLanguage":"en-US","@id":"https:\/\/petiteprovence.cz\/en\/produkt\/zimni-vesnicka-cervena-s-puntiky\/#primaryimage","url":"https:\/\/petiteprovence.cz\/wp-content\/uploads\/2025\/09\/att.MrvyPB0K4TlH92WD9p5jgc52poqNALzPP6mT3PJeGCA.jpeg","contentUrl":"https:\/\/petiteprovence.cz\/wp-content\/uploads\/2025\/09\/att.MrvyPB0K4TlH92WD9p5jgc52poqNALzPP6mT3PJeGCA.jpeg","width":1322,"height":1322},{"@type":"BreadcrumbList","@id":"https:\/\/petiteprovence.cz\/en\/produkt\/zimni-vesnicka-cervena-s-puntiky\/#breadcrumb","itemListElement":[{"@type":"ListItem","position":1,"name":"Home","item":"https:\/\/petiteprovence.cz\/en\/"},{"@type":"ListItem","position":2,"name":"Shop","item":"https:\/\/petiteprovence.cz\/en\/shop\/"},{"@type":"ListItem","position":3,"name":"Zimn\u00ed vesni\u010dka \u010derven\u00e1 s punt\u00edky"}]},{"@type":"WebSite","@id":"https:\/\/petiteprovence.cz\/en\/#website","url":"https:\/\/petiteprovence.cz\/en\/","name":"PetiteProvence.cz","description":"","publisher":{"@id":"https:\/\/petiteprovence.cz\/en\/#organization"},"potentialAction":[{"@type":"SearchAction","target":{"@type":"EntryPoint","urlTemplate":"https:\/\/petiteprovence.cz\/en\/?s={search_term_string}"},"query-input":{"@type":"PropertyValueSpecification","valueRequired":true,"valueName":"search_term_string"}}],"inLanguage":"en-US"},{"@type":["Organization","Place","HomeGoodsStore"],"@id":"https:\/\/petiteprovence.cz\/en\/#organization","name":"PetiteProvence.cz","url":"https:\/\/petiteprovence.cz\/en\/","logo":{"@id":"https:\/\/petiteprovence.cz\/en\/produkt\/zimni-vesnicka-cervena-s-puntiky\/#local-main-organization-logo"},"image":{"@id":"https:\/\/petiteprovence.cz\/en\/produkt\/zimni-vesnicka-cervena-s-puntiky\/#local-main-organization-logo"},"sameAs":["https:\/\/www.facebook.com\/provencehandmade","https:\/\/x.com\/_PetiteProvence","https:\/\/www.instagram.com\/petite.provence\/","https:\/\/cz.pinterest.com\/petiteprovence_cz"],"legalName":"Petite Provence s.r.o.","foundingDate":"2022-05-23","numberOfEmployees":{"@type":"QuantitativeValue","minValue":"1","maxValue":"10"},"address":{"@id":"https:\/\/petiteprovence.cz\/en\/produkt\/zimni-vesnicka-cervena-s-puntiky\/#local-main-place-address"},"geo":{"@type":"GeoCoordinates","latitude":"50.0756404","longitude":"14.5077825"},"telephone":["+420212248480"],"openingHoursSpecification":{"@type":"OpeningHoursSpecification","dayOfWeek":["Monday","Tuesday","Wednesday","Thursday","Friday","Saturday","Sunday"],"opens":"00:00","closes":"23:59"},"email":"info@petiteprovence.cz","areaServed":"Czech Republic, Slovak Republic, EU","taxID":"17167051","currenciesAccepted":"CZK, EUR","paymentAccepted":"credit card, cash"},{"@type":"PostalAddress","@id":"https:\/\/petiteprovence.cz\/en\/produkt\/zimni-vesnicka-cervena-s-puntiky\/#local-main-place-address","streetAddress":"T\u0159ebohostick\u00e1 3069\/14","addressLocality":"Praha 10","postalCode":"100 00","addressRegion":"Praha","addressCountry":"CZ"},{"@type":"ImageObject","inLanguage":"en-US","@id":"https:\/\/petiteprovence.cz\/en\/produkt\/zimni-vesnicka-cervena-s-puntiky\/#local-main-organization-logo","url":"https:\/\/petiteprovence.cz\/wp-content\/uploads\/PetiteProvence.cz-logo-800x800-1.jpg","contentUrl":"https:\/\/petiteprovence.cz\/wp-content\/uploads\/PetiteProvence.cz-logo-800x800-1.jpg","width":800,"height":800,"caption":"PetiteProvence.cz"}]},"product_brand":"PetiteProvence.cz","product_price_amount":"780.00","product_price_currency":"CZK","og_availability":"out of stock","product_availability":"out of stock","product_condition":"new","geo.placename":"Praha 10","geo.position":{"lat":"50.0756404","long":"14.5077825"},"geo.region":"Czech Republic"},"_links":{"self":[{"href":"https:\/\/petiteprovence.cz\/en\/wp-json\/wp\/v2\/product\/16884","targetHints":{"allow":["GET"]}}],"collection":[{"href":"https:\/\/petiteprovence.cz\/en\/wp-json\/wp\/v2\/product"}],"about":[{"href":"https:\/\/petiteprovence.cz\/en\/wp-json\/wp\/v2\/types\/product"}],"wp:featuredmedia":[{"embeddable":true,"href":"https:\/\/petiteprovence.cz\/en\/wp-json\/wp\/v2\/media\/16885"}],"wp:attachment":[{"href":"https:\/\/petiteprovence.cz\/en\/wp-json\/wp\/v2\/media?parent=16884"}],"wp:term":[{"taxonomy":"brand","embeddable":true,"href":"https:\/\/petiteprovence.cz\/en\/wp-json\/wp\/v2\/etheme_brands?post=16884"},{"taxonomy":"product_brand","embeddable":true,"href":"https:\/\/petiteprovence.cz\/en\/wp-json\/wp\/v2\/product_brand?post=16884"},{"taxonomy":"product_cat","embeddable":true,"href":"https:\/\/petiteprovence.cz\/en\/wp-json\/wp\/v2\/product_cat?post=16884"},{"taxonomy":"product_tag","embeddable":true,"href":"https:\/\/petiteprovence.cz\/en\/wp-json\/wp\/v2\/product_tag?post=16884"}],"curies":[{"name":"wp","href":"https:\/\/api.w.org\/{rel}","templated":true}]}}