{"id":17030,"date":"2025-10-17T11:33:34","date_gmt":"2025-10-17T09:33:34","guid":{"rendered":"https:\/\/petiteprovence.cz\/?post_type=product&#038;p=17030"},"modified":"2025-10-17T11:33:35","modified_gmt":"2025-10-17T09:33:35","slug":"cedulka-stastne-a-vesele-vanoce-zelena","status":"publish","type":"product","link":"https:\/\/petiteprovence.cz\/en\/produkt\/cedulka-stastne-a-vesele-vanoce-zelena\/","title":{"rendered":"Cedulka &#8220;\u0161\u0165astn\u00e9 a vesel\u00e9 V\u00e1noce&#8221; &#8211; zelen\u00e1"},"content":{"rendered":"","protected":false},"excerpt":{"rendered":"<p>Drobn\u00fd dekorativn\u00ed p\u0159edm\u011bt, vy\u0159ez\u00e1no z p\u0159ekli\u017eky o \u0161\u00ed\u0159ce 4mm.\u00a0<strong>Ru\u010dn\u011b dekorovan\u00e9 a malovan\u00e9<\/strong>. Vhodn\u00e9 jako p\u0159\u00edzdoba k v\u00e1no\u010dn\u00edm dekorac\u00edm, nap\u0159. do v\u011bnc\u016f.<\/p>\n<p>&nbsp;<\/p>\n<p>Rozm\u011bry: 9.5 x 5 x 0.4 cm<\/p>\n","protected":false},"featured_media":17031,"template":"","meta":[],"etheme_brands":[{"term_id":50,"name":"PetiteProvence.cz","slug":"petiteprovence-cz-en","term_group":0,"term_taxonomy_id":50,"taxonomy":"brand","description":"[block id=6702]","parent":0,"count":410,"filter":"raw"}],"product_brand":[],"product_cat":[38,336],"product_tag":[],"class_list":{"0":"post-17030","1":"product","2":"type-product","3":"status-publish","4":"has-post-thumbnail","6":"brand-petiteprovence-cz","7":"product_cat-prizdoby-do-vencu-a-dekoraci","8":"product_cat-vanocni-dekorace","10":"first","11":"instock","12":"shipping-taxable","13":"purchasable","14":"product-type-simple"},"yoast_head":"<!-- This site is optimized with the Yoast SEO Premium plugin v27.6 (Yoast SEO v27.6) - https:\/\/yoast.com\/product\/yoast-seo-premium-wordpress\/ -->\n<title>Cedulka &quot;\u0161\u0165astn\u00e9 a vesel\u00e9 V\u00e1noce&quot; - zelen\u00e1 - PetiteProvence.cz<\/title>\n<meta name=\"robots\" content=\"index, follow, max-snippet:-1, max-image-preview:large, max-video-preview:-1\" \/>\n<link rel=\"canonical\" href=\"https:\/\/petiteprovence.cz\/en\/produkt\/cedulka-stastne-a-vesele-vanoce-zelena\/\" \/>\n<meta property=\"og:locale\" content=\"en_US\" \/>\n<meta property=\"og:type\" content=\"article\" \/>\n<meta property=\"og:title\" content=\"Cedulka &quot;\u0161\u0165astn\u00e9 a vesel\u00e9 V\u00e1noce&quot; - zelen\u00e1\" \/>\n<meta property=\"og:description\" content=\"Drobn\u00fd dekorativn\u00ed p\u0159edm\u011bt, vy\u0159ez\u00e1no z p\u0159ekli\u017eky o \u0161\u00ed\u0159ce 4mm.\u00a0Ru\u010dn\u011b dekorovan\u00e9 a malovan\u00e9. Vhodn\u00e9 jako p\u0159\u00edzdoba k v\u00e1no\u010dn\u00edm dekorac\u00edm, nap\u0159. do v\u011bnc\u016f.  &nbsp;  Rozm\u011bry: 9.5 x 5 x 0.4 cm\" \/>\n<meta property=\"og:url\" content=\"https:\/\/petiteprovence.cz\/en\/produkt\/cedulka-stastne-a-vesele-vanoce-zelena\/\" \/>\n<meta property=\"og:site_name\" content=\"PetiteProvence.cz\" \/>\n<meta property=\"article:publisher\" content=\"https:\/\/www.facebook.com\/provencehandmade\" \/>\n<meta property=\"article:modified_time\" content=\"2025-10-17T09:33:35+00:00\" \/>\n<meta property=\"og:image\" content=\"https:\/\/petiteprovence.cz\/wp-content\/uploads\/2025\/10\/att.c8YvdbgndSFcUi6o6svaV_tpAxOh21MAA3AKT2WmxJI.jpeg\" \/>\n\t<meta property=\"og:image:width\" content=\"1284\" \/>\n\t<meta property=\"og:image:height\" content=\"1284\" \/>\n\t<meta property=\"og:image:type\" content=\"image\/jpeg\" \/>\n<meta name=\"twitter:card\" content=\"summary_large_image\" \/>\n<meta name=\"twitter:site\" content=\"@_PetiteProvence\" \/>\n<script type=\"application\/ld+json\" class=\"yoast-schema-graph\">{\"@context\":\"https:\\\/\\\/schema.org\",\"@graph\":[{\"@type\":[\"WebPage\",\"ItemPage\"],\"@id\":\"https:\\\/\\\/petiteprovence.cz\\\/en\\\/produkt\\\/cedulka-stastne-a-vesele-vanoce-zelena\\\/\",\"url\":\"https:\\\/\\\/petiteprovence.cz\\\/en\\\/produkt\\\/cedulka-stastne-a-vesele-vanoce-zelena\\\/\",\"name\":\"Cedulka \\\"\u0161\u0165astn\u00e9 a vesel\u00e9 V\u00e1noce\\\" - zelen\u00e1 - PetiteProvence.cz\",\"isPartOf\":{\"@id\":\"https:\\\/\\\/petiteprovence.cz\\\/en\\\/#website\"},\"primaryImageOfPage\":{\"@id\":\"https:\\\/\\\/petiteprovence.cz\\\/en\\\/produkt\\\/cedulka-stastne-a-vesele-vanoce-zelena\\\/#primaryimage\"},\"image\":{\"@id\":\"https:\\\/\\\/petiteprovence.cz\\\/en\\\/produkt\\\/cedulka-stastne-a-vesele-vanoce-zelena\\\/#primaryimage\"},\"thumbnailUrl\":\"https:\\\/\\\/petiteprovence.cz\\\/wp-content\\\/uploads\\\/2025\\\/10\\\/att.c8YvdbgndSFcUi6o6svaV_tpAxOh21MAA3AKT2WmxJI.jpeg\",\"datePublished\":\"2025-10-17T09:33:34+00:00\",\"dateModified\":\"2025-10-17T09:33:35+00:00\",\"breadcrumb\":{\"@id\":\"https:\\\/\\\/petiteprovence.cz\\\/en\\\/produkt\\\/cedulka-stastne-a-vesele-vanoce-zelena\\\/#breadcrumb\"},\"inLanguage\":\"en-US\",\"potentialAction\":[{\"@type\":\"ReadAction\",\"target\":[\"https:\\\/\\\/petiteprovence.cz\\\/en\\\/produkt\\\/cedulka-stastne-a-vesele-vanoce-zelena\\\/\"]}]},{\"@type\":\"ImageObject\",\"inLanguage\":\"en-US\",\"@id\":\"https:\\\/\\\/petiteprovence.cz\\\/en\\\/produkt\\\/cedulka-stastne-a-vesele-vanoce-zelena\\\/#primaryimage\",\"url\":\"https:\\\/\\\/petiteprovence.cz\\\/wp-content\\\/uploads\\\/2025\\\/10\\\/att.c8YvdbgndSFcUi6o6svaV_tpAxOh21MAA3AKT2WmxJI.jpeg\",\"contentUrl\":\"https:\\\/\\\/petiteprovence.cz\\\/wp-content\\\/uploads\\\/2025\\\/10\\\/att.c8YvdbgndSFcUi6o6svaV_tpAxOh21MAA3AKT2WmxJI.jpeg\",\"width\":1284,\"height\":1284},{\"@type\":\"BreadcrumbList\",\"@id\":\"https:\\\/\\\/petiteprovence.cz\\\/en\\\/produkt\\\/cedulka-stastne-a-vesele-vanoce-zelena\\\/#breadcrumb\",\"itemListElement\":[{\"@type\":\"ListItem\",\"position\":1,\"name\":\"Home\",\"item\":\"https:\\\/\\\/petiteprovence.cz\\\/en\\\/\"},{\"@type\":\"ListItem\",\"position\":2,\"name\":\"Shop\",\"item\":\"https:\\\/\\\/petiteprovence.cz\\\/en\\\/shop\\\/\"},{\"@type\":\"ListItem\",\"position\":3,\"name\":\"Cedulka &#8220;\u0161\u0165astn\u00e9 a vesel\u00e9 V\u00e1noce&#8221; &#8211; zelen\u00e1\"}]},{\"@type\":\"WebSite\",\"@id\":\"https:\\\/\\\/petiteprovence.cz\\\/en\\\/#website\",\"url\":\"https:\\\/\\\/petiteprovence.cz\\\/en\\\/\",\"name\":\"PetiteProvence.cz\",\"description\":\"\",\"publisher\":{\"@id\":\"https:\\\/\\\/petiteprovence.cz\\\/en\\\/#organization\"},\"potentialAction\":[{\"@type\":\"SearchAction\",\"target\":{\"@type\":\"EntryPoint\",\"urlTemplate\":\"https:\\\/\\\/petiteprovence.cz\\\/en\\\/?s={search_term_string}\"},\"query-input\":{\"@type\":\"PropertyValueSpecification\",\"valueRequired\":true,\"valueName\":\"search_term_string\"}}],\"inLanguage\":\"en-US\"},{\"@type\":[\"Organization\",\"Place\",\"HomeGoodsStore\"],\"@id\":\"https:\\\/\\\/petiteprovence.cz\\\/en\\\/#organization\",\"name\":\"PetiteProvence.cz\",\"url\":\"https:\\\/\\\/petiteprovence.cz\\\/en\\\/\",\"logo\":{\"@id\":\"https:\\\/\\\/petiteprovence.cz\\\/en\\\/produkt\\\/cedulka-stastne-a-vesele-vanoce-zelena\\\/#local-main-organization-logo\"},\"image\":{\"@id\":\"https:\\\/\\\/petiteprovence.cz\\\/en\\\/produkt\\\/cedulka-stastne-a-vesele-vanoce-zelena\\\/#local-main-organization-logo\"},\"sameAs\":[\"https:\\\/\\\/www.facebook.com\\\/provencehandmade\",\"https:\\\/\\\/x.com\\\/_PetiteProvence\",\"https:\\\/\\\/www.instagram.com\\\/petite.provence\\\/\",\"https:\\\/\\\/cz.pinterest.com\\\/petiteprovence_cz\"],\"legalName\":\"Petite Provence s.r.o.\",\"foundingDate\":\"2022-05-23\",\"numberOfEmployees\":{\"@type\":\"QuantitativeValue\",\"minValue\":\"1\",\"maxValue\":\"10\"},\"address\":{\"@id\":\"https:\\\/\\\/petiteprovence.cz\\\/en\\\/produkt\\\/cedulka-stastne-a-vesele-vanoce-zelena\\\/#local-main-place-address\"},\"geo\":{\"@type\":\"GeoCoordinates\",\"latitude\":\"50.0756404\",\"longitude\":\"14.5077825\"},\"telephone\":[\"+420212248480\"],\"openingHoursSpecification\":{\"@type\":\"OpeningHoursSpecification\",\"dayOfWeek\":[\"Monday\",\"Tuesday\",\"Wednesday\",\"Thursday\",\"Friday\",\"Saturday\",\"Sunday\"],\"opens\":\"00:00\",\"closes\":\"23:59\"},\"email\":\"info@petiteprovence.cz\",\"areaServed\":\"Czech Republic, Slovak Republic, EU\",\"taxID\":\"17167051\",\"currenciesAccepted\":\"CZK, EUR\",\"paymentAccepted\":\"credit card, cash\"},{\"@type\":\"PostalAddress\",\"@id\":\"https:\\\/\\\/petiteprovence.cz\\\/en\\\/produkt\\\/cedulka-stastne-a-vesele-vanoce-zelena\\\/#local-main-place-address\",\"streetAddress\":\"T\u0159ebohostick\u00e1 3069\\\/14\",\"addressLocality\":\"Praha 10\",\"postalCode\":\"100 00\",\"addressRegion\":\"Praha\",\"addressCountry\":\"CZ\"},{\"@type\":\"ImageObject\",\"inLanguage\":\"en-US\",\"@id\":\"https:\\\/\\\/petiteprovence.cz\\\/en\\\/produkt\\\/cedulka-stastne-a-vesele-vanoce-zelena\\\/#local-main-organization-logo\",\"url\":\"https:\\\/\\\/petiteprovence.cz\\\/wp-content\\\/uploads\\\/PetiteProvence.cz-logo-800x800-1.jpg\",\"contentUrl\":\"https:\\\/\\\/petiteprovence.cz\\\/wp-content\\\/uploads\\\/PetiteProvence.cz-logo-800x800-1.jpg\",\"width\":800,\"height\":800,\"caption\":\"PetiteProvence.cz\"}]}<\/script>\n<meta property=\"product:brand\" content=\"PetiteProvence.cz\" \/>\n<meta property=\"product:price:amount\" content=\"35.00\" \/>\n<meta property=\"product:price:currency\" content=\"CZK\" \/>\n<meta property=\"og:availability\" content=\"instock\" \/>\n<meta property=\"product:availability\" content=\"instock\" \/>\n<meta property=\"product:condition\" content=\"new\" \/>\n<meta name=\"geo.placename\" content=\"Praha 10\" \/>\n<meta name=\"geo.position\" content=\"50.0756404;14.5077825\" \/>\n<meta name=\"geo.region\" content=\"Czech Republic\" \/>\n<!-- \/ Yoast SEO Premium plugin. -->","yoast_head_json":{"title":"Cedulka \"\u0161\u0165astn\u00e9 a vesel\u00e9 V\u00e1noce\" - zelen\u00e1 - PetiteProvence.cz","robots":{"index":"index","follow":"follow","max-snippet":"max-snippet:-1","max-image-preview":"max-image-preview:large","max-video-preview":"max-video-preview:-1"},"canonical":"https:\/\/petiteprovence.cz\/en\/produkt\/cedulka-stastne-a-vesele-vanoce-zelena\/","og_locale":"en_US","og_type":"article","og_title":"Cedulka \"\u0161\u0165astn\u00e9 a vesel\u00e9 V\u00e1noce\" - zelen\u00e1","og_description":"Drobn\u00fd dekorativn\u00ed p\u0159edm\u011bt, vy\u0159ez\u00e1no z p\u0159ekli\u017eky o \u0161\u00ed\u0159ce 4mm.\u00a0Ru\u010dn\u011b dekorovan\u00e9 a malovan\u00e9. Vhodn\u00e9 jako p\u0159\u00edzdoba k v\u00e1no\u010dn\u00edm dekorac\u00edm, nap\u0159. do v\u011bnc\u016f.  &nbsp;  Rozm\u011bry: 9.5 x 5 x 0.4 cm","og_url":"https:\/\/petiteprovence.cz\/en\/produkt\/cedulka-stastne-a-vesele-vanoce-zelena\/","og_site_name":"PetiteProvence.cz","article_publisher":"https:\/\/www.facebook.com\/provencehandmade","article_modified_time":"2025-10-17T09:33:35+00:00","og_image":[{"width":1284,"height":1284,"url":"https:\/\/petiteprovence.cz\/wp-content\/uploads\/2025\/10\/att.c8YvdbgndSFcUi6o6svaV_tpAxOh21MAA3AKT2WmxJI.jpeg","type":"image\/jpeg"}],"twitter_card":"summary_large_image","twitter_site":"@_PetiteProvence","schema":{"@context":"https:\/\/schema.org","@graph":[{"@type":["WebPage","ItemPage"],"@id":"https:\/\/petiteprovence.cz\/en\/produkt\/cedulka-stastne-a-vesele-vanoce-zelena\/","url":"https:\/\/petiteprovence.cz\/en\/produkt\/cedulka-stastne-a-vesele-vanoce-zelena\/","name":"Cedulka \"\u0161\u0165astn\u00e9 a vesel\u00e9 V\u00e1noce\" - zelen\u00e1 - PetiteProvence.cz","isPartOf":{"@id":"https:\/\/petiteprovence.cz\/en\/#website"},"primaryImageOfPage":{"@id":"https:\/\/petiteprovence.cz\/en\/produkt\/cedulka-stastne-a-vesele-vanoce-zelena\/#primaryimage"},"image":{"@id":"https:\/\/petiteprovence.cz\/en\/produkt\/cedulka-stastne-a-vesele-vanoce-zelena\/#primaryimage"},"thumbnailUrl":"https:\/\/petiteprovence.cz\/wp-content\/uploads\/2025\/10\/att.c8YvdbgndSFcUi6o6svaV_tpAxOh21MAA3AKT2WmxJI.jpeg","datePublished":"2025-10-17T09:33:34+00:00","dateModified":"2025-10-17T09:33:35+00:00","breadcrumb":{"@id":"https:\/\/petiteprovence.cz\/en\/produkt\/cedulka-stastne-a-vesele-vanoce-zelena\/#breadcrumb"},"inLanguage":"en-US","potentialAction":[{"@type":"ReadAction","target":["https:\/\/petiteprovence.cz\/en\/produkt\/cedulka-stastne-a-vesele-vanoce-zelena\/"]}]},{"@type":"ImageObject","inLanguage":"en-US","@id":"https:\/\/petiteprovence.cz\/en\/produkt\/cedulka-stastne-a-vesele-vanoce-zelena\/#primaryimage","url":"https:\/\/petiteprovence.cz\/wp-content\/uploads\/2025\/10\/att.c8YvdbgndSFcUi6o6svaV_tpAxOh21MAA3AKT2WmxJI.jpeg","contentUrl":"https:\/\/petiteprovence.cz\/wp-content\/uploads\/2025\/10\/att.c8YvdbgndSFcUi6o6svaV_tpAxOh21MAA3AKT2WmxJI.jpeg","width":1284,"height":1284},{"@type":"BreadcrumbList","@id":"https:\/\/petiteprovence.cz\/en\/produkt\/cedulka-stastne-a-vesele-vanoce-zelena\/#breadcrumb","itemListElement":[{"@type":"ListItem","position":1,"name":"Home","item":"https:\/\/petiteprovence.cz\/en\/"},{"@type":"ListItem","position":2,"name":"Shop","item":"https:\/\/petiteprovence.cz\/en\/shop\/"},{"@type":"ListItem","position":3,"name":"Cedulka &#8220;\u0161\u0165astn\u00e9 a vesel\u00e9 V\u00e1noce&#8221; &#8211; zelen\u00e1"}]},{"@type":"WebSite","@id":"https:\/\/petiteprovence.cz\/en\/#website","url":"https:\/\/petiteprovence.cz\/en\/","name":"PetiteProvence.cz","description":"","publisher":{"@id":"https:\/\/petiteprovence.cz\/en\/#organization"},"potentialAction":[{"@type":"SearchAction","target":{"@type":"EntryPoint","urlTemplate":"https:\/\/petiteprovence.cz\/en\/?s={search_term_string}"},"query-input":{"@type":"PropertyValueSpecification","valueRequired":true,"valueName":"search_term_string"}}],"inLanguage":"en-US"},{"@type":["Organization","Place","HomeGoodsStore"],"@id":"https:\/\/petiteprovence.cz\/en\/#organization","name":"PetiteProvence.cz","url":"https:\/\/petiteprovence.cz\/en\/","logo":{"@id":"https:\/\/petiteprovence.cz\/en\/produkt\/cedulka-stastne-a-vesele-vanoce-zelena\/#local-main-organization-logo"},"image":{"@id":"https:\/\/petiteprovence.cz\/en\/produkt\/cedulka-stastne-a-vesele-vanoce-zelena\/#local-main-organization-logo"},"sameAs":["https:\/\/www.facebook.com\/provencehandmade","https:\/\/x.com\/_PetiteProvence","https:\/\/www.instagram.com\/petite.provence\/","https:\/\/cz.pinterest.com\/petiteprovence_cz"],"legalName":"Petite Provence s.r.o.","foundingDate":"2022-05-23","numberOfEmployees":{"@type":"QuantitativeValue","minValue":"1","maxValue":"10"},"address":{"@id":"https:\/\/petiteprovence.cz\/en\/produkt\/cedulka-stastne-a-vesele-vanoce-zelena\/#local-main-place-address"},"geo":{"@type":"GeoCoordinates","latitude":"50.0756404","longitude":"14.5077825"},"telephone":["+420212248480"],"openingHoursSpecification":{"@type":"OpeningHoursSpecification","dayOfWeek":["Monday","Tuesday","Wednesday","Thursday","Friday","Saturday","Sunday"],"opens":"00:00","closes":"23:59"},"email":"info@petiteprovence.cz","areaServed":"Czech Republic, Slovak Republic, EU","taxID":"17167051","currenciesAccepted":"CZK, EUR","paymentAccepted":"credit card, cash"},{"@type":"PostalAddress","@id":"https:\/\/petiteprovence.cz\/en\/produkt\/cedulka-stastne-a-vesele-vanoce-zelena\/#local-main-place-address","streetAddress":"T\u0159ebohostick\u00e1 3069\/14","addressLocality":"Praha 10","postalCode":"100 00","addressRegion":"Praha","addressCountry":"CZ"},{"@type":"ImageObject","inLanguage":"en-US","@id":"https:\/\/petiteprovence.cz\/en\/produkt\/cedulka-stastne-a-vesele-vanoce-zelena\/#local-main-organization-logo","url":"https:\/\/petiteprovence.cz\/wp-content\/uploads\/PetiteProvence.cz-logo-800x800-1.jpg","contentUrl":"https:\/\/petiteprovence.cz\/wp-content\/uploads\/PetiteProvence.cz-logo-800x800-1.jpg","width":800,"height":800,"caption":"PetiteProvence.cz"}]},"product_brand":"PetiteProvence.cz","product_price_amount":"35.00","product_price_currency":"CZK","og_availability":"instock","product_availability":"instock","product_condition":"new","geo.placename":"Praha 10","geo.position":{"lat":"50.0756404","long":"14.5077825"},"geo.region":"Czech Republic"},"_links":{"self":[{"href":"https:\/\/petiteprovence.cz\/en\/wp-json\/wp\/v2\/product\/17030","targetHints":{"allow":["GET"]}}],"collection":[{"href":"https:\/\/petiteprovence.cz\/en\/wp-json\/wp\/v2\/product"}],"about":[{"href":"https:\/\/petiteprovence.cz\/en\/wp-json\/wp\/v2\/types\/product"}],"wp:featuredmedia":[{"embeddable":true,"href":"https:\/\/petiteprovence.cz\/en\/wp-json\/wp\/v2\/media\/17031"}],"wp:attachment":[{"href":"https:\/\/petiteprovence.cz\/en\/wp-json\/wp\/v2\/media?parent=17030"}],"wp:term":[{"taxonomy":"brand","embeddable":true,"href":"https:\/\/petiteprovence.cz\/en\/wp-json\/wp\/v2\/etheme_brands?post=17030"},{"taxonomy":"product_brand","embeddable":true,"href":"https:\/\/petiteprovence.cz\/en\/wp-json\/wp\/v2\/product_brand?post=17030"},{"taxonomy":"product_cat","embeddable":true,"href":"https:\/\/petiteprovence.cz\/en\/wp-json\/wp\/v2\/product_cat?post=17030"},{"taxonomy":"product_tag","embeddable":true,"href":"https:\/\/petiteprovence.cz\/en\/wp-json\/wp\/v2\/product_tag?post=17030"}],"curies":[{"name":"wp","href":"https:\/\/api.w.org\/{rel}","templated":true}]}}