{"id":17122,"date":"2025-11-14T08:06:11","date_gmt":"2025-11-14T07:06:11","guid":{"rendered":"https:\/\/petiteprovence.cz\/?post_type=product&#038;p=17122"},"modified":"2025-11-23T12:34:14","modified_gmt":"2025-11-23T11:34:14","slug":"venecek-na-dvere","status":"publish","type":"product","link":"https:\/\/petiteprovence.cz\/en\/produkt\/venecek-na-dvere\/","title":{"rendered":"V\u011bne\u010dek na dve\u0159e"},"content":{"rendered":"","protected":false},"excerpt":{"rendered":"<p>Kouzeln\u00e1 ru\u010dn\u011b tvo\u0159en\u00fd zimn\u00ed v\u011bne\u010dek , kter\u00fd vnese do va\u0161eho domova h\u0159ejivou atmosf\u00e9ru V\u00e1noc. Dominantou je detailn\u011b zpracovan\u00e9 zimn\u00ed m\u011bste\u010dko z keramick\u00fdch domk\u016f, dopln\u011bn\u00e9 o zasn\u011b\u017een\u00e9 v\u011btvi\u010dky, jemn\u00e9 ozdoby a decentn\u00ed sv\u011bt\u00fdlka. Cel\u00e1 sc\u00e9na je zasazena do elegantn\u00edho, lehce omrzl\u00e9ho v\u011bnce, kter\u00fd zdob\u00ed p\u0159\u00edrodn\u00ed jutov\u00e1 ma\u0161le a drobn\u00e9 hv\u011bzdi\u010dky.<\/p>\n<p>Dekorace je vhodn\u00e1 na zav\u011b\u0161en\u00ed na dve\u0159e, na st\u011bnu, nebo jako v\u00fdrazn\u00fd st\u0159edobod v\u00e1no\u010dn\u00ed v\u00fdzdoby v interi\u00e9ru. N\u00e1pis \u201eVesel\u00e9 V\u00e1noce\u201c dod\u00e1v\u00e1 celku p\u0159\u00edjemn\u00fd tradi\u010dn\u00ed dotek.<\/p>\n<p>pr\u016fm\u011br : 35 cm<\/p>\n","protected":false},"featured_media":17124,"template":"","meta":[],"etheme_brands":[{"term_id":50,"name":"PetiteProvence.cz","slug":"petiteprovence-cz-en","term_group":0,"term_taxonomy_id":50,"taxonomy":"brand","description":"[block id=6702]","parent":0,"count":410,"filter":"raw"}],"product_brand":[],"product_cat":[39,336],"product_tag":[],"class_list":{"0":"post-17122","1":"product","2":"type-product","3":"status-publish","4":"has-post-thumbnail","6":"brand-petiteprovence-cz","7":"product_cat-bytove-dekorace","8":"product_cat-vanocni-dekorace","10":"first","11":"instock","12":"shipping-taxable","13":"purchasable","14":"product-type-simple"},"yoast_head":"<!-- This site is optimized with the Yoast SEO Premium plugin v27.4 (Yoast SEO v27.4) - https:\/\/yoast.com\/product\/yoast-seo-premium-wordpress\/ -->\n<title>V\u011bne\u010dek na dve\u0159e - PetiteProvence.cz<\/title>\n<meta name=\"robots\" content=\"index, follow, max-snippet:-1, max-image-preview:large, max-video-preview:-1\" \/>\n<link rel=\"canonical\" href=\"https:\/\/petiteprovence.cz\/en\/produkt\/venecek-na-dvere\/\" \/>\n<meta property=\"og:locale\" content=\"en_US\" \/>\n<meta property=\"og:type\" content=\"article\" \/>\n<meta property=\"og:title\" content=\"V\u011bne\u010dek na dve\u0159e\" \/>\n<meta property=\"og:description\" content=\"Kouzeln\u00e1 ru\u010dn\u011b tvo\u0159en\u00fd zimn\u00ed v\u011bne\u010dek , kter\u00fd vnese do va\u0161eho domova h\u0159ejivou atmosf\u00e9ru V\u00e1noc. Dominantou je detailn\u011b zpracovan\u00e9 zimn\u00ed m\u011bste\u010dko z keramick\u00fdch domk\u016f, dopln\u011bn\u00e9 o zasn\u011b\u017een\u00e9 v\u011btvi\u010dky, jemn\u00e9 ozdoby a decentn\u00ed sv\u011bt\u00fdlka. Cel\u00e1 sc\u00e9na je zasazena do elegantn\u00edho, lehce omrzl\u00e9ho v\u011bnce, kter\u00fd zdob\u00ed p\u0159\u00edrodn\u00ed jutov\u00e1 ma\u0161le a drobn\u00e9 hv\u011bzdi\u010dky.  Dekorace je vhodn\u00e1 na zav\u011b\u0161en\u00ed na dve\u0159e, na st\u011bnu, nebo jako v\u00fdrazn\u00fd st\u0159edobod v\u00e1no\u010dn\u00ed v\u00fdzdoby v interi\u00e9ru. N\u00e1pis \u201eVesel\u00e9 V\u00e1noce\u201c dod\u00e1v\u00e1 celku p\u0159\u00edjemn\u00fd tradi\u010dn\u00ed dotek.  pr\u016fm\u011br : 35 cm\" \/>\n<meta property=\"og:url\" content=\"https:\/\/petiteprovence.cz\/en\/produkt\/venecek-na-dvere\/\" \/>\n<meta property=\"og:site_name\" content=\"PetiteProvence.cz\" \/>\n<meta property=\"article:publisher\" content=\"https:\/\/www.facebook.com\/provencehandmade\" \/>\n<meta property=\"article:modified_time\" content=\"2025-11-23T11:34:14+00:00\" \/>\n<meta property=\"og:image\" content=\"https:\/\/petiteprovence.cz\/wp-content\/uploads\/2025\/11\/att.3sSkWPyfPMDYl78hlDwAmvUQALykrj-nspqHLS7Z678.jpeg\" \/>\n\t<meta property=\"og:image:width\" content=\"1349\" \/>\n\t<meta property=\"og:image:height\" content=\"1349\" \/>\n\t<meta property=\"og:image:type\" content=\"image\/jpeg\" \/>\n<meta name=\"twitter:card\" content=\"summary_large_image\" \/>\n<meta name=\"twitter:site\" content=\"@_PetiteProvence\" \/>\n<script type=\"application\/ld+json\" class=\"yoast-schema-graph\">{\"@context\":\"https:\\\/\\\/schema.org\",\"@graph\":[{\"@type\":[\"WebPage\",\"ItemPage\"],\"@id\":\"https:\\\/\\\/petiteprovence.cz\\\/en\\\/produkt\\\/venecek-na-dvere\\\/\",\"url\":\"https:\\\/\\\/petiteprovence.cz\\\/en\\\/produkt\\\/venecek-na-dvere\\\/\",\"name\":\"V\u011bne\u010dek na dve\u0159e - PetiteProvence.cz\",\"isPartOf\":{\"@id\":\"https:\\\/\\\/petiteprovence.cz\\\/en\\\/#website\"},\"primaryImageOfPage\":{\"@id\":\"https:\\\/\\\/petiteprovence.cz\\\/en\\\/produkt\\\/venecek-na-dvere\\\/#primaryimage\"},\"image\":{\"@id\":\"https:\\\/\\\/petiteprovence.cz\\\/en\\\/produkt\\\/venecek-na-dvere\\\/#primaryimage\"},\"thumbnailUrl\":\"https:\\\/\\\/petiteprovence.cz\\\/wp-content\\\/uploads\\\/2025\\\/11\\\/att.3sSkWPyfPMDYl78hlDwAmvUQALykrj-nspqHLS7Z678.jpeg\",\"datePublished\":\"2025-11-14T07:06:11+00:00\",\"dateModified\":\"2025-11-23T11:34:14+00:00\",\"breadcrumb\":{\"@id\":\"https:\\\/\\\/petiteprovence.cz\\\/en\\\/produkt\\\/venecek-na-dvere\\\/#breadcrumb\"},\"inLanguage\":\"en-US\",\"potentialAction\":[{\"@type\":\"ReadAction\",\"target\":[\"https:\\\/\\\/petiteprovence.cz\\\/en\\\/produkt\\\/venecek-na-dvere\\\/\"]}]},{\"@type\":\"ImageObject\",\"inLanguage\":\"en-US\",\"@id\":\"https:\\\/\\\/petiteprovence.cz\\\/en\\\/produkt\\\/venecek-na-dvere\\\/#primaryimage\",\"url\":\"https:\\\/\\\/petiteprovence.cz\\\/wp-content\\\/uploads\\\/2025\\\/11\\\/att.3sSkWPyfPMDYl78hlDwAmvUQALykrj-nspqHLS7Z678.jpeg\",\"contentUrl\":\"https:\\\/\\\/petiteprovence.cz\\\/wp-content\\\/uploads\\\/2025\\\/11\\\/att.3sSkWPyfPMDYl78hlDwAmvUQALykrj-nspqHLS7Z678.jpeg\",\"width\":1349,\"height\":1349},{\"@type\":\"BreadcrumbList\",\"@id\":\"https:\\\/\\\/petiteprovence.cz\\\/en\\\/produkt\\\/venecek-na-dvere\\\/#breadcrumb\",\"itemListElement\":[{\"@type\":\"ListItem\",\"position\":1,\"name\":\"Home\",\"item\":\"https:\\\/\\\/petiteprovence.cz\\\/en\\\/\"},{\"@type\":\"ListItem\",\"position\":2,\"name\":\"Shop\",\"item\":\"https:\\\/\\\/petiteprovence.cz\\\/en\\\/shop\\\/\"},{\"@type\":\"ListItem\",\"position\":3,\"name\":\"V\u011bne\u010dek na dve\u0159e\"}]},{\"@type\":\"WebSite\",\"@id\":\"https:\\\/\\\/petiteprovence.cz\\\/en\\\/#website\",\"url\":\"https:\\\/\\\/petiteprovence.cz\\\/en\\\/\",\"name\":\"PetiteProvence.cz\",\"description\":\"\",\"publisher\":{\"@id\":\"https:\\\/\\\/petiteprovence.cz\\\/en\\\/#organization\"},\"potentialAction\":[{\"@type\":\"SearchAction\",\"target\":{\"@type\":\"EntryPoint\",\"urlTemplate\":\"https:\\\/\\\/petiteprovence.cz\\\/en\\\/?s={search_term_string}\"},\"query-input\":{\"@type\":\"PropertyValueSpecification\",\"valueRequired\":true,\"valueName\":\"search_term_string\"}}],\"inLanguage\":\"en-US\"},{\"@type\":[\"Organization\",\"Place\",\"HomeGoodsStore\"],\"@id\":\"https:\\\/\\\/petiteprovence.cz\\\/en\\\/#organization\",\"name\":\"PetiteProvence.cz\",\"url\":\"https:\\\/\\\/petiteprovence.cz\\\/en\\\/\",\"logo\":{\"@id\":\"https:\\\/\\\/petiteprovence.cz\\\/en\\\/produkt\\\/venecek-na-dvere\\\/#local-main-organization-logo\"},\"image\":{\"@id\":\"https:\\\/\\\/petiteprovence.cz\\\/en\\\/produkt\\\/venecek-na-dvere\\\/#local-main-organization-logo\"},\"sameAs\":[\"https:\\\/\\\/www.facebook.com\\\/provencehandmade\",\"https:\\\/\\\/x.com\\\/_PetiteProvence\",\"https:\\\/\\\/www.instagram.com\\\/petite.provence\\\/\",\"https:\\\/\\\/cz.pinterest.com\\\/petiteprovence_cz\"],\"legalName\":\"Petite Provence s.r.o.\",\"foundingDate\":\"2022-05-23\",\"numberOfEmployees\":{\"@type\":\"QuantitativeValue\",\"minValue\":\"1\",\"maxValue\":\"10\"},\"address\":{\"@id\":\"https:\\\/\\\/petiteprovence.cz\\\/en\\\/produkt\\\/venecek-na-dvere\\\/#local-main-place-address\"},\"geo\":{\"@type\":\"GeoCoordinates\",\"latitude\":\"50.0756404\",\"longitude\":\"14.5077825\"},\"telephone\":[\"+420212248480\"],\"openingHoursSpecification\":{\"@type\":\"OpeningHoursSpecification\",\"dayOfWeek\":[\"Monday\",\"Tuesday\",\"Wednesday\",\"Thursday\",\"Friday\",\"Saturday\",\"Sunday\"],\"opens\":\"00:00\",\"closes\":\"23:59\"},\"email\":\"info@petiteprovence.cz\",\"areaServed\":\"Czech Republic, Slovak Republic, EU\",\"taxID\":\"17167051\",\"currenciesAccepted\":\"CZK, EUR\",\"paymentAccepted\":\"credit card, cash\"},{\"@type\":\"PostalAddress\",\"@id\":\"https:\\\/\\\/petiteprovence.cz\\\/en\\\/produkt\\\/venecek-na-dvere\\\/#local-main-place-address\",\"streetAddress\":\"T\u0159ebohostick\u00e1 3069\\\/14\",\"addressLocality\":\"Praha 10\",\"postalCode\":\"100 00\",\"addressRegion\":\"Praha\",\"addressCountry\":\"CZ\"},{\"@type\":\"ImageObject\",\"inLanguage\":\"en-US\",\"@id\":\"https:\\\/\\\/petiteprovence.cz\\\/en\\\/produkt\\\/venecek-na-dvere\\\/#local-main-organization-logo\",\"url\":\"https:\\\/\\\/petiteprovence.cz\\\/wp-content\\\/uploads\\\/PetiteProvence.cz-logo-800x800-1.jpg\",\"contentUrl\":\"https:\\\/\\\/petiteprovence.cz\\\/wp-content\\\/uploads\\\/PetiteProvence.cz-logo-800x800-1.jpg\",\"width\":800,\"height\":800,\"caption\":\"PetiteProvence.cz\"}]}<\/script>\n<meta property=\"product:brand\" content=\"PetiteProvence.cz\" \/>\n<meta property=\"product:price:amount\" content=\"750.00\" \/>\n<meta property=\"product:price:currency\" content=\"CZK\" \/>\n<meta property=\"og:availability\" content=\"instock\" \/>\n<meta property=\"product:availability\" content=\"instock\" \/>\n<meta property=\"product:condition\" content=\"new\" \/>\n<meta name=\"geo.placename\" content=\"Praha 10\" \/>\n<meta name=\"geo.position\" content=\"50.0756404;14.5077825\" \/>\n<meta name=\"geo.region\" content=\"Czech Republic\" \/>\n<!-- \/ Yoast SEO Premium plugin. -->","yoast_head_json":{"title":"V\u011bne\u010dek na dve\u0159e - PetiteProvence.cz","robots":{"index":"index","follow":"follow","max-snippet":"max-snippet:-1","max-image-preview":"max-image-preview:large","max-video-preview":"max-video-preview:-1"},"canonical":"https:\/\/petiteprovence.cz\/en\/produkt\/venecek-na-dvere\/","og_locale":"en_US","og_type":"article","og_title":"V\u011bne\u010dek na dve\u0159e","og_description":"Kouzeln\u00e1 ru\u010dn\u011b tvo\u0159en\u00fd zimn\u00ed v\u011bne\u010dek , kter\u00fd vnese do va\u0161eho domova h\u0159ejivou atmosf\u00e9ru V\u00e1noc. Dominantou je detailn\u011b zpracovan\u00e9 zimn\u00ed m\u011bste\u010dko z keramick\u00fdch domk\u016f, dopln\u011bn\u00e9 o zasn\u011b\u017een\u00e9 v\u011btvi\u010dky, jemn\u00e9 ozdoby a decentn\u00ed sv\u011bt\u00fdlka. Cel\u00e1 sc\u00e9na je zasazena do elegantn\u00edho, lehce omrzl\u00e9ho v\u011bnce, kter\u00fd zdob\u00ed p\u0159\u00edrodn\u00ed jutov\u00e1 ma\u0161le a drobn\u00e9 hv\u011bzdi\u010dky.  Dekorace je vhodn\u00e1 na zav\u011b\u0161en\u00ed na dve\u0159e, na st\u011bnu, nebo jako v\u00fdrazn\u00fd st\u0159edobod v\u00e1no\u010dn\u00ed v\u00fdzdoby v interi\u00e9ru. N\u00e1pis \u201eVesel\u00e9 V\u00e1noce\u201c dod\u00e1v\u00e1 celku p\u0159\u00edjemn\u00fd tradi\u010dn\u00ed dotek.  pr\u016fm\u011br : 35 cm","og_url":"https:\/\/petiteprovence.cz\/en\/produkt\/venecek-na-dvere\/","og_site_name":"PetiteProvence.cz","article_publisher":"https:\/\/www.facebook.com\/provencehandmade","article_modified_time":"2025-11-23T11:34:14+00:00","og_image":[{"width":1349,"height":1349,"url":"https:\/\/petiteprovence.cz\/wp-content\/uploads\/2025\/11\/att.3sSkWPyfPMDYl78hlDwAmvUQALykrj-nspqHLS7Z678.jpeg","type":"image\/jpeg"}],"twitter_card":"summary_large_image","twitter_site":"@_PetiteProvence","schema":{"@context":"https:\/\/schema.org","@graph":[{"@type":["WebPage","ItemPage"],"@id":"https:\/\/petiteprovence.cz\/en\/produkt\/venecek-na-dvere\/","url":"https:\/\/petiteprovence.cz\/en\/produkt\/venecek-na-dvere\/","name":"V\u011bne\u010dek na dve\u0159e - PetiteProvence.cz","isPartOf":{"@id":"https:\/\/petiteprovence.cz\/en\/#website"},"primaryImageOfPage":{"@id":"https:\/\/petiteprovence.cz\/en\/produkt\/venecek-na-dvere\/#primaryimage"},"image":{"@id":"https:\/\/petiteprovence.cz\/en\/produkt\/venecek-na-dvere\/#primaryimage"},"thumbnailUrl":"https:\/\/petiteprovence.cz\/wp-content\/uploads\/2025\/11\/att.3sSkWPyfPMDYl78hlDwAmvUQALykrj-nspqHLS7Z678.jpeg","datePublished":"2025-11-14T07:06:11+00:00","dateModified":"2025-11-23T11:34:14+00:00","breadcrumb":{"@id":"https:\/\/petiteprovence.cz\/en\/produkt\/venecek-na-dvere\/#breadcrumb"},"inLanguage":"en-US","potentialAction":[{"@type":"ReadAction","target":["https:\/\/petiteprovence.cz\/en\/produkt\/venecek-na-dvere\/"]}]},{"@type":"ImageObject","inLanguage":"en-US","@id":"https:\/\/petiteprovence.cz\/en\/produkt\/venecek-na-dvere\/#primaryimage","url":"https:\/\/petiteprovence.cz\/wp-content\/uploads\/2025\/11\/att.3sSkWPyfPMDYl78hlDwAmvUQALykrj-nspqHLS7Z678.jpeg","contentUrl":"https:\/\/petiteprovence.cz\/wp-content\/uploads\/2025\/11\/att.3sSkWPyfPMDYl78hlDwAmvUQALykrj-nspqHLS7Z678.jpeg","width":1349,"height":1349},{"@type":"BreadcrumbList","@id":"https:\/\/petiteprovence.cz\/en\/produkt\/venecek-na-dvere\/#breadcrumb","itemListElement":[{"@type":"ListItem","position":1,"name":"Home","item":"https:\/\/petiteprovence.cz\/en\/"},{"@type":"ListItem","position":2,"name":"Shop","item":"https:\/\/petiteprovence.cz\/en\/shop\/"},{"@type":"ListItem","position":3,"name":"V\u011bne\u010dek na dve\u0159e"}]},{"@type":"WebSite","@id":"https:\/\/petiteprovence.cz\/en\/#website","url":"https:\/\/petiteprovence.cz\/en\/","name":"PetiteProvence.cz","description":"","publisher":{"@id":"https:\/\/petiteprovence.cz\/en\/#organization"},"potentialAction":[{"@type":"SearchAction","target":{"@type":"EntryPoint","urlTemplate":"https:\/\/petiteprovence.cz\/en\/?s={search_term_string}"},"query-input":{"@type":"PropertyValueSpecification","valueRequired":true,"valueName":"search_term_string"}}],"inLanguage":"en-US"},{"@type":["Organization","Place","HomeGoodsStore"],"@id":"https:\/\/petiteprovence.cz\/en\/#organization","name":"PetiteProvence.cz","url":"https:\/\/petiteprovence.cz\/en\/","logo":{"@id":"https:\/\/petiteprovence.cz\/en\/produkt\/venecek-na-dvere\/#local-main-organization-logo"},"image":{"@id":"https:\/\/petiteprovence.cz\/en\/produkt\/venecek-na-dvere\/#local-main-organization-logo"},"sameAs":["https:\/\/www.facebook.com\/provencehandmade","https:\/\/x.com\/_PetiteProvence","https:\/\/www.instagram.com\/petite.provence\/","https:\/\/cz.pinterest.com\/petiteprovence_cz"],"legalName":"Petite Provence s.r.o.","foundingDate":"2022-05-23","numberOfEmployees":{"@type":"QuantitativeValue","minValue":"1","maxValue":"10"},"address":{"@id":"https:\/\/petiteprovence.cz\/en\/produkt\/venecek-na-dvere\/#local-main-place-address"},"geo":{"@type":"GeoCoordinates","latitude":"50.0756404","longitude":"14.5077825"},"telephone":["+420212248480"],"openingHoursSpecification":{"@type":"OpeningHoursSpecification","dayOfWeek":["Monday","Tuesday","Wednesday","Thursday","Friday","Saturday","Sunday"],"opens":"00:00","closes":"23:59"},"email":"info@petiteprovence.cz","areaServed":"Czech Republic, Slovak Republic, EU","taxID":"17167051","currenciesAccepted":"CZK, EUR","paymentAccepted":"credit card, cash"},{"@type":"PostalAddress","@id":"https:\/\/petiteprovence.cz\/en\/produkt\/venecek-na-dvere\/#local-main-place-address","streetAddress":"T\u0159ebohostick\u00e1 3069\/14","addressLocality":"Praha 10","postalCode":"100 00","addressRegion":"Praha","addressCountry":"CZ"},{"@type":"ImageObject","inLanguage":"en-US","@id":"https:\/\/petiteprovence.cz\/en\/produkt\/venecek-na-dvere\/#local-main-organization-logo","url":"https:\/\/petiteprovence.cz\/wp-content\/uploads\/PetiteProvence.cz-logo-800x800-1.jpg","contentUrl":"https:\/\/petiteprovence.cz\/wp-content\/uploads\/PetiteProvence.cz-logo-800x800-1.jpg","width":800,"height":800,"caption":"PetiteProvence.cz"}]},"product_brand":"PetiteProvence.cz","product_price_amount":"750.00","product_price_currency":"CZK","og_availability":"instock","product_availability":"instock","product_condition":"new","geo.placename":"Praha 10","geo.position":{"lat":"50.0756404","long":"14.5077825"},"geo.region":"Czech Republic"},"_links":{"self":[{"href":"https:\/\/petiteprovence.cz\/en\/wp-json\/wp\/v2\/product\/17122","targetHints":{"allow":["GET"]}}],"collection":[{"href":"https:\/\/petiteprovence.cz\/en\/wp-json\/wp\/v2\/product"}],"about":[{"href":"https:\/\/petiteprovence.cz\/en\/wp-json\/wp\/v2\/types\/product"}],"wp:featuredmedia":[{"embeddable":true,"href":"https:\/\/petiteprovence.cz\/en\/wp-json\/wp\/v2\/media\/17124"}],"wp:attachment":[{"href":"https:\/\/petiteprovence.cz\/en\/wp-json\/wp\/v2\/media?parent=17122"}],"wp:term":[{"taxonomy":"brand","embeddable":true,"href":"https:\/\/petiteprovence.cz\/en\/wp-json\/wp\/v2\/etheme_brands?post=17122"},{"taxonomy":"product_brand","embeddable":true,"href":"https:\/\/petiteprovence.cz\/en\/wp-json\/wp\/v2\/product_brand?post=17122"},{"taxonomy":"product_cat","embeddable":true,"href":"https:\/\/petiteprovence.cz\/en\/wp-json\/wp\/v2\/product_cat?post=17122"},{"taxonomy":"product_tag","embeddable":true,"href":"https:\/\/petiteprovence.cz\/en\/wp-json\/wp\/v2\/product_tag?post=17122"}],"curies":[{"name":"wp","href":"https:\/\/api.w.org\/{rel}","templated":true}]}}