{"id":17197,"date":"2025-12-02T11:24:46","date_gmt":"2025-12-02T10:24:46","guid":{"rendered":"https:\/\/petiteprovence.cz\/?post_type=product&#038;p=17197"},"modified":"2025-12-02T11:24:47","modified_gmt":"2025-12-02T10:24:47","slug":"male-venkovske-domecky-na-poveseni","status":"publish","type":"product","link":"https:\/\/petiteprovence.cz\/en\/produkt\/male-venkovske-domecky-na-poveseni\/","title":{"rendered":"Mal\u00e9 venkovsk\u00e9 dome\u010dky na pov\u011b\u0161en\u00ed"},"content":{"rendered":"","protected":false},"excerpt":{"rendered":"<p>Vytvo\u0159te si doma kouzelnou atmosf\u00e9ru s t\u011bmito ru\u010dn\u011b vyr\u00e1b\u011bn\u00fdmi d\u0159ev\u011bn\u00fdmi mini dome\u010dky. Ka\u017ed\u00fd kousek je origin\u00e1l \u2013 s jemn\u00fdmi detaily a folkl\u00f3rn\u00edm vzorem, kter\u00fd dod\u00e1v\u00e1 dekoraci jedine\u010dn\u00fd p\u016fvab.<\/p>\n<p>Dome\u010dky maj\u00ed p\u0159\u00edrodn\u00ed d\u0159ev\u011bnou st\u0159echu, b\u00edl\u00e9 zdoben\u00ed a drobn\u00e1 srd\u00ed\u010dka, kter\u00e1 podtrhuj\u00ed jejich romantick\u00fd vzhled. D\u00edky jutov\u00e9 \u0161\u0148\u016frce je m\u016f\u017eete snadno zav\u011bsit na v\u011btvi\u010dku, v\u00e1no\u010dn\u00ed stromek, v\u011bnec nebo jen tak polo\u017eit na poli\u010dku.<\/p>\n<p>Ru\u010dn\u00ed v\u00fdroba<br \/>\nP\u0159\u00edrodn\u00ed materi\u00e1l<br \/>\nFolkl\u00f3rn\u00ed zdoben\u00ed<br \/>\nIde\u00e1ln\u00ed na V\u00e1noce i celoro\u010dn\u00ed dekorov\u00e1n\u00ed<\/p>\n<p>Perfektn\u00ed d\u00e1rek pro milovn\u00edky venkovsk\u00e9ho stylu a \u00fatuln\u00fdch dekorac\u00ed.<\/p>\n<p>Sada obsahuje 6 kus\u016f dome\u010dk\u016f .<br \/>\nRozm\u011br jednoho dome\u010dku: cca 4 x 3 x 4,5 cm<\/p>\n","protected":false},"featured_media":17198,"template":"","meta":[],"etheme_brands":[{"term_id":49,"name":"PetiteProvence.cz","slug":"petiteprovence-cz","term_group":0,"term_taxonomy_id":49,"taxonomy":"brand","description":"[block id=\"6702\"]","parent":0,"count":472,"filter":"raw"}],"product_brand":[],"product_cat":[67,336,337],"product_tag":[],"class_list":{"0":"post-17197","1":"product","2":"type-product","3":"status-publish","4":"has-post-thumbnail","6":"brand-petiteprovence-cz","7":"product_cat-domecky","8":"product_cat-vanocni-dekorace","9":"product_cat-velikonocni-dekorace","11":"first","12":"instock","13":"shipping-taxable","14":"purchasable","15":"product-type-simple"},"yoast_head":"<!-- This site is optimized with the Yoast SEO Premium plugin v27.4 (Yoast SEO v27.4) - https:\/\/yoast.com\/product\/yoast-seo-premium-wordpress\/ -->\n<title>Mal\u00e9 venkovsk\u00e9 dome\u010dky na pov\u011b\u0161en\u00ed - PetiteProvence.cz<\/title>\n<meta name=\"robots\" content=\"index, follow, max-snippet:-1, max-image-preview:large, max-video-preview:-1\" \/>\n<link rel=\"canonical\" href=\"https:\/\/petiteprovence.cz\/en\/produkt\/male-venkovske-domecky-na-poveseni\/\" \/>\n<meta property=\"og:locale\" content=\"en_US\" \/>\n<meta property=\"og:type\" content=\"article\" \/>\n<meta property=\"og:title\" content=\"Mal\u00e9 venkovsk\u00e9 dome\u010dky na pov\u011b\u0161en\u00ed\" \/>\n<meta property=\"og:description\" content=\"Vytvo\u0159te si doma kouzelnou atmosf\u00e9ru s t\u011bmito ru\u010dn\u011b vyr\u00e1b\u011bn\u00fdmi d\u0159ev\u011bn\u00fdmi mini dome\u010dky. Ka\u017ed\u00fd kousek je origin\u00e1l \u2013 s jemn\u00fdmi detaily a folkl\u00f3rn\u00edm vzorem, kter\u00fd dod\u00e1v\u00e1 dekoraci jedine\u010dn\u00fd p\u016fvab.  Dome\u010dky maj\u00ed p\u0159\u00edrodn\u00ed d\u0159ev\u011bnou st\u0159echu, b\u00edl\u00e9 zdoben\u00ed a drobn\u00e1 srd\u00ed\u010dka, kter\u00e1 podtrhuj\u00ed jejich romantick\u00fd vzhled. D\u00edky jutov\u00e9 \u0161\u0148\u016frce je m\u016f\u017eete snadno zav\u011bsit na v\u011btvi\u010dku, v\u00e1no\u010dn\u00ed stromek, v\u011bnec nebo jen tak polo\u017eit na poli\u010dku.  Ru\u010dn\u00ed v\u00fdroba P\u0159\u00edrodn\u00ed materi\u00e1l Folkl\u00f3rn\u00ed zdoben\u00ed Ide\u00e1ln\u00ed na V\u00e1noce i celoro\u010dn\u00ed dekorov\u00e1n\u00ed  Perfektn\u00ed d\u00e1rek pro milovn\u00edky venkovsk\u00e9ho stylu a \u00fatuln\u00fdch dekorac\u00ed.  Sada obsahuje 6 kus\u016f dome\u010dk\u016f . Rozm\u011br jednoho dome\u010dku: cca 4 x 3 x 4,5 cm\" \/>\n<meta property=\"og:url\" content=\"https:\/\/petiteprovence.cz\/en\/produkt\/male-venkovske-domecky-na-poveseni\/\" \/>\n<meta property=\"og:site_name\" content=\"PetiteProvence.cz\" \/>\n<meta property=\"article:publisher\" content=\"https:\/\/www.facebook.com\/provencehandmade\" \/>\n<meta property=\"article:modified_time\" content=\"2025-12-02T10:24:47+00:00\" \/>\n<meta property=\"og:image\" content=\"https:\/\/petiteprovence.cz\/wp-content\/uploads\/2025\/12\/att.De0sTTtPKswYrPU8_W7oNleZZXgc1GZVBTLugNbL4Jg.jpeg\" \/>\n\t<meta property=\"og:image:width\" content=\"1338\" \/>\n\t<meta property=\"og:image:height\" content=\"1338\" \/>\n\t<meta property=\"og:image:type\" content=\"image\/jpeg\" \/>\n<meta name=\"twitter:card\" content=\"summary_large_image\" \/>\n<meta name=\"twitter:site\" content=\"@_PetiteProvence\" \/>\n<script type=\"application\/ld+json\" class=\"yoast-schema-graph\">{\"@context\":\"https:\\\/\\\/schema.org\",\"@graph\":[{\"@type\":[\"WebPage\",\"ItemPage\"],\"@id\":\"https:\\\/\\\/petiteprovence.cz\\\/en\\\/produkt\\\/male-venkovske-domecky-na-poveseni\\\/\",\"url\":\"https:\\\/\\\/petiteprovence.cz\\\/en\\\/produkt\\\/male-venkovske-domecky-na-poveseni\\\/\",\"name\":\"Mal\u00e9 venkovsk\u00e9 dome\u010dky na pov\u011b\u0161en\u00ed - PetiteProvence.cz\",\"isPartOf\":{\"@id\":\"https:\\\/\\\/petiteprovence.cz\\\/en\\\/#website\"},\"primaryImageOfPage\":{\"@id\":\"https:\\\/\\\/petiteprovence.cz\\\/en\\\/produkt\\\/male-venkovske-domecky-na-poveseni\\\/#primaryimage\"},\"image\":{\"@id\":\"https:\\\/\\\/petiteprovence.cz\\\/en\\\/produkt\\\/male-venkovske-domecky-na-poveseni\\\/#primaryimage\"},\"thumbnailUrl\":\"https:\\\/\\\/petiteprovence.cz\\\/wp-content\\\/uploads\\\/2025\\\/12\\\/att.De0sTTtPKswYrPU8_W7oNleZZXgc1GZVBTLugNbL4Jg.jpeg\",\"datePublished\":\"2025-12-02T10:24:46+00:00\",\"dateModified\":\"2025-12-02T10:24:47+00:00\",\"breadcrumb\":{\"@id\":\"https:\\\/\\\/petiteprovence.cz\\\/en\\\/produkt\\\/male-venkovske-domecky-na-poveseni\\\/#breadcrumb\"},\"inLanguage\":\"en-US\",\"potentialAction\":[{\"@type\":\"ReadAction\",\"target\":[\"https:\\\/\\\/petiteprovence.cz\\\/en\\\/produkt\\\/male-venkovske-domecky-na-poveseni\\\/\"]}]},{\"@type\":\"ImageObject\",\"inLanguage\":\"en-US\",\"@id\":\"https:\\\/\\\/petiteprovence.cz\\\/en\\\/produkt\\\/male-venkovske-domecky-na-poveseni\\\/#primaryimage\",\"url\":\"https:\\\/\\\/petiteprovence.cz\\\/wp-content\\\/uploads\\\/2025\\\/12\\\/att.De0sTTtPKswYrPU8_W7oNleZZXgc1GZVBTLugNbL4Jg.jpeg\",\"contentUrl\":\"https:\\\/\\\/petiteprovence.cz\\\/wp-content\\\/uploads\\\/2025\\\/12\\\/att.De0sTTtPKswYrPU8_W7oNleZZXgc1GZVBTLugNbL4Jg.jpeg\",\"width\":1338,\"height\":1338},{\"@type\":\"BreadcrumbList\",\"@id\":\"https:\\\/\\\/petiteprovence.cz\\\/en\\\/produkt\\\/male-venkovske-domecky-na-poveseni\\\/#breadcrumb\",\"itemListElement\":[{\"@type\":\"ListItem\",\"position\":1,\"name\":\"Home\",\"item\":\"https:\\\/\\\/petiteprovence.cz\\\/en\\\/\"},{\"@type\":\"ListItem\",\"position\":2,\"name\":\"Shop\",\"item\":\"https:\\\/\\\/petiteprovence.cz\\\/en\\\/shop\\\/\"},{\"@type\":\"ListItem\",\"position\":3,\"name\":\"Mal\u00e9 venkovsk\u00e9 dome\u010dky na pov\u011b\u0161en\u00ed\"}]},{\"@type\":\"WebSite\",\"@id\":\"https:\\\/\\\/petiteprovence.cz\\\/en\\\/#website\",\"url\":\"https:\\\/\\\/petiteprovence.cz\\\/en\\\/\",\"name\":\"PetiteProvence.cz\",\"description\":\"\",\"publisher\":{\"@id\":\"https:\\\/\\\/petiteprovence.cz\\\/en\\\/#organization\"},\"potentialAction\":[{\"@type\":\"SearchAction\",\"target\":{\"@type\":\"EntryPoint\",\"urlTemplate\":\"https:\\\/\\\/petiteprovence.cz\\\/en\\\/?s={search_term_string}\"},\"query-input\":{\"@type\":\"PropertyValueSpecification\",\"valueRequired\":true,\"valueName\":\"search_term_string\"}}],\"inLanguage\":\"en-US\"},{\"@type\":[\"Organization\",\"Place\",\"HomeGoodsStore\"],\"@id\":\"https:\\\/\\\/petiteprovence.cz\\\/en\\\/#organization\",\"name\":\"PetiteProvence.cz\",\"url\":\"https:\\\/\\\/petiteprovence.cz\\\/en\\\/\",\"logo\":{\"@id\":\"https:\\\/\\\/petiteprovence.cz\\\/en\\\/produkt\\\/male-venkovske-domecky-na-poveseni\\\/#local-main-organization-logo\"},\"image\":{\"@id\":\"https:\\\/\\\/petiteprovence.cz\\\/en\\\/produkt\\\/male-venkovske-domecky-na-poveseni\\\/#local-main-organization-logo\"},\"sameAs\":[\"https:\\\/\\\/www.facebook.com\\\/provencehandmade\",\"https:\\\/\\\/x.com\\\/_PetiteProvence\",\"https:\\\/\\\/www.instagram.com\\\/petite.provence\\\/\",\"https:\\\/\\\/cz.pinterest.com\\\/petiteprovence_cz\"],\"legalName\":\"Petite Provence s.r.o.\",\"foundingDate\":\"2022-05-23\",\"numberOfEmployees\":{\"@type\":\"QuantitativeValue\",\"minValue\":\"1\",\"maxValue\":\"10\"},\"address\":{\"@id\":\"https:\\\/\\\/petiteprovence.cz\\\/en\\\/produkt\\\/male-venkovske-domecky-na-poveseni\\\/#local-main-place-address\"},\"geo\":{\"@type\":\"GeoCoordinates\",\"latitude\":\"50.0756404\",\"longitude\":\"14.5077825\"},\"telephone\":[\"+420212248480\"],\"openingHoursSpecification\":{\"@type\":\"OpeningHoursSpecification\",\"dayOfWeek\":[\"Monday\",\"Tuesday\",\"Wednesday\",\"Thursday\",\"Friday\",\"Saturday\",\"Sunday\"],\"opens\":\"00:00\",\"closes\":\"23:59\"},\"email\":\"info@petiteprovence.cz\",\"areaServed\":\"Czech Republic, Slovak Republic, EU\",\"taxID\":\"17167051\",\"currenciesAccepted\":\"CZK, EUR\",\"paymentAccepted\":\"credit card, cash\"},{\"@type\":\"PostalAddress\",\"@id\":\"https:\\\/\\\/petiteprovence.cz\\\/en\\\/produkt\\\/male-venkovske-domecky-na-poveseni\\\/#local-main-place-address\",\"streetAddress\":\"T\u0159ebohostick\u00e1 3069\\\/14\",\"addressLocality\":\"Praha 10\",\"postalCode\":\"100 00\",\"addressRegion\":\"Praha\",\"addressCountry\":\"CZ\"},{\"@type\":\"ImageObject\",\"inLanguage\":\"en-US\",\"@id\":\"https:\\\/\\\/petiteprovence.cz\\\/en\\\/produkt\\\/male-venkovske-domecky-na-poveseni\\\/#local-main-organization-logo\",\"url\":\"https:\\\/\\\/petiteprovence.cz\\\/wp-content\\\/uploads\\\/PetiteProvence.cz-logo-800x800-1.jpg\",\"contentUrl\":\"https:\\\/\\\/petiteprovence.cz\\\/wp-content\\\/uploads\\\/PetiteProvence.cz-logo-800x800-1.jpg\",\"width\":800,\"height\":800,\"caption\":\"PetiteProvence.cz\"}]}<\/script>\n<meta property=\"product:brand\" content=\"PetiteProvence.cz\" \/>\n<meta property=\"product:price:amount\" content=\"250.00\" \/>\n<meta property=\"product:price:currency\" content=\"CZK\" \/>\n<meta property=\"og:availability\" content=\"instock\" \/>\n<meta property=\"product:availability\" content=\"instock\" \/>\n<meta property=\"product:condition\" content=\"new\" \/>\n<meta name=\"geo.placename\" content=\"Praha 10\" \/>\n<meta name=\"geo.position\" content=\"50.0756404;14.5077825\" \/>\n<meta name=\"geo.region\" content=\"Czech Republic\" \/>\n<!-- \/ Yoast SEO Premium plugin. -->","yoast_head_json":{"title":"Mal\u00e9 venkovsk\u00e9 dome\u010dky na pov\u011b\u0161en\u00ed - PetiteProvence.cz","robots":{"index":"index","follow":"follow","max-snippet":"max-snippet:-1","max-image-preview":"max-image-preview:large","max-video-preview":"max-video-preview:-1"},"canonical":"https:\/\/petiteprovence.cz\/en\/produkt\/male-venkovske-domecky-na-poveseni\/","og_locale":"en_US","og_type":"article","og_title":"Mal\u00e9 venkovsk\u00e9 dome\u010dky na pov\u011b\u0161en\u00ed","og_description":"Vytvo\u0159te si doma kouzelnou atmosf\u00e9ru s t\u011bmito ru\u010dn\u011b vyr\u00e1b\u011bn\u00fdmi d\u0159ev\u011bn\u00fdmi mini dome\u010dky. Ka\u017ed\u00fd kousek je origin\u00e1l \u2013 s jemn\u00fdmi detaily a folkl\u00f3rn\u00edm vzorem, kter\u00fd dod\u00e1v\u00e1 dekoraci jedine\u010dn\u00fd p\u016fvab.  Dome\u010dky maj\u00ed p\u0159\u00edrodn\u00ed d\u0159ev\u011bnou st\u0159echu, b\u00edl\u00e9 zdoben\u00ed a drobn\u00e1 srd\u00ed\u010dka, kter\u00e1 podtrhuj\u00ed jejich romantick\u00fd vzhled. D\u00edky jutov\u00e9 \u0161\u0148\u016frce je m\u016f\u017eete snadno zav\u011bsit na v\u011btvi\u010dku, v\u00e1no\u010dn\u00ed stromek, v\u011bnec nebo jen tak polo\u017eit na poli\u010dku.  Ru\u010dn\u00ed v\u00fdroba P\u0159\u00edrodn\u00ed materi\u00e1l Folkl\u00f3rn\u00ed zdoben\u00ed Ide\u00e1ln\u00ed na V\u00e1noce i celoro\u010dn\u00ed dekorov\u00e1n\u00ed  Perfektn\u00ed d\u00e1rek pro milovn\u00edky venkovsk\u00e9ho stylu a \u00fatuln\u00fdch dekorac\u00ed.  Sada obsahuje 6 kus\u016f dome\u010dk\u016f . Rozm\u011br jednoho dome\u010dku: cca 4 x 3 x 4,5 cm","og_url":"https:\/\/petiteprovence.cz\/en\/produkt\/male-venkovske-domecky-na-poveseni\/","og_site_name":"PetiteProvence.cz","article_publisher":"https:\/\/www.facebook.com\/provencehandmade","article_modified_time":"2025-12-02T10:24:47+00:00","og_image":[{"width":1338,"height":1338,"url":"https:\/\/petiteprovence.cz\/wp-content\/uploads\/2025\/12\/att.De0sTTtPKswYrPU8_W7oNleZZXgc1GZVBTLugNbL4Jg.jpeg","type":"image\/jpeg"}],"twitter_card":"summary_large_image","twitter_site":"@_PetiteProvence","schema":{"@context":"https:\/\/schema.org","@graph":[{"@type":["WebPage","ItemPage"],"@id":"https:\/\/petiteprovence.cz\/en\/produkt\/male-venkovske-domecky-na-poveseni\/","url":"https:\/\/petiteprovence.cz\/en\/produkt\/male-venkovske-domecky-na-poveseni\/","name":"Mal\u00e9 venkovsk\u00e9 dome\u010dky na pov\u011b\u0161en\u00ed - PetiteProvence.cz","isPartOf":{"@id":"https:\/\/petiteprovence.cz\/en\/#website"},"primaryImageOfPage":{"@id":"https:\/\/petiteprovence.cz\/en\/produkt\/male-venkovske-domecky-na-poveseni\/#primaryimage"},"image":{"@id":"https:\/\/petiteprovence.cz\/en\/produkt\/male-venkovske-domecky-na-poveseni\/#primaryimage"},"thumbnailUrl":"https:\/\/petiteprovence.cz\/wp-content\/uploads\/2025\/12\/att.De0sTTtPKswYrPU8_W7oNleZZXgc1GZVBTLugNbL4Jg.jpeg","datePublished":"2025-12-02T10:24:46+00:00","dateModified":"2025-12-02T10:24:47+00:00","breadcrumb":{"@id":"https:\/\/petiteprovence.cz\/en\/produkt\/male-venkovske-domecky-na-poveseni\/#breadcrumb"},"inLanguage":"en-US","potentialAction":[{"@type":"ReadAction","target":["https:\/\/petiteprovence.cz\/en\/produkt\/male-venkovske-domecky-na-poveseni\/"]}]},{"@type":"ImageObject","inLanguage":"en-US","@id":"https:\/\/petiteprovence.cz\/en\/produkt\/male-venkovske-domecky-na-poveseni\/#primaryimage","url":"https:\/\/petiteprovence.cz\/wp-content\/uploads\/2025\/12\/att.De0sTTtPKswYrPU8_W7oNleZZXgc1GZVBTLugNbL4Jg.jpeg","contentUrl":"https:\/\/petiteprovence.cz\/wp-content\/uploads\/2025\/12\/att.De0sTTtPKswYrPU8_W7oNleZZXgc1GZVBTLugNbL4Jg.jpeg","width":1338,"height":1338},{"@type":"BreadcrumbList","@id":"https:\/\/petiteprovence.cz\/en\/produkt\/male-venkovske-domecky-na-poveseni\/#breadcrumb","itemListElement":[{"@type":"ListItem","position":1,"name":"Home","item":"https:\/\/petiteprovence.cz\/en\/"},{"@type":"ListItem","position":2,"name":"Shop","item":"https:\/\/petiteprovence.cz\/en\/shop\/"},{"@type":"ListItem","position":3,"name":"Mal\u00e9 venkovsk\u00e9 dome\u010dky na pov\u011b\u0161en\u00ed"}]},{"@type":"WebSite","@id":"https:\/\/petiteprovence.cz\/en\/#website","url":"https:\/\/petiteprovence.cz\/en\/","name":"PetiteProvence.cz","description":"","publisher":{"@id":"https:\/\/petiteprovence.cz\/en\/#organization"},"potentialAction":[{"@type":"SearchAction","target":{"@type":"EntryPoint","urlTemplate":"https:\/\/petiteprovence.cz\/en\/?s={search_term_string}"},"query-input":{"@type":"PropertyValueSpecification","valueRequired":true,"valueName":"search_term_string"}}],"inLanguage":"en-US"},{"@type":["Organization","Place","HomeGoodsStore"],"@id":"https:\/\/petiteprovence.cz\/en\/#organization","name":"PetiteProvence.cz","url":"https:\/\/petiteprovence.cz\/en\/","logo":{"@id":"https:\/\/petiteprovence.cz\/en\/produkt\/male-venkovske-domecky-na-poveseni\/#local-main-organization-logo"},"image":{"@id":"https:\/\/petiteprovence.cz\/en\/produkt\/male-venkovske-domecky-na-poveseni\/#local-main-organization-logo"},"sameAs":["https:\/\/www.facebook.com\/provencehandmade","https:\/\/x.com\/_PetiteProvence","https:\/\/www.instagram.com\/petite.provence\/","https:\/\/cz.pinterest.com\/petiteprovence_cz"],"legalName":"Petite Provence s.r.o.","foundingDate":"2022-05-23","numberOfEmployees":{"@type":"QuantitativeValue","minValue":"1","maxValue":"10"},"address":{"@id":"https:\/\/petiteprovence.cz\/en\/produkt\/male-venkovske-domecky-na-poveseni\/#local-main-place-address"},"geo":{"@type":"GeoCoordinates","latitude":"50.0756404","longitude":"14.5077825"},"telephone":["+420212248480"],"openingHoursSpecification":{"@type":"OpeningHoursSpecification","dayOfWeek":["Monday","Tuesday","Wednesday","Thursday","Friday","Saturday","Sunday"],"opens":"00:00","closes":"23:59"},"email":"info@petiteprovence.cz","areaServed":"Czech Republic, Slovak Republic, EU","taxID":"17167051","currenciesAccepted":"CZK, EUR","paymentAccepted":"credit card, cash"},{"@type":"PostalAddress","@id":"https:\/\/petiteprovence.cz\/en\/produkt\/male-venkovske-domecky-na-poveseni\/#local-main-place-address","streetAddress":"T\u0159ebohostick\u00e1 3069\/14","addressLocality":"Praha 10","postalCode":"100 00","addressRegion":"Praha","addressCountry":"CZ"},{"@type":"ImageObject","inLanguage":"en-US","@id":"https:\/\/petiteprovence.cz\/en\/produkt\/male-venkovske-domecky-na-poveseni\/#local-main-organization-logo","url":"https:\/\/petiteprovence.cz\/wp-content\/uploads\/PetiteProvence.cz-logo-800x800-1.jpg","contentUrl":"https:\/\/petiteprovence.cz\/wp-content\/uploads\/PetiteProvence.cz-logo-800x800-1.jpg","width":800,"height":800,"caption":"PetiteProvence.cz"}]},"product_brand":"PetiteProvence.cz","product_price_amount":"250.00","product_price_currency":"CZK","og_availability":"instock","product_availability":"instock","product_condition":"new","geo.placename":"Praha 10","geo.position":{"lat":"50.0756404","long":"14.5077825"},"geo.region":"Czech Republic"},"_links":{"self":[{"href":"https:\/\/petiteprovence.cz\/en\/wp-json\/wp\/v2\/product\/17197","targetHints":{"allow":["GET"]}}],"collection":[{"href":"https:\/\/petiteprovence.cz\/en\/wp-json\/wp\/v2\/product"}],"about":[{"href":"https:\/\/petiteprovence.cz\/en\/wp-json\/wp\/v2\/types\/product"}],"wp:featuredmedia":[{"embeddable":true,"href":"https:\/\/petiteprovence.cz\/en\/wp-json\/wp\/v2\/media\/17198"}],"wp:attachment":[{"href":"https:\/\/petiteprovence.cz\/en\/wp-json\/wp\/v2\/media?parent=17197"}],"wp:term":[{"taxonomy":"brand","embeddable":true,"href":"https:\/\/petiteprovence.cz\/en\/wp-json\/wp\/v2\/etheme_brands?post=17197"},{"taxonomy":"product_brand","embeddable":true,"href":"https:\/\/petiteprovence.cz\/en\/wp-json\/wp\/v2\/product_brand?post=17197"},{"taxonomy":"product_cat","embeddable":true,"href":"https:\/\/petiteprovence.cz\/en\/wp-json\/wp\/v2\/product_cat?post=17197"},{"taxonomy":"product_tag","embeddable":true,"href":"https:\/\/petiteprovence.cz\/en\/wp-json\/wp\/v2\/product_tag?post=17197"}],"curies":[{"name":"wp","href":"https:\/\/api.w.org\/{rel}","templated":true}]}}