{"id":17656,"date":"2026-04-20T14:00:55","date_gmt":"2026-04-20T12:00:55","guid":{"rendered":"https:\/\/petiteprovence.cz\/?post_type=product&#038;p=17656"},"modified":"2026-04-20T14:00:56","modified_gmt":"2026-04-20T12:00:56","slug":"srdce-zelene-s-patinou-vitejte","status":"publish","type":"product","link":"https:\/\/petiteprovence.cz\/en\/produkt\/srdce-zelene-s-patinou-vitejte\/","title":{"rendered":"Srdce zelen\u00e9 s patinou &#8211; V\u00edtejte"},"content":{"rendered":"","protected":false},"excerpt":{"rendered":"<p>Kr\u00e1sn\u00e9 d\u0159ev\u011bn\u00e9 srd\u00ed\u010dko v zelen\u00e9 barv\u011b s patinou . Plastick\u00fd vy\u0159ez\u00e1van\u00fd d\u0159ev\u011bn\u00fd n\u00e1pis &#8220;V\u00edtejte&#8221; uvnit\u0159 srd\u00ed\u010dka \u00a0. Srd\u00ed\u010dko je vhodn\u00e9 jako dopln\u011bk do v\u011bne\u010dk\u016f a dal\u0161\u00edch dekorac\u00ed , nebo i samostatn\u011b . Na p\u0159\u00e1n\u00ed je mo\u017enost i s navrtanou d\u00edrkou na pov\u011b\u0161en\u00ed &#8211; zadejte po\u017eadavek do pozn\u00e1mky k objedn\u00e1vce.<br \/>\nrozm\u011br : 9 x 8 cm<\/p>\n","protected":false},"featured_media":17657,"template":"","meta":[],"etheme_brands":[{"term_id":50,"name":"PetiteProvence.cz","slug":"petiteprovence-cz-en","term_group":0,"term_taxonomy_id":50,"taxonomy":"brand","description":"[block id=6702]","parent":0,"count":410,"filter":"raw"}],"product_brand":[],"product_cat":[38],"product_tag":[],"class_list":{"0":"post-17656","1":"product","2":"type-product","3":"status-publish","4":"has-post-thumbnail","6":"brand-petiteprovence-cz","7":"product_cat-prizdoby-do-vencu-a-dekoraci","9":"first","10":"instock","11":"shipping-taxable","12":"purchasable","13":"product-type-simple"},"yoast_head":"<!-- This site is optimized with the Yoast SEO Premium plugin v27.4 (Yoast SEO v27.4) - https:\/\/yoast.com\/product\/yoast-seo-premium-wordpress\/ -->\n<title>Srdce zelen\u00e9 s patinou - V\u00edtejte - PetiteProvence.cz<\/title>\n<meta name=\"robots\" content=\"index, follow, max-snippet:-1, max-image-preview:large, max-video-preview:-1\" \/>\n<link rel=\"canonical\" href=\"https:\/\/petiteprovence.cz\/en\/produkt\/srdce-zelene-s-patinou-vitejte\/\" \/>\n<meta property=\"og:locale\" content=\"en_US\" \/>\n<meta property=\"og:type\" content=\"article\" \/>\n<meta property=\"og:title\" content=\"Srdce zelen\u00e9 s patinou - V\u00edtejte\" \/>\n<meta property=\"og:description\" content=\"Kr\u00e1sn\u00e9 d\u0159ev\u011bn\u00e9 srd\u00ed\u010dko v zelen\u00e9 barv\u011b s patinou . Plastick\u00fd vy\u0159ez\u00e1van\u00fd d\u0159ev\u011bn\u00fd n\u00e1pis &quot;V\u00edtejte&quot; uvnit\u0159 srd\u00ed\u010dka \u00a0. Srd\u00ed\u010dko je vhodn\u00e9 jako dopln\u011bk do v\u011bne\u010dk\u016f a dal\u0161\u00edch dekorac\u00ed , nebo i samostatn\u011b . Na p\u0159\u00e1n\u00ed je mo\u017enost i s navrtanou d\u00edrkou na pov\u011b\u0161en\u00ed - zadejte po\u017eadavek do pozn\u00e1mky k objedn\u00e1vce. rozm\u011br : 9 x 8 cm\" \/>\n<meta property=\"og:url\" content=\"https:\/\/petiteprovence.cz\/en\/produkt\/srdce-zelene-s-patinou-vitejte\/\" \/>\n<meta property=\"og:site_name\" content=\"PetiteProvence.cz\" \/>\n<meta property=\"article:publisher\" content=\"https:\/\/www.facebook.com\/provencehandmade\" \/>\n<meta property=\"article:modified_time\" content=\"2026-04-20T12:00:56+00:00\" \/>\n<meta property=\"og:image\" content=\"https:\/\/petiteprovence.cz\/wp-content\/uploads\/2026\/04\/att.ryNZoRWOBubGmEBkBbEumA0Wjhkl4-_qofcLIxxDt_0.jpeg\" \/>\n\t<meta property=\"og:image:width\" content=\"1365\" \/>\n\t<meta property=\"og:image:height\" content=\"1365\" \/>\n\t<meta property=\"og:image:type\" content=\"image\/jpeg\" \/>\n<meta name=\"twitter:card\" content=\"summary_large_image\" \/>\n<meta name=\"twitter:site\" content=\"@_PetiteProvence\" \/>\n<script type=\"application\/ld+json\" class=\"yoast-schema-graph\">{\"@context\":\"https:\\\/\\\/schema.org\",\"@graph\":[{\"@type\":[\"WebPage\",\"ItemPage\"],\"@id\":\"https:\\\/\\\/petiteprovence.cz\\\/en\\\/produkt\\\/srdce-zelene-s-patinou-vitejte\\\/\",\"url\":\"https:\\\/\\\/petiteprovence.cz\\\/en\\\/produkt\\\/srdce-zelene-s-patinou-vitejte\\\/\",\"name\":\"Srdce zelen\u00e9 s patinou - V\u00edtejte - PetiteProvence.cz\",\"isPartOf\":{\"@id\":\"https:\\\/\\\/petiteprovence.cz\\\/en\\\/#website\"},\"primaryImageOfPage\":{\"@id\":\"https:\\\/\\\/petiteprovence.cz\\\/en\\\/produkt\\\/srdce-zelene-s-patinou-vitejte\\\/#primaryimage\"},\"image\":{\"@id\":\"https:\\\/\\\/petiteprovence.cz\\\/en\\\/produkt\\\/srdce-zelene-s-patinou-vitejte\\\/#primaryimage\"},\"thumbnailUrl\":\"https:\\\/\\\/petiteprovence.cz\\\/wp-content\\\/uploads\\\/2026\\\/04\\\/att.ryNZoRWOBubGmEBkBbEumA0Wjhkl4-_qofcLIxxDt_0.jpeg\",\"datePublished\":\"2026-04-20T12:00:55+00:00\",\"dateModified\":\"2026-04-20T12:00:56+00:00\",\"breadcrumb\":{\"@id\":\"https:\\\/\\\/petiteprovence.cz\\\/en\\\/produkt\\\/srdce-zelene-s-patinou-vitejte\\\/#breadcrumb\"},\"inLanguage\":\"en-US\",\"potentialAction\":[{\"@type\":\"ReadAction\",\"target\":[\"https:\\\/\\\/petiteprovence.cz\\\/en\\\/produkt\\\/srdce-zelene-s-patinou-vitejte\\\/\"]}]},{\"@type\":\"ImageObject\",\"inLanguage\":\"en-US\",\"@id\":\"https:\\\/\\\/petiteprovence.cz\\\/en\\\/produkt\\\/srdce-zelene-s-patinou-vitejte\\\/#primaryimage\",\"url\":\"https:\\\/\\\/petiteprovence.cz\\\/wp-content\\\/uploads\\\/2026\\\/04\\\/att.ryNZoRWOBubGmEBkBbEumA0Wjhkl4-_qofcLIxxDt_0.jpeg\",\"contentUrl\":\"https:\\\/\\\/petiteprovence.cz\\\/wp-content\\\/uploads\\\/2026\\\/04\\\/att.ryNZoRWOBubGmEBkBbEumA0Wjhkl4-_qofcLIxxDt_0.jpeg\",\"width\":1365,\"height\":1365},{\"@type\":\"BreadcrumbList\",\"@id\":\"https:\\\/\\\/petiteprovence.cz\\\/en\\\/produkt\\\/srdce-zelene-s-patinou-vitejte\\\/#breadcrumb\",\"itemListElement\":[{\"@type\":\"ListItem\",\"position\":1,\"name\":\"Home\",\"item\":\"https:\\\/\\\/petiteprovence.cz\\\/en\\\/\"},{\"@type\":\"ListItem\",\"position\":2,\"name\":\"Shop\",\"item\":\"https:\\\/\\\/petiteprovence.cz\\\/en\\\/shop\\\/\"},{\"@type\":\"ListItem\",\"position\":3,\"name\":\"Srdce zelen\u00e9 s patinou &#8211; V\u00edtejte\"}]},{\"@type\":\"WebSite\",\"@id\":\"https:\\\/\\\/petiteprovence.cz\\\/en\\\/#website\",\"url\":\"https:\\\/\\\/petiteprovence.cz\\\/en\\\/\",\"name\":\"PetiteProvence.cz\",\"description\":\"\",\"publisher\":{\"@id\":\"https:\\\/\\\/petiteprovence.cz\\\/en\\\/#organization\"},\"potentialAction\":[{\"@type\":\"SearchAction\",\"target\":{\"@type\":\"EntryPoint\",\"urlTemplate\":\"https:\\\/\\\/petiteprovence.cz\\\/en\\\/?s={search_term_string}\"},\"query-input\":{\"@type\":\"PropertyValueSpecification\",\"valueRequired\":true,\"valueName\":\"search_term_string\"}}],\"inLanguage\":\"en-US\"},{\"@type\":[\"Organization\",\"Place\",\"HomeGoodsStore\"],\"@id\":\"https:\\\/\\\/petiteprovence.cz\\\/en\\\/#organization\",\"name\":\"PetiteProvence.cz\",\"url\":\"https:\\\/\\\/petiteprovence.cz\\\/en\\\/\",\"logo\":{\"@id\":\"https:\\\/\\\/petiteprovence.cz\\\/en\\\/produkt\\\/srdce-zelene-s-patinou-vitejte\\\/#local-main-organization-logo\"},\"image\":{\"@id\":\"https:\\\/\\\/petiteprovence.cz\\\/en\\\/produkt\\\/srdce-zelene-s-patinou-vitejte\\\/#local-main-organization-logo\"},\"sameAs\":[\"https:\\\/\\\/www.facebook.com\\\/provencehandmade\",\"https:\\\/\\\/x.com\\\/_PetiteProvence\",\"https:\\\/\\\/www.instagram.com\\\/petite.provence\\\/\",\"https:\\\/\\\/cz.pinterest.com\\\/petiteprovence_cz\"],\"legalName\":\"Petite Provence s.r.o.\",\"foundingDate\":\"2022-05-23\",\"numberOfEmployees\":{\"@type\":\"QuantitativeValue\",\"minValue\":\"1\",\"maxValue\":\"10\"},\"address\":{\"@id\":\"https:\\\/\\\/petiteprovence.cz\\\/en\\\/produkt\\\/srdce-zelene-s-patinou-vitejte\\\/#local-main-place-address\"},\"geo\":{\"@type\":\"GeoCoordinates\",\"latitude\":\"50.0756404\",\"longitude\":\"14.5077825\"},\"telephone\":[\"+420212248480\"],\"openingHoursSpecification\":{\"@type\":\"OpeningHoursSpecification\",\"dayOfWeek\":[\"Monday\",\"Tuesday\",\"Wednesday\",\"Thursday\",\"Friday\",\"Saturday\",\"Sunday\"],\"opens\":\"00:00\",\"closes\":\"23:59\"},\"email\":\"info@petiteprovence.cz\",\"areaServed\":\"Czech Republic, Slovak Republic, EU\",\"taxID\":\"17167051\",\"currenciesAccepted\":\"CZK, EUR\",\"paymentAccepted\":\"credit card, cash\"},{\"@type\":\"PostalAddress\",\"@id\":\"https:\\\/\\\/petiteprovence.cz\\\/en\\\/produkt\\\/srdce-zelene-s-patinou-vitejte\\\/#local-main-place-address\",\"streetAddress\":\"T\u0159ebohostick\u00e1 3069\\\/14\",\"addressLocality\":\"Praha 10\",\"postalCode\":\"100 00\",\"addressRegion\":\"Praha\",\"addressCountry\":\"CZ\"},{\"@type\":\"ImageObject\",\"inLanguage\":\"en-US\",\"@id\":\"https:\\\/\\\/petiteprovence.cz\\\/en\\\/produkt\\\/srdce-zelene-s-patinou-vitejte\\\/#local-main-organization-logo\",\"url\":\"https:\\\/\\\/petiteprovence.cz\\\/wp-content\\\/uploads\\\/PetiteProvence.cz-logo-800x800-1.jpg\",\"contentUrl\":\"https:\\\/\\\/petiteprovence.cz\\\/wp-content\\\/uploads\\\/PetiteProvence.cz-logo-800x800-1.jpg\",\"width\":800,\"height\":800,\"caption\":\"PetiteProvence.cz\"}]}<\/script>\n<meta property=\"product:brand\" content=\"PetiteProvence.cz\" \/>\n<meta property=\"product:price:amount\" content=\"35.00\" \/>\n<meta property=\"product:price:currency\" content=\"CZK\" \/>\n<meta property=\"og:availability\" content=\"instock\" \/>\n<meta property=\"product:availability\" content=\"instock\" \/>\n<meta property=\"product:condition\" content=\"new\" \/>\n<meta name=\"geo.placename\" content=\"Praha 10\" \/>\n<meta name=\"geo.position\" content=\"50.0756404;14.5077825\" \/>\n<meta name=\"geo.region\" content=\"Czech Republic\" \/>\n<!-- \/ Yoast SEO Premium plugin. -->","yoast_head_json":{"title":"Srdce zelen\u00e9 s patinou - V\u00edtejte - PetiteProvence.cz","robots":{"index":"index","follow":"follow","max-snippet":"max-snippet:-1","max-image-preview":"max-image-preview:large","max-video-preview":"max-video-preview:-1"},"canonical":"https:\/\/petiteprovence.cz\/en\/produkt\/srdce-zelene-s-patinou-vitejte\/","og_locale":"en_US","og_type":"article","og_title":"Srdce zelen\u00e9 s patinou - V\u00edtejte","og_description":"Kr\u00e1sn\u00e9 d\u0159ev\u011bn\u00e9 srd\u00ed\u010dko v zelen\u00e9 barv\u011b s patinou . Plastick\u00fd vy\u0159ez\u00e1van\u00fd d\u0159ev\u011bn\u00fd n\u00e1pis \"V\u00edtejte\" uvnit\u0159 srd\u00ed\u010dka \u00a0. Srd\u00ed\u010dko je vhodn\u00e9 jako dopln\u011bk do v\u011bne\u010dk\u016f a dal\u0161\u00edch dekorac\u00ed , nebo i samostatn\u011b . Na p\u0159\u00e1n\u00ed je mo\u017enost i s navrtanou d\u00edrkou na pov\u011b\u0161en\u00ed - zadejte po\u017eadavek do pozn\u00e1mky k objedn\u00e1vce. rozm\u011br : 9 x 8 cm","og_url":"https:\/\/petiteprovence.cz\/en\/produkt\/srdce-zelene-s-patinou-vitejte\/","og_site_name":"PetiteProvence.cz","article_publisher":"https:\/\/www.facebook.com\/provencehandmade","article_modified_time":"2026-04-20T12:00:56+00:00","og_image":[{"width":1365,"height":1365,"url":"https:\/\/petiteprovence.cz\/wp-content\/uploads\/2026\/04\/att.ryNZoRWOBubGmEBkBbEumA0Wjhkl4-_qofcLIxxDt_0.jpeg","type":"image\/jpeg"}],"twitter_card":"summary_large_image","twitter_site":"@_PetiteProvence","schema":{"@context":"https:\/\/schema.org","@graph":[{"@type":["WebPage","ItemPage"],"@id":"https:\/\/petiteprovence.cz\/en\/produkt\/srdce-zelene-s-patinou-vitejte\/","url":"https:\/\/petiteprovence.cz\/en\/produkt\/srdce-zelene-s-patinou-vitejte\/","name":"Srdce zelen\u00e9 s patinou - V\u00edtejte - PetiteProvence.cz","isPartOf":{"@id":"https:\/\/petiteprovence.cz\/en\/#website"},"primaryImageOfPage":{"@id":"https:\/\/petiteprovence.cz\/en\/produkt\/srdce-zelene-s-patinou-vitejte\/#primaryimage"},"image":{"@id":"https:\/\/petiteprovence.cz\/en\/produkt\/srdce-zelene-s-patinou-vitejte\/#primaryimage"},"thumbnailUrl":"https:\/\/petiteprovence.cz\/wp-content\/uploads\/2026\/04\/att.ryNZoRWOBubGmEBkBbEumA0Wjhkl4-_qofcLIxxDt_0.jpeg","datePublished":"2026-04-20T12:00:55+00:00","dateModified":"2026-04-20T12:00:56+00:00","breadcrumb":{"@id":"https:\/\/petiteprovence.cz\/en\/produkt\/srdce-zelene-s-patinou-vitejte\/#breadcrumb"},"inLanguage":"en-US","potentialAction":[{"@type":"ReadAction","target":["https:\/\/petiteprovence.cz\/en\/produkt\/srdce-zelene-s-patinou-vitejte\/"]}]},{"@type":"ImageObject","inLanguage":"en-US","@id":"https:\/\/petiteprovence.cz\/en\/produkt\/srdce-zelene-s-patinou-vitejte\/#primaryimage","url":"https:\/\/petiteprovence.cz\/wp-content\/uploads\/2026\/04\/att.ryNZoRWOBubGmEBkBbEumA0Wjhkl4-_qofcLIxxDt_0.jpeg","contentUrl":"https:\/\/petiteprovence.cz\/wp-content\/uploads\/2026\/04\/att.ryNZoRWOBubGmEBkBbEumA0Wjhkl4-_qofcLIxxDt_0.jpeg","width":1365,"height":1365},{"@type":"BreadcrumbList","@id":"https:\/\/petiteprovence.cz\/en\/produkt\/srdce-zelene-s-patinou-vitejte\/#breadcrumb","itemListElement":[{"@type":"ListItem","position":1,"name":"Home","item":"https:\/\/petiteprovence.cz\/en\/"},{"@type":"ListItem","position":2,"name":"Shop","item":"https:\/\/petiteprovence.cz\/en\/shop\/"},{"@type":"ListItem","position":3,"name":"Srdce zelen\u00e9 s patinou &#8211; V\u00edtejte"}]},{"@type":"WebSite","@id":"https:\/\/petiteprovence.cz\/en\/#website","url":"https:\/\/petiteprovence.cz\/en\/","name":"PetiteProvence.cz","description":"","publisher":{"@id":"https:\/\/petiteprovence.cz\/en\/#organization"},"potentialAction":[{"@type":"SearchAction","target":{"@type":"EntryPoint","urlTemplate":"https:\/\/petiteprovence.cz\/en\/?s={search_term_string}"},"query-input":{"@type":"PropertyValueSpecification","valueRequired":true,"valueName":"search_term_string"}}],"inLanguage":"en-US"},{"@type":["Organization","Place","HomeGoodsStore"],"@id":"https:\/\/petiteprovence.cz\/en\/#organization","name":"PetiteProvence.cz","url":"https:\/\/petiteprovence.cz\/en\/","logo":{"@id":"https:\/\/petiteprovence.cz\/en\/produkt\/srdce-zelene-s-patinou-vitejte\/#local-main-organization-logo"},"image":{"@id":"https:\/\/petiteprovence.cz\/en\/produkt\/srdce-zelene-s-patinou-vitejte\/#local-main-organization-logo"},"sameAs":["https:\/\/www.facebook.com\/provencehandmade","https:\/\/x.com\/_PetiteProvence","https:\/\/www.instagram.com\/petite.provence\/","https:\/\/cz.pinterest.com\/petiteprovence_cz"],"legalName":"Petite Provence s.r.o.","foundingDate":"2022-05-23","numberOfEmployees":{"@type":"QuantitativeValue","minValue":"1","maxValue":"10"},"address":{"@id":"https:\/\/petiteprovence.cz\/en\/produkt\/srdce-zelene-s-patinou-vitejte\/#local-main-place-address"},"geo":{"@type":"GeoCoordinates","latitude":"50.0756404","longitude":"14.5077825"},"telephone":["+420212248480"],"openingHoursSpecification":{"@type":"OpeningHoursSpecification","dayOfWeek":["Monday","Tuesday","Wednesday","Thursday","Friday","Saturday","Sunday"],"opens":"00:00","closes":"23:59"},"email":"info@petiteprovence.cz","areaServed":"Czech Republic, Slovak Republic, EU","taxID":"17167051","currenciesAccepted":"CZK, EUR","paymentAccepted":"credit card, cash"},{"@type":"PostalAddress","@id":"https:\/\/petiteprovence.cz\/en\/produkt\/srdce-zelene-s-patinou-vitejte\/#local-main-place-address","streetAddress":"T\u0159ebohostick\u00e1 3069\/14","addressLocality":"Praha 10","postalCode":"100 00","addressRegion":"Praha","addressCountry":"CZ"},{"@type":"ImageObject","inLanguage":"en-US","@id":"https:\/\/petiteprovence.cz\/en\/produkt\/srdce-zelene-s-patinou-vitejte\/#local-main-organization-logo","url":"https:\/\/petiteprovence.cz\/wp-content\/uploads\/PetiteProvence.cz-logo-800x800-1.jpg","contentUrl":"https:\/\/petiteprovence.cz\/wp-content\/uploads\/PetiteProvence.cz-logo-800x800-1.jpg","width":800,"height":800,"caption":"PetiteProvence.cz"}]},"product_brand":"PetiteProvence.cz","product_price_amount":"35.00","product_price_currency":"CZK","og_availability":"instock","product_availability":"instock","product_condition":"new","geo.placename":"Praha 10","geo.position":{"lat":"50.0756404","long":"14.5077825"},"geo.region":"Czech Republic"},"_links":{"self":[{"href":"https:\/\/petiteprovence.cz\/en\/wp-json\/wp\/v2\/product\/17656","targetHints":{"allow":["GET"]}}],"collection":[{"href":"https:\/\/petiteprovence.cz\/en\/wp-json\/wp\/v2\/product"}],"about":[{"href":"https:\/\/petiteprovence.cz\/en\/wp-json\/wp\/v2\/types\/product"}],"wp:featuredmedia":[{"embeddable":true,"href":"https:\/\/petiteprovence.cz\/en\/wp-json\/wp\/v2\/media\/17657"}],"wp:attachment":[{"href":"https:\/\/petiteprovence.cz\/en\/wp-json\/wp\/v2\/media?parent=17656"}],"wp:term":[{"taxonomy":"brand","embeddable":true,"href":"https:\/\/petiteprovence.cz\/en\/wp-json\/wp\/v2\/etheme_brands?post=17656"},{"taxonomy":"product_brand","embeddable":true,"href":"https:\/\/petiteprovence.cz\/en\/wp-json\/wp\/v2\/product_brand?post=17656"},{"taxonomy":"product_cat","embeddable":true,"href":"https:\/\/petiteprovence.cz\/en\/wp-json\/wp\/v2\/product_cat?post=17656"},{"taxonomy":"product_tag","embeddable":true,"href":"https:\/\/petiteprovence.cz\/en\/wp-json\/wp\/v2\/product_tag?post=17656"}],"curies":[{"name":"wp","href":"https:\/\/api.w.org\/{rel}","templated":true}]}}